{"id":9868,"date":"2024-04-15T17:35:05","date_gmt":"2024-04-15T16:35:05","guid":{"rendered":"https:\/\/opremazakampiranje.si\/?post_type=product&#038;p=9868"},"modified":"2025-06-20T14:16:11","modified_gmt":"2025-06-20T13:16:11","slug":"ultimatron-lifepo4-litijeva-baterija-ubl-12-8v-150ah","status":"publish","type":"product","link":"https:\/\/opremazakampiranje.si\/en\/izdelek\/ultimatron-lifepo4-litijeva-baterija-ubl-12-8v-150ah\/","title":{"rendered":"Ultimatron LiFePO4 Litijeva baterija UBL 12.8V 150Ah"},"content":{"rendered":"\t\t<div data-elementor-type=\"wp-post\" data-elementor-id=\"9868\" class=\"elementor elementor-9868\">\n\t\t\t\t<div class=\"elementor-element elementor-element-4010cbf e-flex e-con-boxed e-con e-parent\" data-id=\"4010cbf\" data-element_type=\"container\">\n\t\t\t\t\t<div class=\"e-con-inner\">\n\t\t\t\t<div class=\"elementor-element elementor-element-790afde elementor-widget elementor-widget-wd_text_block\" data-id=\"790afde\" data-element_type=\"widget\" data-widget_type=\"wd_text_block.default\">\n\t\t\t\t<div class=\"elementor-widget-container\">\n\t\t\t\t\t<div class=\"wd-text-block reset-last-child text-left\">\n\t\t\t\n\t\t\t<h2 style=\"border-style: solid; border-color: #e3e3e3; --tw-border-spacing-x: 0; --tw-border-spacing-y: 0; --tw-translate-x: 0; --tw-translate-y: 0; --tw-rotate: 0; --tw-skew-x: 0; --tw-skew-y: 0; --tw-scale-x: 1; --tw-scale-y: 1; --tw-scroll-snap-strictness: proximity; --tw-ring-offset-width: 0px; --tw-ring-offset-color: #fff; --tw-ring-color: rgba(69,89,164,.5); --tw-ring-offset-shadow: 0 0 transparent; --tw-ring-shadow: 0 0 transparent; --tw-shadow: 0 0 transparent; --tw-shadow-colored: 0 0 transparent; margin-bottom: 1.25em; color: #0d0d0d; font-family: ui-sans-serif, -apple-system, system-ui, 'Segoe UI', Roboto, Ubuntu, Cantarell, 'Noto Sans', sans-serif, Helvetica, 'Apple Color Emoji', Arial, 'Segoe UI Emoji', 'Segoe UI Symbol'; font-size: 16px; font-style: normal; font-variant-ligatures: normal; font-variant-caps: normal; font-weight: 400;\"><span style=\"border-style: solid; border-color: #e3e3e3; --tw-border-spacing-x: 0; --tw-border-spacing-y: 0; --tw-translate-x: 0; --tw-translate-y: 0; --tw-rotate: 0; --tw-skew-x: 0; --tw-skew-y: 0; --tw-scale-x: 1; --tw-scale-y: 1; --tw-scroll-snap-strictness: proximity; --tw-ring-offset-width: 0px; --tw-ring-offset-color: #fff; --tw-ring-color: rgba(69,89,164,.5); --tw-ring-offset-shadow: 0 0 transparent; --tw-ring-shadow: 0 0 transparent; --tw-shadow: 0 0 transparent; --tw-shadow-colored: 0 0 transparent; font-weight: 600; color: var(--tw-prose-bold);\">Ultimatron LiFePO4 12.8V 150Ah litijeva baterija<\/span><\/h2><p style=\"border-style: solid; border-color: #e3e3e3; --tw-border-spacing-x: 0; --tw-border-spacing-y: 0; --tw-translate-x: 0; --tw-translate-y: 0; --tw-rotate: 0; --tw-skew-x: 0; --tw-skew-y: 0; --tw-scale-x: 1; --tw-scale-y: 1; --tw-scroll-snap-strictness: proximity; --tw-ring-offset-width: 0px; --tw-ring-offset-color: #fff; --tw-ring-color: rgba(69,89,164,.5); --tw-ring-offset-shadow: 0 0 transparent; --tw-ring-shadow: 0 0 transparent; --tw-shadow: 0 0 transparent; --tw-shadow-colored: 0 0 transparent; margin-top: 1.25em; margin-bottom: 1.25em; color: #0d0d0d; font-family: ui-sans-serif, -apple-system, system-ui, 'Segoe UI', Roboto, Ubuntu, Cantarell, 'Noto Sans', sans-serif, Helvetica, 'Apple Color Emoji', Arial, 'Segoe UI Emoji', 'Segoe UI Symbol'; font-size: 16px; font-style: normal; font-variant-ligatures: normal; font-variant-caps: normal; font-weight: 400;\">Ultimatron LiFePO4 12.8V 150Ah litijeva baterija je <strong>popolna izbira za vse, ki potrebujejo zanesljiv in zmogljiv vir energije na poti ali na oddaljenih lokacijah.<\/strong> Ta baterija je idealna za navtiko, avtodome, ko\u010de in obmo\u010dja brez elektri\u010dnega omre\u017eja.<strong> Zahvaljujo\u010d svoji napredni tehnologiji LiFePO4, nudi dolgo \u017eivljenjsko dobo, visoko stabilnost in varnost, z zmanj\u0161anim tveganjem za eksplozije ali po\u017ear.<\/strong><\/p><p style=\"border-style: solid; border-color: #e3e3e3; --tw-border-spacing-x: 0; --tw-border-spacing-y: 0; --tw-translate-x: 0; --tw-translate-y: 0; --tw-rotate: 0; --tw-skew-x: 0; --tw-skew-y: 0; --tw-scale-x: 1; --tw-scale-y: 1; --tw-scroll-snap-strictness: proximity; --tw-ring-offset-width: 0px; --tw-ring-offset-color: #fff; --tw-ring-color: rgba(69,89,164,.5); --tw-ring-offset-shadow: 0 0 transparent; --tw-ring-shadow: 0 0 transparent; --tw-shadow: 0 0 transparent; --tw-shadow-colored: 0 0 transparent; margin-top: 1.25em; margin-bottom: 1.25em; color: #0d0d0d; font-family: ui-sans-serif, -apple-system, system-ui, 'Segoe UI', Roboto, Ubuntu, Cantarell, 'Noto Sans', sans-serif, Helvetica, 'Apple Color Emoji', Arial, 'Segoe UI Emoji', 'Segoe UI Symbol'; font-size: 16px; font-style: normal; font-variant-ligatures: normal; font-variant-caps: normal; font-weight: 400;\">Baterija vklju\u010duje integriran sistem za upravljanje (BMS), ki zagotavlja optimalno delovanje in za\u0161\u010dito pred prezgodnjimi okvarami zaradi okoljskih vplivov ali nepravilne uporabe. S 3.000 cikli pri 80% globini praznjenja in zmanj\u0161ano te\u017eo za ve\u010d kot polovico v primerjavi z AGM\/GEL baterijami, je ta litijeva baterija izjemno u\u010dinkovita in priro\u010dna za vsakodnevno uporabo.<\/p><p style=\"border-style: solid; border-color: #e3e3e3; --tw-border-spacing-x: 0; --tw-border-spacing-y: 0; --tw-translate-x: 0; --tw-translate-y: 0; --tw-rotate: 0; --tw-skew-x: 0; --tw-skew-y: 0; --tw-scale-x: 1; --tw-scale-y: 1; --tw-scroll-snap-strictness: proximity; --tw-ring-offset-width: 0px; --tw-ring-offset-color: #fff; --tw-ring-color: rgba(69,89,164,.5); --tw-ring-offset-shadow: 0 0 transparent; --tw-ring-shadow: 0 0 transparent; --tw-shadow: 0 0 transparent; --tw-shadow-colored: 0 0 transparent; margin-top: 1.25em; margin-bottom: 1.25em; color: #0d0d0d; font-family: ui-sans-serif, -apple-system, system-ui, 'Segoe UI', Roboto, Ubuntu, Cantarell, 'Noto Sans', sans-serif, Helvetica, 'Apple Color Emoji', Arial, 'Segoe UI Emoji', 'Segoe UI Symbol'; font-size: 16px; font-style: normal; font-variant-ligatures: normal; font-variant-caps: normal; font-weight: 400;\">Tehni\u010dne specifikacije vklju\u010dujejo nazivno napetost 12,8V, nazivno kapaciteto 150Ah, energijo 1280Wh, za\u0161\u010ditni razred IP65 in bluetooth spremljanje preko aplikacije za enostavno spremljanje stanja baterije.<\/p><h3><span style=\"color: #0d0d0d; font-family: ui-sans-serif, -apple-system, system-ui, 'Segoe UI', Roboto, Ubuntu, Cantarell, 'Noto Sans', sans-serif, Helvetica, 'Apple Color Emoji', Arial, 'Segoe UI Emoji', 'Segoe UI Symbol'; font-size: 16px; font-style: normal; font-variant-ligatures: normal; font-variant-caps: normal; font-weight: 400; text-align: var(--text-align); background-color: var(--bgcolor-white);\">Izberite Ultimatron LiFePO4 12.8V 150Ah litijevo baterijo za zanesljiv in trajen vir energije, kjerkoli jo potrebujete.<\/span><\/h3><h3>Lastnosti<\/h3><ul><li>Dolga \u017eivljenjska doba<\/li><li>Nenehno izbolj\u0161evanje zmogljivosti shranjevanja<\/li><li>Velika stabilnost tudi pod ekstremnimi obremenitvami<\/li><li>Ni potrebno izvajanje popolnih ciklov polnjenja in praznjenja<\/li><li>Visoka zmogljivost tudi v ekstremnih pogojih<\/li><li>Majhne dimenzije in lahek<\/li><li>Vgrajen sistem za upravljanje baterij (BMS)<\/li><\/ul><h3>Dodatni opis<\/h3><p>Omogo\u010da nadzor in polnjenje razli\u010dnih elementov baterije ter jo \u0161\u010diti pred prenapolnjenjem, previsoko<br>napetostjo in pregrevanjem.<br>Opomba: vzporedna povezava s serijami za uporabo pri 12 V, 24 V, 36 V, 48 V.<\/p><p>Vgrajen bluetooth 4.0 za nadzor<\/p><p>Vse pomembne podatke o bateriji imate vedno na svojem pametnem telefonu ali tabli\u010dnem ra\u010dunalniku.<br>Aplikacija prikazuje podatke v realnem \u010dasu.<\/p><p>LiFePO4 baterija Ultimatron 12.8V 150Ah je popolna zamenjava za AGM\/GEL baterijo brez spremembe prvotne strukture. Vklju\u010duje integriran sistem za upravljanje baterije (BMS). Vsaka zgodnja okvara zaradi vplivov okolja ali nepravilne uporabe je prepre\u010dena prezgodaj. Stabilna kemi\u010dna sestava - LiFePO4, brez plinov, brez nevarnosti eksplozije ali po\u017eara.<\/p><h3>Tehni\u010dne specifikacije:<\/h3><ul><li>Nazivna napetost: 12,8V<\/li><li>Nazivna kapaciteta: 150 Ah<\/li><li>Energija: 1280 Wh<\/li><li>\u017divljenjska doba: 3.000 ciklov pri 80% globini praznjenja (DoD)<\/li><li>Polnilna napetost: 14,4 - 14,6 V<\/li><li>Maks. polnilni tok: 50A<\/li><li>Tok praznjenja: 150A<\/li><li>Za\u0161\u010ditni razred: IP65<\/li><li>Te\u017ea: 10,6 kg<\/li><li>Dimenzije: 260 mm x 170 mm x 210 mm (D x \u0160 x V)<\/li><li>Namestitev: serijska vzporedna povezava<\/li><li>Upravljanje: integriran sistem za upravljanje baterije (BMS)<\/li><li>Spremljanje: bluetooth spremljanje preko aplikacije<\/li><\/ul>\n\t\t\t\t\t<\/div>\n\t\t\t\t<\/div>\n\t\t\t\t<\/div>\n\t\t\t\t\t<\/div>\n\t\t\t\t<\/div>\n\t\t\t\t<\/div>\n\t\t","protected":false},"excerpt":{"rendered":"<ul>\n<li>5 let garancije<\/li>\n<li>Baterijska celica Presmatic razreda A<\/li>\n<li>Aplikacija na voljo v Apple Store in Google Play<\/li>\n<li>Dimenzije: 260x170x210 mm<\/li>\n<\/ul>\n","protected":false},"featured_media":10200,"comment_status":"closed","ping_status":"closed","template":"","meta":[],"product_cat":[83],"product_tag":[119,116,123,117],"class_list":{"0":"post-9868","1":"product","2":"type-product","3":"status-publish","4":"has-post-thumbnail","6":"product_cat-lifepo-akumulatorji","7":"product_tag-avtodom","8":"product_tag-litijeva-baterija","9":"product_tag-nautika","10":"product_tag-ultimatron","12":"first","13":"onbackorder","14":"taxable","15":"shipping-taxable","16":"purchasable","17":"product-type-simple"},"yoast_head":"<!-- This site is optimized with the Yoast SEO plugin v23.9 - https:\/\/yoast.com\/wordpress\/plugins\/seo\/ -->\n<title>Ultimatron LiFePO4 Litijeva baterija UBL 12.8V 150Ah - Oprema za kampiranje<\/title>\n<meta name=\"description\" content=\"Ultimatron litijeva baterija 150Ah nudi vrhunsko zanesljivost in dolgotrajnost za energetske potrebe. Vrhunska zmogljivost, varnost in u\u010dinkovitost...\" \/>\n<meta name=\"robots\" content=\"index, follow, max-snippet:-1, max-image-preview:large, max-video-preview:-1\" \/>\n<link rel=\"canonical\" href=\"https:\/\/opremazakampiranje.si\/en\/izdelek\/ultimatron-lifepo4-litijeva-baterija-ubl-12-8v-150ah\/\" \/>\n<meta property=\"og:locale\" content=\"en_US\" \/>\n<meta property=\"og:type\" content=\"article\" \/>\n<meta property=\"og:title\" content=\"Ultimatron LiFePO4 Litijeva baterija UBL 12.8V 150Ah - Oprema za kampiranje\" \/>\n<meta property=\"og:description\" content=\"Ultimatron litijeva baterija 150Ah nudi vrhunsko zanesljivost in dolgotrajnost za energetske potrebe. Vrhunska zmogljivost, varnost in u\u010dinkovitost...\" \/>\n<meta property=\"og:url\" content=\"https:\/\/opremazakampiranje.si\/en\/izdelek\/ultimatron-lifepo4-litijeva-baterija-ubl-12-8v-150ah\/\" \/>\n<meta property=\"og:site_name\" content=\"Oprema za kampiranje\" \/>\n<meta property=\"article:modified_time\" content=\"2025-06-20T13:16:11+00:00\" \/>\n<meta property=\"og:image\" content=\"https:\/\/opremazakampiranje.si\/wp-content\/uploads\/2024\/04\/Ultimatron-litijeva-baterija-12.8V-100Ah-LiFePO4-Smart-BMS-Bluetooth-UBL-12-100-1.png\" \/>\n\t<meta property=\"og:image:width\" content=\"1024\" \/>\n\t<meta property=\"og:image:height\" content=\"1024\" \/>\n\t<meta property=\"og:image:type\" content=\"image\/png\" \/>\n<meta name=\"twitter:card\" content=\"summary_large_image\" \/>\n<meta name=\"twitter:label1\" content=\"Est. reading time\" \/>\n\t<meta name=\"twitter:data1\" content=\"3 minutes\" \/>\n<script type=\"application\/ld+json\" class=\"yoast-schema-graph\">{\"@context\":\"https:\/\/schema.org\",\"@graph\":[{\"@type\":\"WebPage\",\"@id\":\"https:\/\/opremazakampiranje.si\/en\/izdelek\/ultimatron-lifepo4-litijeva-baterija-ubl-12-8v-150ah\/\",\"url\":\"https:\/\/opremazakampiranje.si\/en\/izdelek\/ultimatron-lifepo4-litijeva-baterija-ubl-12-8v-150ah\/\",\"name\":\"Ultimatron LiFePO4 Litijeva baterija UBL 12.8V 150Ah - Oprema za kampiranje\",\"isPartOf\":{\"@id\":\"https:\/\/opremazakampiranje.si\/en\/#website\"},\"primaryImageOfPage\":{\"@id\":\"https:\/\/opremazakampiranje.si\/en\/izdelek\/ultimatron-lifepo4-litijeva-baterija-ubl-12-8v-150ah\/#primaryimage\"},\"image\":{\"@id\":\"https:\/\/opremazakampiranje.si\/en\/izdelek\/ultimatron-lifepo4-litijeva-baterija-ubl-12-8v-150ah\/#primaryimage\"},\"thumbnailUrl\":\"https:\/\/opremazakampiranje.si\/wp-content\/uploads\/2024\/04\/Ultimatron-litijeva-baterija-12.8V-100Ah-LiFePO4-Smart-BMS-Bluetooth-UBL-12-100-1.png\",\"datePublished\":\"2024-04-15T16:35:05+00:00\",\"dateModified\":\"2025-06-20T13:16:11+00:00\",\"description\":\"Ultimatron litijeva baterija 150Ah nudi vrhunsko zanesljivost in dolgotrajnost za energetske potrebe. Vrhunska zmogljivost, varnost in u\u010dinkovitost...\",\"breadcrumb\":{\"@id\":\"https:\/\/opremazakampiranje.si\/en\/izdelek\/ultimatron-lifepo4-litijeva-baterija-ubl-12-8v-150ah\/#breadcrumb\"},\"inLanguage\":\"en-US\",\"potentialAction\":[{\"@type\":\"ReadAction\",\"target\":[\"https:\/\/opremazakampiranje.si\/en\/izdelek\/ultimatron-lifepo4-litijeva-baterija-ubl-12-8v-150ah\/\"]}]},{\"@type\":\"ImageObject\",\"inLanguage\":\"en-US\",\"@id\":\"https:\/\/opremazakampiranje.si\/en\/izdelek\/ultimatron-lifepo4-litijeva-baterija-ubl-12-8v-150ah\/#primaryimage\",\"url\":\"https:\/\/opremazakampiranje.si\/wp-content\/uploads\/2024\/04\/Ultimatron-litijeva-baterija-12.8V-100Ah-LiFePO4-Smart-BMS-Bluetooth-UBL-12-100-1.png\",\"contentUrl\":\"https:\/\/opremazakampiranje.si\/wp-content\/uploads\/2024\/04\/Ultimatron-litijeva-baterija-12.8V-100Ah-LiFePO4-Smart-BMS-Bluetooth-UBL-12-100-1.png\",\"width\":1024,\"height\":1024,\"caption\":\"litijeva baterija 12.8V\"},{\"@type\":\"BreadcrumbList\",\"@id\":\"https:\/\/opremazakampiranje.si\/en\/izdelek\/ultimatron-lifepo4-litijeva-baterija-ubl-12-8v-150ah\/#breadcrumb\",\"itemListElement\":[{\"@type\":\"ListItem\",\"position\":1,\"name\":\"Home\",\"item\":\"https:\/\/opremazakampiranje.si\/en\/\"},{\"@type\":\"ListItem\",\"position\":2,\"name\":\"Trgovina\",\"item\":\"https:\/\/opremazakampiranje.si\/trgovina\/\"},{\"@type\":\"ListItem\",\"position\":3,\"name\":\"Ultimatron LiFePO4 Litijeva baterija UBL 12.8V 150Ah\"}]},{\"@type\":\"WebSite\",\"@id\":\"https:\/\/opremazakampiranje.si\/en\/#website\",\"url\":\"https:\/\/opremazakampiranje.si\/en\/\",\"name\":\"Oprema za kampiranje\",\"description\":\"\",\"potentialAction\":[{\"@type\":\"SearchAction\",\"target\":{\"@type\":\"EntryPoint\",\"urlTemplate\":\"https:\/\/opremazakampiranje.si\/en\/?s={search_term_string}\"},\"query-input\":{\"@type\":\"PropertyValueSpecification\",\"valueRequired\":true,\"valueName\":\"search_term_string\"}}],\"inLanguage\":\"en-US\"}]}<\/script>\n<!-- \/ Yoast SEO plugin. -->","yoast_head_json":{"title":"Ultimatron LiFePO4 Litijeva baterija UBL 12.8V 150Ah - Oprema za kampiranje","description":"Ultimatron litijeva baterija 150Ah nudi vrhunsko zanesljivost in dolgotrajnost za energetske potrebe. Vrhunska zmogljivost, varnost in u\u010dinkovitost...","robots":{"index":"index","follow":"follow","max-snippet":"max-snippet:-1","max-image-preview":"max-image-preview:large","max-video-preview":"max-video-preview:-1"},"canonical":"https:\/\/opremazakampiranje.si\/en\/izdelek\/ultimatron-lifepo4-litijeva-baterija-ubl-12-8v-150ah\/","og_locale":"en_US","og_type":"article","og_title":"Ultimatron LiFePO4 Litijeva baterija UBL 12.8V 150Ah - Oprema za kampiranje","og_description":"Ultimatron litijeva baterija 150Ah nudi vrhunsko zanesljivost in dolgotrajnost za energetske potrebe. Vrhunska zmogljivost, varnost in u\u010dinkovitost...","og_url":"https:\/\/opremazakampiranje.si\/en\/izdelek\/ultimatron-lifepo4-litijeva-baterija-ubl-12-8v-150ah\/","og_site_name":"Oprema za kampiranje","article_modified_time":"2025-06-20T13:16:11+00:00","og_image":[{"width":1024,"height":1024,"url":"https:\/\/opremazakampiranje.si\/wp-content\/uploads\/2024\/04\/Ultimatron-litijeva-baterija-12.8V-100Ah-LiFePO4-Smart-BMS-Bluetooth-UBL-12-100-1.png","type":"image\/png"}],"twitter_card":"summary_large_image","twitter_misc":{"Est. reading time":"3 minutes"},"schema":{"@context":"https:\/\/schema.org","@graph":[{"@type":"WebPage","@id":"https:\/\/opremazakampiranje.si\/en\/izdelek\/ultimatron-lifepo4-litijeva-baterija-ubl-12-8v-150ah\/","url":"https:\/\/opremazakampiranje.si\/en\/izdelek\/ultimatron-lifepo4-litijeva-baterija-ubl-12-8v-150ah\/","name":"Ultimatron LiFePO4 Litijeva baterija UBL 12.8V 150Ah - Oprema za kampiranje","isPartOf":{"@id":"https:\/\/opremazakampiranje.si\/en\/#website"},"primaryImageOfPage":{"@id":"https:\/\/opremazakampiranje.si\/en\/izdelek\/ultimatron-lifepo4-litijeva-baterija-ubl-12-8v-150ah\/#primaryimage"},"image":{"@id":"https:\/\/opremazakampiranje.si\/en\/izdelek\/ultimatron-lifepo4-litijeva-baterija-ubl-12-8v-150ah\/#primaryimage"},"thumbnailUrl":"https:\/\/opremazakampiranje.si\/wp-content\/uploads\/2024\/04\/Ultimatron-litijeva-baterija-12.8V-100Ah-LiFePO4-Smart-BMS-Bluetooth-UBL-12-100-1.png","datePublished":"2024-04-15T16:35:05+00:00","dateModified":"2025-06-20T13:16:11+00:00","description":"Ultimatron litijeva baterija 150Ah nudi vrhunsko zanesljivost in dolgotrajnost za energetske potrebe. Vrhunska zmogljivost, varnost in u\u010dinkovitost...","breadcrumb":{"@id":"https:\/\/opremazakampiranje.si\/en\/izdelek\/ultimatron-lifepo4-litijeva-baterija-ubl-12-8v-150ah\/#breadcrumb"},"inLanguage":"en-US","potentialAction":[{"@type":"ReadAction","target":["https:\/\/opremazakampiranje.si\/en\/izdelek\/ultimatron-lifepo4-litijeva-baterija-ubl-12-8v-150ah\/"]}]},{"@type":"ImageObject","inLanguage":"en-US","@id":"https:\/\/opremazakampiranje.si\/en\/izdelek\/ultimatron-lifepo4-litijeva-baterija-ubl-12-8v-150ah\/#primaryimage","url":"https:\/\/opremazakampiranje.si\/wp-content\/uploads\/2024\/04\/Ultimatron-litijeva-baterija-12.8V-100Ah-LiFePO4-Smart-BMS-Bluetooth-UBL-12-100-1.png","contentUrl":"https:\/\/opremazakampiranje.si\/wp-content\/uploads\/2024\/04\/Ultimatron-litijeva-baterija-12.8V-100Ah-LiFePO4-Smart-BMS-Bluetooth-UBL-12-100-1.png","width":1024,"height":1024,"caption":"litijeva baterija 12.8V"},{"@type":"BreadcrumbList","@id":"https:\/\/opremazakampiranje.si\/en\/izdelek\/ultimatron-lifepo4-litijeva-baterija-ubl-12-8v-150ah\/#breadcrumb","itemListElement":[{"@type":"ListItem","position":1,"name":"Home","item":"https:\/\/opremazakampiranje.si\/en\/"},{"@type":"ListItem","position":2,"name":"Trgovina","item":"https:\/\/opremazakampiranje.si\/trgovina\/"},{"@type":"ListItem","position":3,"name":"Ultimatron LiFePO4 Litijeva baterija UBL 12.8V 150Ah"}]},{"@type":"WebSite","@id":"https:\/\/opremazakampiranje.si\/en\/#website","url":"https:\/\/opremazakampiranje.si\/en\/","name":"Oprema za kampiranje","description":"","potentialAction":[{"@type":"SearchAction","target":{"@type":"EntryPoint","urlTemplate":"https:\/\/opremazakampiranje.si\/en\/?s={search_term_string}"},"query-input":{"@type":"PropertyValueSpecification","valueRequired":true,"valueName":"search_term_string"}}],"inLanguage":"en-US"}]}},"_links":{"self":[{"href":"https:\/\/opremazakampiranje.si\/en\/wp-json\/wp\/v2\/product\/9868","targetHints":{"allow":["GET"]}}],"collection":[{"href":"https:\/\/opremazakampiranje.si\/en\/wp-json\/wp\/v2\/product"}],"about":[{"href":"https:\/\/opremazakampiranje.si\/en\/wp-json\/wp\/v2\/types\/product"}],"replies":[{"embeddable":true,"href":"https:\/\/opremazakampiranje.si\/en\/wp-json\/wp\/v2\/comments?post=9868"}],"version-history":[{"count":49,"href":"https:\/\/opremazakampiranje.si\/en\/wp-json\/wp\/v2\/product\/9868\/revisions"}],"predecessor-version":[{"id":10284,"href":"https:\/\/opremazakampiranje.si\/en\/wp-json\/wp\/v2\/product\/9868\/revisions\/10284"}],"wp:featuredmedia":[{"embeddable":true,"href":"https:\/\/opremazakampiranje.si\/en\/wp-json\/wp\/v2\/media\/10200"}],"wp:attachment":[{"href":"https:\/\/opremazakampiranje.si\/en\/wp-json\/wp\/v2\/media?parent=9868"}],"wp:term":[{"taxonomy":"product_cat","embeddable":true,"href":"https:\/\/opremazakampiranje.si\/en\/wp-json\/wp\/v2\/product_cat?post=9868"},{"taxonomy":"product_tag","embeddable":true,"href":"https:\/\/opremazakampiranje.si\/en\/wp-json\/wp\/v2\/product_tag?post=9868"}],"curies":[{"name":"wp","href":"https:\/\/api.w.org\/{rel}","templated":true}]}}