{"id":11856,"date":"2025-04-16T15:04:39","date_gmt":"2025-04-16T14:04:39","guid":{"rendered":"https:\/\/opremazakampiranje.si\/?post_type=product&#038;p=11856"},"modified":"2025-04-16T16:01:47","modified_gmt":"2025-04-16T15:01:47","slug":"naglavna-svetilka-biolite-750-zelena","status":"publish","type":"product","link":"https:\/\/opremazakampiranje.si\/en\/izdelek\/naglavna-svetilka-biolite-750-zelena\/","title":{"rendered":"Naglavna svetilka BioLite 750, zelena"},"content":{"rendered":"\t\t<div data-elementor-type=\"wp-post\" data-elementor-id=\"11856\" class=\"elementor elementor-11856\">\n\t\t\t\t<div class=\"elementor-element elementor-element-4010cbf e-flex e-con-boxed e-con e-parent\" data-id=\"4010cbf\" data-element_type=\"container\">\n\t\t\t\t\t<div class=\"e-con-inner\">\n\t\t\t\t<div class=\"elementor-element elementor-element-790afde elementor-widget elementor-widget-wd_text_block\" data-id=\"790afde\" data-element_type=\"widget\" data-widget_type=\"wd_text_block.default\">\n\t\t\t\t<div class=\"elementor-widget-container\">\n\t\t\t\t\t<div class=\"wd-text-block reset-last-child text-left\">\n\t\t\t\n\t\t\t<h2 data-start=\"128\" data-end=\"174\"><strong data-start=\"132\" data-end=\"174\">BioLite naglavna svetilka 750 \u2013 zelena<\/strong><\/h2><p class=\"\" data-start=\"176\" data-end=\"257\"><span class=\"relative -mx-px my-[-0.2rem] rounded px-px py-[0.2rem] transition-colors duration-100 ease-in-out\">Visoko zmogljiva naglavna svetilka BioLite HeadLamp 750 zdru\u017euje izjemno svetilnost, dolgotrajno delovanje in udobno no\u0161enje, kar jo naredi idealno za zahtevne uporabnike na prostem.<\/span>\u200b<\/p><h3 data-start=\"259\" data-end=\"287\"><strong data-start=\"264\" data-end=\"287\">Glavne zna\u010dilnosti:<\/strong><\/h3><ul data-start=\"289\" data-end=\"1154\"><li class=\"\" data-start=\"289\" data-end=\"355\"><p class=\"\" data-start=\"291\" data-end=\"355\"><strong data-start=\"291\" data-end=\"317\">Maksimalna svetilnost:<\/strong> <span class=\"relative -mx-px my-[-0.2rem] rounded px-px py-[0.2rem] transition-colors duration-100 ease-in-out\">750 lumnov v na\u010dinu \"Burst\"<\/span><\/p><\/li><li class=\"\" data-start=\"356\" data-end=\"418\"><p class=\"\" data-start=\"358\" data-end=\"418\"><strong data-start=\"358\" data-end=\"380\">Na\u010dini osvetlitve:<\/strong> <span class=\"relative -mx-px my-[-0.2rem] rounded px-px py-[0.2rem] transition-colors duration-100 ease-in-out\">Bela to\u010dkovna svetloba z zatemnjevanjem, belo utripanje, rde\u010da razpr\u0161ena svetloba z zatemnjevanjem, zadnja rde\u010da razpr\u0161ena svetloba z zatemnjevanjem, zadnje rde\u010de utripanje<\/span><\/p><\/li><li class=\"\" data-start=\"419\" data-end=\"487\"><p class=\"\" data-start=\"421\" data-end=\"487\"><strong data-start=\"421\" data-end=\"449\">Doseg svetlobnega snopa:<\/strong> <span class=\"relative -mx-px my-[-0.2rem] rounded px-px py-[0.2rem] transition-colors duration-100 ease-in-out\">do 130 metrov<\/span><\/p><\/li><li class=\"\" data-start=\"488\" data-end=\"680\"><p class=\"\" data-start=\"490\" data-end=\"508\"><strong data-start=\"490\" data-end=\"508\">\u010cas delovanja:<\/strong><\/p><ul data-start=\"511\" data-end=\"680\"><li class=\"\" data-start=\"511\" data-end=\"550\"><p class=\"\" data-start=\"513\" data-end=\"550\"><span class=\"relative -mx-px my-[-0.2rem] rounded px-px py-[0.2rem] transition-colors duration-100 ease-in-out\">Nizka svetilnost: do 150 ur<\/span><\/p><\/li><li class=\"\" data-start=\"553\" data-end=\"592\"><p class=\"\" data-start=\"555\" data-end=\"592\"><span class=\"relative -mx-px my-[-0.2rem] rounded px-px py-[0.2rem] transition-colors duration-100 ease-in-out\">Srednja svetilnost: do 8,5 ure (reguliran na\u010din)<\/span><\/p><\/li><li class=\"\" data-start=\"595\" data-end=\"636\"><p class=\"\" data-start=\"597\" data-end=\"636\"><span class=\"relative -mx-px my-[-0.2rem] rounded px-px py-[0.2rem] transition-colors duration-100 ease-in-out\">Visoka svetilnost: do 7 ur (reguliran na\u010din)<\/span><\/p><\/li><li class=\"\" data-start=\"639\" data-end=\"680\"><p class=\"\" data-start=\"641\" data-end=\"680\"><span class=\"relative -mx-px my-[-0.2rem] rounded px-px py-[0.2rem] transition-colors duration-100 ease-in-out\">Na\u010din \"Burst\": 30 sekund na uporabo<\/span><\/p><\/li><\/ul><\/li><li class=\"\" data-start=\"681\" data-end=\"736\"><p class=\"\" data-start=\"683\" data-end=\"736\"><strong data-start=\"683\" data-end=\"696\">Baterija:<\/strong> <span class=\"relative -mx-px my-[-0.2rem] rounded px-px py-[0.2rem] transition-colors duration-100 ease-in-out\">3000 mAh litij-ionska, polnilna prek micro-USB<\/span><\/p><\/li><li class=\"\" data-start=\"737\" data-end=\"806\"><p class=\"\" data-start=\"739\" data-end=\"806\"><strong data-start=\"739\" data-end=\"766\">Funkcija \"Run Forever\":<\/strong> <span class=\"relative -mx-px my-[-0.2rem] rounded px-px py-[0.2rem] transition-colors duration-100 ease-in-out\">omogo\u010da uporabo svetilke med polnjenjem z zunanjim napajalnikom<\/span><\/p><\/li><li class=\"\" data-start=\"807\" data-end=\"875\"><p class=\"\" data-start=\"809\" data-end=\"875\"><strong data-start=\"809\" data-end=\"835\">Na\u010din \"Constant Mode\":<\/strong> <span class=\"relative -mx-px my-[-0.2rem] rounded px-px py-[0.2rem] transition-colors duration-100 ease-in-out\">ohranja konstantno svetilnost brez samodejnega zatemnjevanja<\/span><\/p><\/li><li class=\"\" data-start=\"876\" data-end=\"936\"><p class=\"\" data-start=\"878\" data-end=\"936\"><strong data-start=\"878\" data-end=\"896\">Vodoodpornost:<\/strong> <span class=\"relative -mx-px my-[-0.2rem] rounded px-px py-[0.2rem] transition-colors duration-100 ease-in-out\">IPX4 (odporna na \u0161kropljenje z vodo)<\/span><\/p><\/li><li class=\"\" data-start=\"937\" data-end=\"988\"><p class=\"\" data-start=\"939\" data-end=\"988\"><strong data-start=\"939\" data-end=\"948\">Te\u017ea:<\/strong> <span class=\"relative -mx-px my-[-0.2rem] rounded px-px py-[0.2rem] transition-colors duration-100 ease-in-out\">pribli\u017eno 150 g<\/span><\/p><\/li><li class=\"\" data-start=\"989\" data-end=\"1042\"><p class=\"\" data-start=\"991\" data-end=\"1042\"><strong data-start=\"991\" data-end=\"1002\">Udobje:<\/strong> <span class=\"relative -mx-px my-[-0.2rem] rounded px-px py-[0.2rem] transition-colors duration-100 ease-in-out\">3D SlimFit konstrukcija za stabilno in udobno no\u0161enje brez poskakovanja<\/span><\/p><\/li><li class=\"\" data-start=\"1043\" data-end=\"1154\"><p class=\"\" data-start=\"1045\" data-end=\"1154\"><strong data-start=\"1045\" data-end=\"1068\">Vklju\u010deno v paketu:<\/strong> <span class=\"relative -mx-px my-[-0.2rem] rounded px-px py-[0.2rem] transition-colors duration-100 ease-in-out\">1 m dolg micro-USB kabel.<\/span><\/p><\/li><\/ul><p class=\"\" data-start=\"1156\" data-end=\"1241\"><strong><span class=\"relative -mx-px my-[-0.2rem] rounded px-px py-[0.2rem] transition-colors duration-100 ease-in-out\">Naglavna svetilka BioLite HeadLamp 750 je zasnovana za zahtevne aktivnosti na prostem, kot so pohodni\u0161tvo, kampiranje, kolesarjenje in druge avanture, kjer sta zanesljivost in zmogljivost klju\u010dnega pomena.<\/span><\/strong><\/p><p data-start=\"1426\" data-end=\"1494\">Ve\u010d o izdelku in uporabi si lahko ogledate naslednji video:<\/p><p>https:\/\/www.youtube.com\/watch?v=8Utg2RDaomE&amp;ab_channel=BioLite<\/p>\n\t\t\t\t\t<\/div>\n\t\t\t\t<\/div>\n\t\t\t\t<\/div>\n\t\t\t\t\t<\/div>\n\t\t\t\t<\/div>\n\t\t\t\t<\/div>\n\t\t","protected":false},"excerpt":{"rendered":"<ul>\n<li class=\"\" data-start=\"60\" data-end=\"144\">\n<p class=\"\" data-start=\"63\" data-end=\"144\"><strong data-start=\"63\" data-end=\"91\">Svetilnost do 750 lumnov<\/strong> \u2013 mo\u010dna in prilagodljiva osvetlitev za vse pogoje.<\/p>\n<\/li>\n<li class=\"\" data-start=\"60\" data-end=\"144\">\n<p class=\"\" data-start=\"63\" data-end=\"144\"><strong data-start=\"148\" data-end=\"195\">Dolga avtonomija + napajanje med delovanjem<\/strong> \u2013 do 150 ur ali neomejeno z zunanjim polnilcem.<\/p>\n<\/li>\n<li class=\"\" data-start=\"60\" data-end=\"144\">\n<p class=\"\" data-start=\"63\" data-end=\"144\"><strong data-start=\"249\" data-end=\"267\">Udobno no\u0161enje<\/strong> \u2013 lahek in stabilen SlimFit trak za celodnevno uporabo.<\/p>\n<\/li>\n<\/ul>\n","protected":false},"featured_media":11857,"comment_status":"closed","ping_status":"closed","template":"","meta":[],"product_cat":[93,94],"product_tag":[146,128,167,166,161,162,168],"class_list":{"0":"post-11856","1":"product","2":"type-product","3":"status-publish","4":"has-post-thumbnail","6":"product_cat-kamping-in-prosti-cas","7":"product_cat-svetilke-in-luci","8":"product_tag-biolite","9":"product_tag-kampiranje","10":"product_tag-naglavna-svetilka","11":"product_tag-narava","12":"product_tag-prosti-cas","13":"product_tag-svetilka","14":"product_tag-usb","16":"first","17":"onbackorder","18":"taxable","19":"shipping-taxable","20":"purchasable","21":"product-type-simple"},"yoast_head":"<!-- This site is optimized with the Yoast SEO plugin v23.9 - https:\/\/yoast.com\/wordpress\/plugins\/seo\/ -->\n<title>Naglavna svetilka BioLite 750, zelena - Oprema za kampiranje<\/title>\n<meta name=\"description\" content=\"Naglavna svetilka BioLite 750 je idealna \u010delna svetilka za vse, ki i\u0161\u010dete kombinacijo zmogljivosti, lahkotnosti in prilagodljivosti za aktivnosti na prostem\" \/>\n<meta name=\"robots\" content=\"index, follow, max-snippet:-1, max-image-preview:large, max-video-preview:-1\" \/>\n<link rel=\"canonical\" href=\"https:\/\/opremazakampiranje.si\/en\/izdelek\/naglavna-svetilka-biolite-750-zelena\/\" \/>\n<meta property=\"og:locale\" content=\"en_US\" \/>\n<meta property=\"og:type\" content=\"article\" \/>\n<meta property=\"og:title\" content=\"Naglavna svetilka BioLite 750, zelena - Oprema za kampiranje\" \/>\n<meta property=\"og:description\" content=\"Naglavna svetilka BioLite 750 je idealna \u010delna svetilka za vse, ki i\u0161\u010dete kombinacijo zmogljivosti, lahkotnosti in prilagodljivosti za aktivnosti na prostem\" \/>\n<meta property=\"og:url\" content=\"https:\/\/opremazakampiranje.si\/en\/izdelek\/naglavna-svetilka-biolite-750-zelena\/\" \/>\n<meta property=\"og:site_name\" content=\"Oprema za kampiranje\" \/>\n<meta property=\"article:modified_time\" content=\"2025-04-16T15:01:47+00:00\" \/>\n<meta property=\"og:image\" content=\"https:\/\/opremazakampiranje.si\/wp-content\/uploads\/2025\/04\/naglavna-svetilka-biolite-750.jpg\" \/>\n\t<meta property=\"og:image:width\" content=\"800\" \/>\n\t<meta property=\"og:image:height\" content=\"800\" \/>\n\t<meta property=\"og:image:type\" content=\"image\/jpeg\" \/>\n<meta name=\"twitter:card\" content=\"summary_large_image\" \/>\n<meta name=\"twitter:label1\" content=\"Est. reading time\" \/>\n\t<meta name=\"twitter:data1\" content=\"2 minutes\" \/>\n<script type=\"application\/ld+json\" class=\"yoast-schema-graph\">{\"@context\":\"https:\/\/schema.org\",\"@graph\":[{\"@type\":\"WebPage\",\"@id\":\"https:\/\/opremazakampiranje.si\/en\/izdelek\/naglavna-svetilka-biolite-750-zelena\/\",\"url\":\"https:\/\/opremazakampiranje.si\/en\/izdelek\/naglavna-svetilka-biolite-750-zelena\/\",\"name\":\"Naglavna svetilka BioLite 750, zelena - Oprema za kampiranje\",\"isPartOf\":{\"@id\":\"https:\/\/opremazakampiranje.si\/en\/#website\"},\"primaryImageOfPage\":{\"@id\":\"https:\/\/opremazakampiranje.si\/en\/izdelek\/naglavna-svetilka-biolite-750-zelena\/#primaryimage\"},\"image\":{\"@id\":\"https:\/\/opremazakampiranje.si\/en\/izdelek\/naglavna-svetilka-biolite-750-zelena\/#primaryimage\"},\"thumbnailUrl\":\"https:\/\/opremazakampiranje.si\/wp-content\/uploads\/2025\/04\/naglavna-svetilka-biolite-750.jpg\",\"datePublished\":\"2025-04-16T14:04:39+00:00\",\"dateModified\":\"2025-04-16T15:01:47+00:00\",\"description\":\"Naglavna svetilka BioLite 750 je idealna \u010delna svetilka za vse, ki i\u0161\u010dete kombinacijo zmogljivosti, lahkotnosti in prilagodljivosti za aktivnosti na prostem\",\"breadcrumb\":{\"@id\":\"https:\/\/opremazakampiranje.si\/en\/izdelek\/naglavna-svetilka-biolite-750-zelena\/#breadcrumb\"},\"inLanguage\":\"en-US\",\"potentialAction\":[{\"@type\":\"ReadAction\",\"target\":[\"https:\/\/opremazakampiranje.si\/en\/izdelek\/naglavna-svetilka-biolite-750-zelena\/\"]}]},{\"@type\":\"ImageObject\",\"inLanguage\":\"en-US\",\"@id\":\"https:\/\/opremazakampiranje.si\/en\/izdelek\/naglavna-svetilka-biolite-750-zelena\/#primaryimage\",\"url\":\"https:\/\/opremazakampiranje.si\/wp-content\/uploads\/2025\/04\/naglavna-svetilka-biolite-750.jpg\",\"contentUrl\":\"https:\/\/opremazakampiranje.si\/wp-content\/uploads\/2025\/04\/naglavna-svetilka-biolite-750.jpg\",\"width\":800,\"height\":800,\"caption\":\"Naglavna svetilka Biolite 750 zelena\"},{\"@type\":\"BreadcrumbList\",\"@id\":\"https:\/\/opremazakampiranje.si\/en\/izdelek\/naglavna-svetilka-biolite-750-zelena\/#breadcrumb\",\"itemListElement\":[{\"@type\":\"ListItem\",\"position\":1,\"name\":\"Home\",\"item\":\"https:\/\/opremazakampiranje.si\/en\/\"},{\"@type\":\"ListItem\",\"position\":2,\"name\":\"Trgovina\",\"item\":\"https:\/\/opremazakampiranje.si\/trgovina\/\"},{\"@type\":\"ListItem\",\"position\":3,\"name\":\"Naglavna svetilka BioLite 750, zelena\"}]},{\"@type\":\"WebSite\",\"@id\":\"https:\/\/opremazakampiranje.si\/en\/#website\",\"url\":\"https:\/\/opremazakampiranje.si\/en\/\",\"name\":\"Oprema za kampiranje\",\"description\":\"\",\"potentialAction\":[{\"@type\":\"SearchAction\",\"target\":{\"@type\":\"EntryPoint\",\"urlTemplate\":\"https:\/\/opremazakampiranje.si\/en\/?s={search_term_string}\"},\"query-input\":{\"@type\":\"PropertyValueSpecification\",\"valueRequired\":true,\"valueName\":\"search_term_string\"}}],\"inLanguage\":\"en-US\"}]}<\/script>\n<!-- \/ Yoast SEO plugin. -->","yoast_head_json":{"title":"Naglavna svetilka BioLite 750, zelena - Oprema za kampiranje","description":"Naglavna svetilka BioLite 750 je idealna \u010delna svetilka za vse, ki i\u0161\u010dete kombinacijo zmogljivosti, lahkotnosti in prilagodljivosti za aktivnosti na prostem","robots":{"index":"index","follow":"follow","max-snippet":"max-snippet:-1","max-image-preview":"max-image-preview:large","max-video-preview":"max-video-preview:-1"},"canonical":"https:\/\/opremazakampiranje.si\/en\/izdelek\/naglavna-svetilka-biolite-750-zelena\/","og_locale":"en_US","og_type":"article","og_title":"Naglavna svetilka BioLite 750, zelena - Oprema za kampiranje","og_description":"Naglavna svetilka BioLite 750 je idealna \u010delna svetilka za vse, ki i\u0161\u010dete kombinacijo zmogljivosti, lahkotnosti in prilagodljivosti za aktivnosti na prostem","og_url":"https:\/\/opremazakampiranje.si\/en\/izdelek\/naglavna-svetilka-biolite-750-zelena\/","og_site_name":"Oprema za kampiranje","article_modified_time":"2025-04-16T15:01:47+00:00","og_image":[{"width":800,"height":800,"url":"https:\/\/opremazakampiranje.si\/wp-content\/uploads\/2025\/04\/naglavna-svetilka-biolite-750.jpg","type":"image\/jpeg"}],"twitter_card":"summary_large_image","twitter_misc":{"Est. reading time":"2 minutes"},"schema":{"@context":"https:\/\/schema.org","@graph":[{"@type":"WebPage","@id":"https:\/\/opremazakampiranje.si\/en\/izdelek\/naglavna-svetilka-biolite-750-zelena\/","url":"https:\/\/opremazakampiranje.si\/en\/izdelek\/naglavna-svetilka-biolite-750-zelena\/","name":"Naglavna svetilka BioLite 750, zelena - Oprema za kampiranje","isPartOf":{"@id":"https:\/\/opremazakampiranje.si\/en\/#website"},"primaryImageOfPage":{"@id":"https:\/\/opremazakampiranje.si\/en\/izdelek\/naglavna-svetilka-biolite-750-zelena\/#primaryimage"},"image":{"@id":"https:\/\/opremazakampiranje.si\/en\/izdelek\/naglavna-svetilka-biolite-750-zelena\/#primaryimage"},"thumbnailUrl":"https:\/\/opremazakampiranje.si\/wp-content\/uploads\/2025\/04\/naglavna-svetilka-biolite-750.jpg","datePublished":"2025-04-16T14:04:39+00:00","dateModified":"2025-04-16T15:01:47+00:00","description":"Naglavna svetilka BioLite 750 je idealna \u010delna svetilka za vse, ki i\u0161\u010dete kombinacijo zmogljivosti, lahkotnosti in prilagodljivosti za aktivnosti na prostem","breadcrumb":{"@id":"https:\/\/opremazakampiranje.si\/en\/izdelek\/naglavna-svetilka-biolite-750-zelena\/#breadcrumb"},"inLanguage":"en-US","potentialAction":[{"@type":"ReadAction","target":["https:\/\/opremazakampiranje.si\/en\/izdelek\/naglavna-svetilka-biolite-750-zelena\/"]}]},{"@type":"ImageObject","inLanguage":"en-US","@id":"https:\/\/opremazakampiranje.si\/en\/izdelek\/naglavna-svetilka-biolite-750-zelena\/#primaryimage","url":"https:\/\/opremazakampiranje.si\/wp-content\/uploads\/2025\/04\/naglavna-svetilka-biolite-750.jpg","contentUrl":"https:\/\/opremazakampiranje.si\/wp-content\/uploads\/2025\/04\/naglavna-svetilka-biolite-750.jpg","width":800,"height":800,"caption":"Naglavna svetilka Biolite 750 zelena"},{"@type":"BreadcrumbList","@id":"https:\/\/opremazakampiranje.si\/en\/izdelek\/naglavna-svetilka-biolite-750-zelena\/#breadcrumb","itemListElement":[{"@type":"ListItem","position":1,"name":"Home","item":"https:\/\/opremazakampiranje.si\/en\/"},{"@type":"ListItem","position":2,"name":"Trgovina","item":"https:\/\/opremazakampiranje.si\/trgovina\/"},{"@type":"ListItem","position":3,"name":"Naglavna svetilka BioLite 750, zelena"}]},{"@type":"WebSite","@id":"https:\/\/opremazakampiranje.si\/en\/#website","url":"https:\/\/opremazakampiranje.si\/en\/","name":"Oprema za kampiranje","description":"","potentialAction":[{"@type":"SearchAction","target":{"@type":"EntryPoint","urlTemplate":"https:\/\/opremazakampiranje.si\/en\/?s={search_term_string}"},"query-input":{"@type":"PropertyValueSpecification","valueRequired":true,"valueName":"search_term_string"}}],"inLanguage":"en-US"}]}},"_links":{"self":[{"href":"https:\/\/opremazakampiranje.si\/en\/wp-json\/wp\/v2\/product\/11856","targetHints":{"allow":["GET"]}}],"collection":[{"href":"https:\/\/opremazakampiranje.si\/en\/wp-json\/wp\/v2\/product"}],"about":[{"href":"https:\/\/opremazakampiranje.si\/en\/wp-json\/wp\/v2\/types\/product"}],"replies":[{"embeddable":true,"href":"https:\/\/opremazakampiranje.si\/en\/wp-json\/wp\/v2\/comments?post=11856"}],"version-history":[{"count":8,"href":"https:\/\/opremazakampiranje.si\/en\/wp-json\/wp\/v2\/product\/11856\/revisions"}],"predecessor-version":[{"id":11878,"href":"https:\/\/opremazakampiranje.si\/en\/wp-json\/wp\/v2\/product\/11856\/revisions\/11878"}],"wp:featuredmedia":[{"embeddable":true,"href":"https:\/\/opremazakampiranje.si\/en\/wp-json\/wp\/v2\/media\/11857"}],"wp:attachment":[{"href":"https:\/\/opremazakampiranje.si\/en\/wp-json\/wp\/v2\/media?parent=11856"}],"wp:term":[{"taxonomy":"product_cat","embeddable":true,"href":"https:\/\/opremazakampiranje.si\/en\/wp-json\/wp\/v2\/product_cat?post=11856"},{"taxonomy":"product_tag","embeddable":true,"href":"https:\/\/opremazakampiranje.si\/en\/wp-json\/wp\/v2\/product_tag?post=11856"}],"curies":[{"name":"wp","href":"https:\/\/api.w.org\/{rel}","templated":true}]}}