{"id":11282,"date":"2024-10-23T11:42:09","date_gmt":"2024-10-23T10:42:09","guid":{"rendered":"https:\/\/opremazakampiranje.si\/?post_type=product&#038;p=11282"},"modified":"2024-10-28T10:19:44","modified_gmt":"2024-10-28T09:19:44","slug":"prenosna-baterija-biolite-charge-20-pd","status":"publish","type":"product","link":"https:\/\/opremazakampiranje.si\/en\/izdelek\/prenosna-baterija-biolite-charge-20-pd\/","title":{"rendered":"Prenosna baterija BioLite Charge 20 PD"},"content":{"rendered":"\t\t<div data-elementor-type=\"wp-post\" data-elementor-id=\"11282\" class=\"elementor elementor-11282\">\n\t\t\t\t<div class=\"elementor-element elementor-element-4010cbf e-flex e-con-boxed e-con e-parent\" data-id=\"4010cbf\" data-element_type=\"container\">\n\t\t\t\t\t<div class=\"e-con-inner\">\n\t\t\t\t<div class=\"elementor-element elementor-element-790afde elementor-widget elementor-widget-wd_text_block\" data-id=\"790afde\" data-element_type=\"widget\" data-widget_type=\"wd_text_block.default\">\n\t\t\t\t<div class=\"elementor-widget-container\">\n\t\t\t\t\t<div class=\"wd-text-block reset-last-child text-left\">\n\t\t\t\n\t\t\t<p><strong>Prenosna baterija BioLite Charge 20 PD z 6.000 mAh je kompaktna in vzdr\u017eljiva prenosna baterija ponuja kapaciteto 6.000 mAh. To zadostuje za ve\u010dkratno polnjenje pametnih telefonov, tablic, GPS naprav in drugih elektronskih pripomo\u010dkov. <\/strong>\u010ce i\u0161\u010dete zmogljivo baterijo, ki vam omogo\u010da hitro in u\u010dinkovito polnjenje va\u0161ih naprav kjerkoli in kadarkoli, je to popolna re\u0161itev.<\/p><h2>Glavne prednosti izdelka:<\/h2><ul><li><strong>Power Delivery tehnologija<\/strong> (PD): Charge 20 PD podpira hitro polnjenje preko USB-C priklju\u010dka, kar pomeni, da lahko svoje naprave napolnite v res hitrem \u010dasu.<\/li><li><strong>Vsestranskost:<\/strong> USB-A in USB-C izhodi omogo\u010dajo polnjenje \u0161irokega spektra naprav- Od najnovej\u0161ih telefonov, pa vse do starej\u0161ih modelov, tablic in prenosnih svetilk.<\/li><li><strong>Trpe\u017enost materialov:<\/strong> Ohi\u0161je iz aluminija zagotavlja visoko odpornost na udarce in padce. To pomeni, da bo prenosna baterija BioLite Charge 20 PD zdr\u017eala tudi najte\u017eje pogoje v naravi.<\/li><li><strong>Lahka in prenosljiv:<\/strong> S te\u017eo <strong>165 gramov<\/strong> in tanko zasnovo je baterija enostavna za no\u0161enje v vsakem nahrbtniku ali \u017eepu.<\/li><\/ul><p>Baterija je zasnovana za vse, ki veliko potujete ali pre\u017eivljate \u010das na prostem. Zasnova, ki je odporna na udarce in zanesljiva zmogljivost zagotavljata, da imate vedno vir energije pri roki. Bodisi na planinskem pohodu, kampiranju, dru\u017einskih po\u010ditnicah ali na pa slu\u017ebenem potovanju.<\/p><h3>Tehni\u010dne specifikacije:<\/h3><ul><li>Kapaciteta: 6.000 mAh<\/li><li>Izhod USB-C: 18W Power Delivery<\/li><li>Izhod USB-A: 5V, 2.4A<\/li><li>Te\u017ea: 165 g<\/li><li>Dimenzije: 96 x 40 x 22 mm<\/li><\/ul><p><strong>Ne dovolite, da vas prazna baterija ovira pri va\u0161ih avanturah.<\/strong><\/p>\n\t\t\t\t\t<\/div>\n\t\t\t\t<\/div>\n\t\t\t\t<\/div>\n\t\t\t\t\t<\/div>\n\t\t\t\t<\/div>\n\t\t\t\t<\/div>\n\t\t","protected":false},"excerpt":{"rendered":"<ul>\n<li><strong>6000 mAh kapaciteta<\/strong> za ve\u010dkratno polnjenje naprav.<\/li>\n<li><strong>Power Delivery (PD)<\/strong>\u00a0 za hitrej\u0161e polnjenje za prihranek \u010dasa.<\/li>\n<li><strong>Lahka in vzdr\u017eljiva, <\/strong>s kompaktno zasnovo, primerna za aktivno uporabo.<\/li>\n<\/ul>\n","protected":false},"featured_media":11292,"comment_status":"closed","ping_status":"closed","template":"","meta":[],"product_cat":[93,108],"product_tag":[154,146,157,138,158,156,155],"class_list":{"0":"post-11282","1":"product","2":"type-product","3":"status-publish","4":"has-post-thumbnail","6":"product_cat-kamping-in-prosti-cas","7":"product_cat-prenosne-baterije-powerbank","8":"product_tag-baterija","9":"product_tag-biolite","10":"product_tag-charging","11":"product_tag-kamping","12":"product_tag-polnjenje","13":"product_tag-powerbank","14":"product_tag-prenosna-baterija","16":"first","17":"onbackorder","18":"taxable","19":"shipping-taxable","20":"purchasable","21":"product-type-simple"},"yoast_head":"<!-- This site is optimized with the Yoast SEO plugin v23.9 - https:\/\/yoast.com\/wordpress\/plugins\/seo\/ -->\n<title>Prenosna baterija BioLite Charge 20 PD - Oprema za kampiranje<\/title>\n<meta name=\"description\" content=\"Prenosna baterija BioLite Charge 20 PD z 6.000 mAh, kar zadostuje za ve\u010dkratno polnjenje telefonov, tablic, GPS naprav in drugih elektronskih pripomo\u010dkov..\" \/>\n<meta name=\"robots\" content=\"index, follow, max-snippet:-1, max-image-preview:large, max-video-preview:-1\" \/>\n<link rel=\"canonical\" href=\"https:\/\/opremazakampiranje.si\/en\/izdelek\/prenosna-baterija-biolite-charge-20-pd\/\" \/>\n<meta property=\"og:locale\" content=\"en_US\" \/>\n<meta property=\"og:type\" content=\"article\" \/>\n<meta property=\"og:title\" content=\"Prenosna baterija BioLite Charge 20 PD - Oprema za kampiranje\" \/>\n<meta property=\"og:description\" content=\"Prenosna baterija BioLite Charge 20 PD z 6.000 mAh, kar zadostuje za ve\u010dkratno polnjenje telefonov, tablic, GPS naprav in drugih elektronskih pripomo\u010dkov..\" \/>\n<meta property=\"og:url\" content=\"https:\/\/opremazakampiranje.si\/en\/izdelek\/prenosna-baterija-biolite-charge-20-pd\/\" \/>\n<meta property=\"og:site_name\" content=\"Oprema za kampiranje\" \/>\n<meta property=\"article:modified_time\" content=\"2024-10-28T09:19:44+00:00\" \/>\n<meta property=\"og:image\" content=\"https:\/\/opremazakampiranje.si\/wp-content\/uploads\/2024\/10\/Prenosna-baterija-BioLite-Charge-20-PD.jpg\" \/>\n\t<meta property=\"og:image:width\" content=\"800\" \/>\n\t<meta property=\"og:image:height\" content=\"800\" \/>\n\t<meta property=\"og:image:type\" content=\"image\/jpeg\" \/>\n<meta name=\"twitter:card\" content=\"summary_large_image\" \/>\n<meta name=\"twitter:label1\" content=\"Est. reading time\" \/>\n\t<meta name=\"twitter:data1\" content=\"2 minutes\" \/>\n<script type=\"application\/ld+json\" class=\"yoast-schema-graph\">{\"@context\":\"https:\/\/schema.org\",\"@graph\":[{\"@type\":\"WebPage\",\"@id\":\"https:\/\/opremazakampiranje.si\/en\/izdelek\/prenosna-baterija-biolite-charge-20-pd\/\",\"url\":\"https:\/\/opremazakampiranje.si\/en\/izdelek\/prenosna-baterija-biolite-charge-20-pd\/\",\"name\":\"Prenosna baterija BioLite Charge 20 PD - Oprema za kampiranje\",\"isPartOf\":{\"@id\":\"https:\/\/opremazakampiranje.si\/en\/#website\"},\"primaryImageOfPage\":{\"@id\":\"https:\/\/opremazakampiranje.si\/en\/izdelek\/prenosna-baterija-biolite-charge-20-pd\/#primaryimage\"},\"image\":{\"@id\":\"https:\/\/opremazakampiranje.si\/en\/izdelek\/prenosna-baterija-biolite-charge-20-pd\/#primaryimage\"},\"thumbnailUrl\":\"https:\/\/opremazakampiranje.si\/wp-content\/uploads\/2024\/10\/Prenosna-baterija-BioLite-Charge-20-PD.jpg\",\"datePublished\":\"2024-10-23T10:42:09+00:00\",\"dateModified\":\"2024-10-28T09:19:44+00:00\",\"description\":\"Prenosna baterija BioLite Charge 20 PD z 6.000 mAh, kar zadostuje za ve\u010dkratno polnjenje telefonov, tablic, GPS naprav in drugih elektronskih pripomo\u010dkov..\",\"breadcrumb\":{\"@id\":\"https:\/\/opremazakampiranje.si\/en\/izdelek\/prenosna-baterija-biolite-charge-20-pd\/#breadcrumb\"},\"inLanguage\":\"en-US\",\"potentialAction\":[{\"@type\":\"ReadAction\",\"target\":[\"https:\/\/opremazakampiranje.si\/en\/izdelek\/prenosna-baterija-biolite-charge-20-pd\/\"]}]},{\"@type\":\"ImageObject\",\"inLanguage\":\"en-US\",\"@id\":\"https:\/\/opremazakampiranje.si\/en\/izdelek\/prenosna-baterija-biolite-charge-20-pd\/#primaryimage\",\"url\":\"https:\/\/opremazakampiranje.si\/wp-content\/uploads\/2024\/10\/Prenosna-baterija-BioLite-Charge-20-PD.jpg\",\"contentUrl\":\"https:\/\/opremazakampiranje.si\/wp-content\/uploads\/2024\/10\/Prenosna-baterija-BioLite-Charge-20-PD.jpg\",\"width\":800,\"height\":800,\"caption\":\"CREATOR: gd-jpeg v1.0 (using IJG JPEG v62), quality = 80\"},{\"@type\":\"BreadcrumbList\",\"@id\":\"https:\/\/opremazakampiranje.si\/en\/izdelek\/prenosna-baterija-biolite-charge-20-pd\/#breadcrumb\",\"itemListElement\":[{\"@type\":\"ListItem\",\"position\":1,\"name\":\"Home\",\"item\":\"https:\/\/opremazakampiranje.si\/en\/\"},{\"@type\":\"ListItem\",\"position\":2,\"name\":\"Trgovina\",\"item\":\"https:\/\/opremazakampiranje.si\/trgovina\/\"},{\"@type\":\"ListItem\",\"position\":3,\"name\":\"Prenosna baterija BioLite Charge 20 PD\"}]},{\"@type\":\"WebSite\",\"@id\":\"https:\/\/opremazakampiranje.si\/en\/#website\",\"url\":\"https:\/\/opremazakampiranje.si\/en\/\",\"name\":\"Oprema za kampiranje\",\"description\":\"\",\"potentialAction\":[{\"@type\":\"SearchAction\",\"target\":{\"@type\":\"EntryPoint\",\"urlTemplate\":\"https:\/\/opremazakampiranje.si\/en\/?s={search_term_string}\"},\"query-input\":{\"@type\":\"PropertyValueSpecification\",\"valueRequired\":true,\"valueName\":\"search_term_string\"}}],\"inLanguage\":\"en-US\"}]}<\/script>\n<!-- \/ Yoast SEO plugin. -->","yoast_head_json":{"title":"Prenosna baterija BioLite Charge 20 PD - Oprema za kampiranje","description":"Prenosna baterija BioLite Charge 20 PD z 6.000 mAh, kar zadostuje za ve\u010dkratno polnjenje telefonov, tablic, GPS naprav in drugih elektronskih pripomo\u010dkov..","robots":{"index":"index","follow":"follow","max-snippet":"max-snippet:-1","max-image-preview":"max-image-preview:large","max-video-preview":"max-video-preview:-1"},"canonical":"https:\/\/opremazakampiranje.si\/en\/izdelek\/prenosna-baterija-biolite-charge-20-pd\/","og_locale":"en_US","og_type":"article","og_title":"Prenosna baterija BioLite Charge 20 PD - Oprema za kampiranje","og_description":"Prenosna baterija BioLite Charge 20 PD z 6.000 mAh, kar zadostuje za ve\u010dkratno polnjenje telefonov, tablic, GPS naprav in drugih elektronskih pripomo\u010dkov..","og_url":"https:\/\/opremazakampiranje.si\/en\/izdelek\/prenosna-baterija-biolite-charge-20-pd\/","og_site_name":"Oprema za kampiranje","article_modified_time":"2024-10-28T09:19:44+00:00","og_image":[{"width":800,"height":800,"url":"https:\/\/opremazakampiranje.si\/wp-content\/uploads\/2024\/10\/Prenosna-baterija-BioLite-Charge-20-PD.jpg","type":"image\/jpeg"}],"twitter_card":"summary_large_image","twitter_misc":{"Est. reading time":"2 minutes"},"schema":{"@context":"https:\/\/schema.org","@graph":[{"@type":"WebPage","@id":"https:\/\/opremazakampiranje.si\/en\/izdelek\/prenosna-baterija-biolite-charge-20-pd\/","url":"https:\/\/opremazakampiranje.si\/en\/izdelek\/prenosna-baterija-biolite-charge-20-pd\/","name":"Prenosna baterija BioLite Charge 20 PD - Oprema za kampiranje","isPartOf":{"@id":"https:\/\/opremazakampiranje.si\/en\/#website"},"primaryImageOfPage":{"@id":"https:\/\/opremazakampiranje.si\/en\/izdelek\/prenosna-baterija-biolite-charge-20-pd\/#primaryimage"},"image":{"@id":"https:\/\/opremazakampiranje.si\/en\/izdelek\/prenosna-baterija-biolite-charge-20-pd\/#primaryimage"},"thumbnailUrl":"https:\/\/opremazakampiranje.si\/wp-content\/uploads\/2024\/10\/Prenosna-baterija-BioLite-Charge-20-PD.jpg","datePublished":"2024-10-23T10:42:09+00:00","dateModified":"2024-10-28T09:19:44+00:00","description":"Prenosna baterija BioLite Charge 20 PD z 6.000 mAh, kar zadostuje za ve\u010dkratno polnjenje telefonov, tablic, GPS naprav in drugih elektronskih pripomo\u010dkov..","breadcrumb":{"@id":"https:\/\/opremazakampiranje.si\/en\/izdelek\/prenosna-baterija-biolite-charge-20-pd\/#breadcrumb"},"inLanguage":"en-US","potentialAction":[{"@type":"ReadAction","target":["https:\/\/opremazakampiranje.si\/en\/izdelek\/prenosna-baterija-biolite-charge-20-pd\/"]}]},{"@type":"ImageObject","inLanguage":"en-US","@id":"https:\/\/opremazakampiranje.si\/en\/izdelek\/prenosna-baterija-biolite-charge-20-pd\/#primaryimage","url":"https:\/\/opremazakampiranje.si\/wp-content\/uploads\/2024\/10\/Prenosna-baterija-BioLite-Charge-20-PD.jpg","contentUrl":"https:\/\/opremazakampiranje.si\/wp-content\/uploads\/2024\/10\/Prenosna-baterija-BioLite-Charge-20-PD.jpg","width":800,"height":800,"caption":"CREATOR: gd-jpeg v1.0 (using IJG JPEG v62), quality = 80"},{"@type":"BreadcrumbList","@id":"https:\/\/opremazakampiranje.si\/en\/izdelek\/prenosna-baterija-biolite-charge-20-pd\/#breadcrumb","itemListElement":[{"@type":"ListItem","position":1,"name":"Home","item":"https:\/\/opremazakampiranje.si\/en\/"},{"@type":"ListItem","position":2,"name":"Trgovina","item":"https:\/\/opremazakampiranje.si\/trgovina\/"},{"@type":"ListItem","position":3,"name":"Prenosna baterija BioLite Charge 20 PD"}]},{"@type":"WebSite","@id":"https:\/\/opremazakampiranje.si\/en\/#website","url":"https:\/\/opremazakampiranje.si\/en\/","name":"Oprema za kampiranje","description":"","potentialAction":[{"@type":"SearchAction","target":{"@type":"EntryPoint","urlTemplate":"https:\/\/opremazakampiranje.si\/en\/?s={search_term_string}"},"query-input":{"@type":"PropertyValueSpecification","valueRequired":true,"valueName":"search_term_string"}}],"inLanguage":"en-US"}]}},"_links":{"self":[{"href":"https:\/\/opremazakampiranje.si\/en\/wp-json\/wp\/v2\/product\/11282","targetHints":{"allow":["GET"]}}],"collection":[{"href":"https:\/\/opremazakampiranje.si\/en\/wp-json\/wp\/v2\/product"}],"about":[{"href":"https:\/\/opremazakampiranje.si\/en\/wp-json\/wp\/v2\/types\/product"}],"replies":[{"embeddable":true,"href":"https:\/\/opremazakampiranje.si\/en\/wp-json\/wp\/v2\/comments?post=11282"}],"version-history":[{"count":21,"href":"https:\/\/opremazakampiranje.si\/en\/wp-json\/wp\/v2\/product\/11282\/revisions"}],"predecessor-version":[{"id":11353,"href":"https:\/\/opremazakampiranje.si\/en\/wp-json\/wp\/v2\/product\/11282\/revisions\/11353"}],"wp:featuredmedia":[{"embeddable":true,"href":"https:\/\/opremazakampiranje.si\/en\/wp-json\/wp\/v2\/media\/11292"}],"wp:attachment":[{"href":"https:\/\/opremazakampiranje.si\/en\/wp-json\/wp\/v2\/media?parent=11282"}],"wp:term":[{"taxonomy":"product_cat","embeddable":true,"href":"https:\/\/opremazakampiranje.si\/en\/wp-json\/wp\/v2\/product_cat?post=11282"},{"taxonomy":"product_tag","embeddable":true,"href":"https:\/\/opremazakampiranje.si\/en\/wp-json\/wp\/v2\/product_tag?post=11282"}],"curies":[{"name":"wp","href":"https:\/\/api.w.org\/{rel}","templated":true}]}}