{"id":11240,"date":"2024-10-23T10:02:48","date_gmt":"2024-10-23T09:02:48","guid":{"rendered":"https:\/\/opremazakampiranje.si\/?post_type=product&#038;p=11240"},"modified":"2024-10-23T11:35:02","modified_gmt":"2024-10-23T10:35:02","slug":"pokrov-za-zar-biolite-firepit","status":"publish","type":"product","link":"https:\/\/opremazakampiranje.si\/en\/izdelek\/pokrov-za-zar-biolite-firepit\/","title":{"rendered":"Pokrov za \u017ear BioLite Firepit+"},"content":{"rendered":"\t\t<div data-elementor-type=\"wp-post\" data-elementor-id=\"11240\" class=\"elementor elementor-11240\">\n\t\t\t\t<div class=\"elementor-element elementor-element-4010cbf e-flex e-con-boxed e-con e-parent\" data-id=\"4010cbf\" data-element_type=\"container\">\n\t\t\t\t\t<div class=\"e-con-inner\">\n\t\t\t\t<div class=\"elementor-element elementor-element-790afde elementor-widget elementor-widget-wd_text_block\" data-id=\"790afde\" data-element_type=\"widget\" data-widget_type=\"wd_text_block.default\">\n\t\t\t\t<div class=\"elementor-widget-container\">\n\t\t\t\t\t<div class=\"wd-text-block reset-last-child text-left\">\n\t\t\t\n\t\t\t<h2><strong>Pokrov za \u017ear BioLite Firepit+ <\/strong><\/h2><p>Dodatek za izbolj\u0161anje va\u0161ih izku\u0161enj s peko na prostem. Ta robusten pokrov je narejen za popolno prileganje na <span style=\"text-decoration: underline;\"><strong>BioLite Firepit \u017ear<\/strong><\/span>, kar omogo\u010da \u0161e bolj\u0161o kontrolo nad pe\u010denjem na \u017earu. Pokrov u\u010dinkovito zadr\u017ei toploto znotraj \u017eara, kar zagotavlja enakomerno pe\u010denje in ohranja aromo hrane. Ne glede na to, ali pripravljate klasi\u010dne jedi na \u017earu ali eksperimentirate z novimi recepti, pokrov BioLite\u00a0 poskrbi, da bo va\u0161a hrana vedno popolno pe\u010dena.<\/p><p>Pokrov ni le prakti\u010den, ampak tudi estetsko dovr\u0161en. S svojim modernim in funkcionalnim dizajnom dopolnjuje videz va\u0161ega<strong><span style=\"text-decoration: underline;\"> BioLite FirePit+ \u017eara <\/span><\/strong>ognji\u0161\u010da in postavlja novo raven udobja pri uporabi. Z dodajanjem pokrova pridobite bolj\u0161i nadzor nad temperaturo in pe\u010denjem. Pokrov pomaga ohranjati toploto in zmanj\u0161uje koli\u010dino dima, ki se spro\u0161\u010da. To pomeni, da bo va\u0161a hrana bolj okusna, poleg tega pa boste z manj dima omogo\u010dili bolj prijetno izku\u0161njo za vse va\u0161e goste in dru\u017ebo.<\/p><p><img fetchpriority=\"high\" decoding=\"async\" class=\"aligncenter wp-image-11249 size-full\" src=\"https:\/\/opremazakampiranje.si\/wp-content\/uploads\/2024\/10\/pokrov-za-zar-biolite-firepit-6.jpg\" alt=\"Pokrov za \u017ear, za bolj enakomerno peko razli\u010dnih obrokov primerno za kampiranje in prosto peko\" width=\"800\" height=\"533\" srcset=\"https:\/\/opremazakampiranje.si\/wp-content\/uploads\/2024\/10\/pokrov-za-zar-biolite-firepit-6.jpg 800w, https:\/\/opremazakampiranje.si\/wp-content\/uploads\/2024\/10\/pokrov-za-zar-biolite-firepit-6-300x200.jpg 300w, https:\/\/opremazakampiranje.si\/wp-content\/uploads\/2024\/10\/pokrov-za-zar-biolite-firepit-6-768x512.jpg 768w, https:\/\/opremazakampiranje.si\/wp-content\/uploads\/2024\/10\/pokrov-za-zar-biolite-firepit-6-148x99.jpg 148w\" sizes=\"(max-width: 800px) 100vw, 800px\" \/><\/p><p>Pokrov je izdelan iz trpe\u017enih materialov, ki so odporni na visoke temperature, zato lahko pri\u010dakujete dolgo \u017eivljenjsko dobo in preprosto vzdr\u017eevanje. Zahvaljujo\u010d preprosti namestitvi in odstranjevanju lahko pokrov hitro zamenjate med razli\u010dnimi fazami peke ali ga po potrebi odstranite.<\/p><p>Ta pokrov je nepogre\u0161ljiv za vse ljubitelje kuhanja na prostem, ki \u017eelijo nadgraditi svoje izku\u0161nje s pripravo hrane na \u017earu. S tem pokrovom za \u017ear BioLite Firepit+ boste u\u017eivali v enakomerno pe\u010deni hrani z globljim okusom. In kar je najbolj\u0161e ,ob enem boste izkoristili maksimalno zmogljivost va\u0161ega ognji\u0161\u010da.\u00a0<\/p><h2>Tehni\u010dne specifikacije:<\/h2><p>MATERIAL: Jeklo prevle\u010deno z emajlom<br \/>DIMENZIJE: 56 x 32 x 16 cm<br \/>TE\u017dA: 1,77 kg<\/p>\n\t\t\t\t\t<\/div>\n\t\t\t\t<\/div>\n\t\t\t\t<\/div>\n\t\t\t\t\t<\/div>\n\t\t\t\t<\/div>\n\t\t\t\t<\/div>\n\t\t","protected":false},"excerpt":{"rendered":"<ul>\n<li><strong>Bolj\u0161e zadr\u017eevanje toplote<\/strong> in enakomerno kuhanje, kar izbolj\u0161a okus jedi in zmanj\u0161a koli\u010dino dima.<\/li>\n<li><strong>Trpe\u017enost in enostavno vzdr\u017eevanje.<\/strong><\/li>\n<li><strong>Preprosta uporaba.<\/strong><\/li>\n<\/ul>\n","protected":false},"featured_media":11254,"comment_status":"closed","ping_status":"closed","template":"","meta":[],"product_cat":[93,109],"product_tag":[151,146,148,153,145,138,152,144,149],"class_list":{"0":"post-11240","1":"product","2":"type-product","3":"status-publish","4":"has-post-thumbnail","6":"product_cat-kamping-in-prosti-cas","7":"product_cat-kuhalniki-zari-pribor","8":"product_tag-zar-plosca","9":"product_tag-biolite","10":"product_tag-firepit","11":"product_tag-hrana","12":"product_tag-kamp-oprema","13":"product_tag-kamping","14":"product_tag-kosilo","15":"product_tag-piknik","16":"product_tag-torba","18":"first","19":"onbackorder","20":"taxable","21":"shipping-taxable","22":"purchasable","23":"product-type-simple"},"yoast_head":"<!-- This site is optimized with the Yoast SEO plugin v23.9 - https:\/\/yoast.com\/wordpress\/plugins\/seo\/ -->\n<title>Pokrov za \u017ear BioLite Firepit+ - Oprema za kampiranje<\/title>\n<meta name=\"description\" content=\"Pokrov za \u017ear BioLite Firepit+ omogo\u010da, da boste imeli nad pe\u010denjem svojih obrokov ve\u010dji nadzor za \u0161e bolj okusne jedi. Primerno za razli\u010dne vrste hrane...\" \/>\n<meta name=\"robots\" content=\"index, follow, max-snippet:-1, max-image-preview:large, max-video-preview:-1\" \/>\n<link rel=\"canonical\" href=\"https:\/\/opremazakampiranje.si\/en\/izdelek\/pokrov-za-zar-biolite-firepit\/\" \/>\n<meta property=\"og:locale\" content=\"en_US\" \/>\n<meta property=\"og:type\" content=\"article\" \/>\n<meta property=\"og:title\" content=\"Pokrov za \u017ear BioLite Firepit+ - Oprema za kampiranje\" \/>\n<meta property=\"og:description\" content=\"Pokrov za \u017ear BioLite Firepit+ omogo\u010da, da boste imeli nad pe\u010denjem svojih obrokov ve\u010dji nadzor za \u0161e bolj okusne jedi. Primerno za razli\u010dne vrste hrane...\" \/>\n<meta property=\"og:url\" content=\"https:\/\/opremazakampiranje.si\/en\/izdelek\/pokrov-za-zar-biolite-firepit\/\" \/>\n<meta property=\"og:site_name\" content=\"Oprema za kampiranje\" \/>\n<meta property=\"article:modified_time\" content=\"2024-10-23T10:35:02+00:00\" \/>\n<meta property=\"og:image\" content=\"https:\/\/opremazakampiranje.si\/wp-content\/uploads\/2024\/10\/pokrov-za-zar-biolite-firepit.jpg\" \/>\n\t<meta property=\"og:image:width\" content=\"800\" \/>\n\t<meta property=\"og:image:height\" content=\"800\" \/>\n\t<meta property=\"og:image:type\" content=\"image\/jpeg\" \/>\n<meta name=\"twitter:card\" content=\"summary_large_image\" \/>\n<meta name=\"twitter:label1\" content=\"Est. reading time\" \/>\n\t<meta name=\"twitter:data1\" content=\"2 minutes\" \/>\n<script type=\"application\/ld+json\" class=\"yoast-schema-graph\">{\"@context\":\"https:\/\/schema.org\",\"@graph\":[{\"@type\":\"WebPage\",\"@id\":\"https:\/\/opremazakampiranje.si\/en\/izdelek\/pokrov-za-zar-biolite-firepit\/\",\"url\":\"https:\/\/opremazakampiranje.si\/en\/izdelek\/pokrov-za-zar-biolite-firepit\/\",\"name\":\"Pokrov za \u017ear BioLite Firepit+ - Oprema za kampiranje\",\"isPartOf\":{\"@id\":\"https:\/\/opremazakampiranje.si\/en\/#website\"},\"primaryImageOfPage\":{\"@id\":\"https:\/\/opremazakampiranje.si\/en\/izdelek\/pokrov-za-zar-biolite-firepit\/#primaryimage\"},\"image\":{\"@id\":\"https:\/\/opremazakampiranje.si\/en\/izdelek\/pokrov-za-zar-biolite-firepit\/#primaryimage\"},\"thumbnailUrl\":\"https:\/\/opremazakampiranje.si\/wp-content\/uploads\/2024\/10\/pokrov-za-zar-biolite-firepit.jpg\",\"datePublished\":\"2024-10-23T09:02:48+00:00\",\"dateModified\":\"2024-10-23T10:35:02+00:00\",\"description\":\"Pokrov za \u017ear BioLite Firepit+ omogo\u010da, da boste imeli nad pe\u010denjem svojih obrokov ve\u010dji nadzor za \u0161e bolj okusne jedi. Primerno za razli\u010dne vrste hrane...\",\"breadcrumb\":{\"@id\":\"https:\/\/opremazakampiranje.si\/en\/izdelek\/pokrov-za-zar-biolite-firepit\/#breadcrumb\"},\"inLanguage\":\"en-US\",\"potentialAction\":[{\"@type\":\"ReadAction\",\"target\":[\"https:\/\/opremazakampiranje.si\/en\/izdelek\/pokrov-za-zar-biolite-firepit\/\"]}]},{\"@type\":\"ImageObject\",\"inLanguage\":\"en-US\",\"@id\":\"https:\/\/opremazakampiranje.si\/en\/izdelek\/pokrov-za-zar-biolite-firepit\/#primaryimage\",\"url\":\"https:\/\/opremazakampiranje.si\/wp-content\/uploads\/2024\/10\/pokrov-za-zar-biolite-firepit.jpg\",\"contentUrl\":\"https:\/\/opremazakampiranje.si\/wp-content\/uploads\/2024\/10\/pokrov-za-zar-biolite-firepit.jpg\",\"width\":800,\"height\":800,\"caption\":\"CREATOR: gd-jpeg v1.0 (using IJG JPEG v62), quality = 80\"},{\"@type\":\"BreadcrumbList\",\"@id\":\"https:\/\/opremazakampiranje.si\/en\/izdelek\/pokrov-za-zar-biolite-firepit\/#breadcrumb\",\"itemListElement\":[{\"@type\":\"ListItem\",\"position\":1,\"name\":\"Home\",\"item\":\"https:\/\/opremazakampiranje.si\/en\/\"},{\"@type\":\"ListItem\",\"position\":2,\"name\":\"Trgovina\",\"item\":\"https:\/\/opremazakampiranje.si\/trgovina\/\"},{\"@type\":\"ListItem\",\"position\":3,\"name\":\"Pokrov za \u017ear BioLite Firepit+\"}]},{\"@type\":\"WebSite\",\"@id\":\"https:\/\/opremazakampiranje.si\/en\/#website\",\"url\":\"https:\/\/opremazakampiranje.si\/en\/\",\"name\":\"Oprema za kampiranje\",\"description\":\"\",\"potentialAction\":[{\"@type\":\"SearchAction\",\"target\":{\"@type\":\"EntryPoint\",\"urlTemplate\":\"https:\/\/opremazakampiranje.si\/en\/?s={search_term_string}\"},\"query-input\":{\"@type\":\"PropertyValueSpecification\",\"valueRequired\":true,\"valueName\":\"search_term_string\"}}],\"inLanguage\":\"en-US\"}]}<\/script>\n<!-- \/ Yoast SEO plugin. -->","yoast_head_json":{"title":"Pokrov za \u017ear BioLite Firepit+ - Oprema za kampiranje","description":"Pokrov za \u017ear BioLite Firepit+ omogo\u010da, da boste imeli nad pe\u010denjem svojih obrokov ve\u010dji nadzor za \u0161e bolj okusne jedi. Primerno za razli\u010dne vrste hrane...","robots":{"index":"index","follow":"follow","max-snippet":"max-snippet:-1","max-image-preview":"max-image-preview:large","max-video-preview":"max-video-preview:-1"},"canonical":"https:\/\/opremazakampiranje.si\/en\/izdelek\/pokrov-za-zar-biolite-firepit\/","og_locale":"en_US","og_type":"article","og_title":"Pokrov za \u017ear BioLite Firepit+ - Oprema za kampiranje","og_description":"Pokrov za \u017ear BioLite Firepit+ omogo\u010da, da boste imeli nad pe\u010denjem svojih obrokov ve\u010dji nadzor za \u0161e bolj okusne jedi. Primerno za razli\u010dne vrste hrane...","og_url":"https:\/\/opremazakampiranje.si\/en\/izdelek\/pokrov-za-zar-biolite-firepit\/","og_site_name":"Oprema za kampiranje","article_modified_time":"2024-10-23T10:35:02+00:00","og_image":[{"width":800,"height":800,"url":"https:\/\/opremazakampiranje.si\/wp-content\/uploads\/2024\/10\/pokrov-za-zar-biolite-firepit.jpg","type":"image\/jpeg"}],"twitter_card":"summary_large_image","twitter_misc":{"Est. reading time":"2 minutes"},"schema":{"@context":"https:\/\/schema.org","@graph":[{"@type":"WebPage","@id":"https:\/\/opremazakampiranje.si\/en\/izdelek\/pokrov-za-zar-biolite-firepit\/","url":"https:\/\/opremazakampiranje.si\/en\/izdelek\/pokrov-za-zar-biolite-firepit\/","name":"Pokrov za \u017ear BioLite Firepit+ - Oprema za kampiranje","isPartOf":{"@id":"https:\/\/opremazakampiranje.si\/en\/#website"},"primaryImageOfPage":{"@id":"https:\/\/opremazakampiranje.si\/en\/izdelek\/pokrov-za-zar-biolite-firepit\/#primaryimage"},"image":{"@id":"https:\/\/opremazakampiranje.si\/en\/izdelek\/pokrov-za-zar-biolite-firepit\/#primaryimage"},"thumbnailUrl":"https:\/\/opremazakampiranje.si\/wp-content\/uploads\/2024\/10\/pokrov-za-zar-biolite-firepit.jpg","datePublished":"2024-10-23T09:02:48+00:00","dateModified":"2024-10-23T10:35:02+00:00","description":"Pokrov za \u017ear BioLite Firepit+ omogo\u010da, da boste imeli nad pe\u010denjem svojih obrokov ve\u010dji nadzor za \u0161e bolj okusne jedi. Primerno za razli\u010dne vrste hrane...","breadcrumb":{"@id":"https:\/\/opremazakampiranje.si\/en\/izdelek\/pokrov-za-zar-biolite-firepit\/#breadcrumb"},"inLanguage":"en-US","potentialAction":[{"@type":"ReadAction","target":["https:\/\/opremazakampiranje.si\/en\/izdelek\/pokrov-za-zar-biolite-firepit\/"]}]},{"@type":"ImageObject","inLanguage":"en-US","@id":"https:\/\/opremazakampiranje.si\/en\/izdelek\/pokrov-za-zar-biolite-firepit\/#primaryimage","url":"https:\/\/opremazakampiranje.si\/wp-content\/uploads\/2024\/10\/pokrov-za-zar-biolite-firepit.jpg","contentUrl":"https:\/\/opremazakampiranje.si\/wp-content\/uploads\/2024\/10\/pokrov-za-zar-biolite-firepit.jpg","width":800,"height":800,"caption":"CREATOR: gd-jpeg v1.0 (using IJG JPEG v62), quality = 80"},{"@type":"BreadcrumbList","@id":"https:\/\/opremazakampiranje.si\/en\/izdelek\/pokrov-za-zar-biolite-firepit\/#breadcrumb","itemListElement":[{"@type":"ListItem","position":1,"name":"Home","item":"https:\/\/opremazakampiranje.si\/en\/"},{"@type":"ListItem","position":2,"name":"Trgovina","item":"https:\/\/opremazakampiranje.si\/trgovina\/"},{"@type":"ListItem","position":3,"name":"Pokrov za \u017ear BioLite Firepit+"}]},{"@type":"WebSite","@id":"https:\/\/opremazakampiranje.si\/en\/#website","url":"https:\/\/opremazakampiranje.si\/en\/","name":"Oprema za kampiranje","description":"","potentialAction":[{"@type":"SearchAction","target":{"@type":"EntryPoint","urlTemplate":"https:\/\/opremazakampiranje.si\/en\/?s={search_term_string}"},"query-input":{"@type":"PropertyValueSpecification","valueRequired":true,"valueName":"search_term_string"}}],"inLanguage":"en-US"}]}},"_links":{"self":[{"href":"https:\/\/opremazakampiranje.si\/en\/wp-json\/wp\/v2\/product\/11240","targetHints":{"allow":["GET"]}}],"collection":[{"href":"https:\/\/opremazakampiranje.si\/en\/wp-json\/wp\/v2\/product"}],"about":[{"href":"https:\/\/opremazakampiranje.si\/en\/wp-json\/wp\/v2\/types\/product"}],"replies":[{"embeddable":true,"href":"https:\/\/opremazakampiranje.si\/en\/wp-json\/wp\/v2\/comments?post=11240"}],"version-history":[{"count":12,"href":"https:\/\/opremazakampiranje.si\/en\/wp-json\/wp\/v2\/product\/11240\/revisions"}],"predecessor-version":[{"id":11271,"href":"https:\/\/opremazakampiranje.si\/en\/wp-json\/wp\/v2\/product\/11240\/revisions\/11271"}],"wp:featuredmedia":[{"embeddable":true,"href":"https:\/\/opremazakampiranje.si\/en\/wp-json\/wp\/v2\/media\/11254"}],"wp:attachment":[{"href":"https:\/\/opremazakampiranje.si\/en\/wp-json\/wp\/v2\/media?parent=11240"}],"wp:term":[{"taxonomy":"product_cat","embeddable":true,"href":"https:\/\/opremazakampiranje.si\/en\/wp-json\/wp\/v2\/product_cat?post=11240"},{"taxonomy":"product_tag","embeddable":true,"href":"https:\/\/opremazakampiranje.si\/en\/wp-json\/wp\/v2\/product_tag?post=11240"}],"curies":[{"name":"wp","href":"https:\/\/api.w.org\/{rel}","templated":true}]}}