{"id":11176,"date":"2024-10-22T11:15:37","date_gmt":"2024-10-22T10:15:37","guid":{"rendered":"https:\/\/opremazakampiranje.si\/?post_type=product&#038;p=11176"},"modified":"2024-10-23T09:58:29","modified_gmt":"2024-10-23T08:58:29","slug":"plosca-za-zar-biolite-firepit","status":"publish","type":"product","link":"https:\/\/opremazakampiranje.si\/en\/izdelek\/plosca-za-zar-biolite-firepit\/","title":{"rendered":"Plo\u0161\u010da za \u017ear BioLite Firepit+"},"content":{"rendered":"\t\t<div data-elementor-type=\"wp-post\" data-elementor-id=\"11176\" class=\"elementor elementor-11176\">\n\t\t\t\t<div class=\"elementor-element elementor-element-4010cbf e-flex e-con-boxed e-con e-parent\" data-id=\"4010cbf\" data-element_type=\"container\">\n\t\t\t\t\t<div class=\"e-con-inner\">\n\t\t\t\t<div class=\"elementor-element elementor-element-790afde elementor-widget elementor-widget-wd_text_block\" data-id=\"790afde\" data-element_type=\"widget\" data-widget_type=\"wd_text_block.default\">\n\t\t\t\t<div class=\"elementor-widget-container\">\n\t\t\t\t\t<div class=\"wd-text-block reset-last-child text-left\">\n\t\t\t\n\t\t\t<h2><strong>Plo\u0161\u010da za \u017ear BioLite FirePit+<\/strong><\/h2><p>\u00a0je nepogre\u0161ljiv dodatek za vsakogar, ki u\u017eiva v kuhanju na prostem. Plo\u0161\u010da je zasnovana posebej za <strong><span style=\"text-decoration: underline;\">BioLite FirePit<\/span><\/strong>+. Robustna plo\u0161\u010da iz litega \u017eeleza omogo\u010da pripravo \u0161irokega spektra obrokov, od so\u010dnih zrezkov do hrustljave zelenjave, pa vse do popolnih pala\u010dink za zajtrk. <strong>Plo\u0161\u010da ima kuhalno povr\u0161ino 839 cm\u00b2, kar zagotavlja dovolj prostora za pripravo obrokov za dru\u017eino in prijatelje, ne glede na to, ali pripravljate klasi\u010dne obroke ali pa bolj zahtevne jedi.<\/strong><\/p><h3>Plo\u0161\u010da za \u017ear BioLite FirePit+ in uporabnost:<\/h3><p>Je enostavna za uporabo in\u00a0 omogo\u010da hitro segrevanje, enakomerno porazdelitev toplote, kar pa je klju\u010dnega pomena za popolno pe\u010deno hrano. Lito\u017eelezna povr\u0161ina nudi vzdr\u017eljivost in dolgotrajno uporabo, kdf odli\u010dno zadr\u017euje toploto in prepre\u010duje prijemanje hrane. To pomeni, da bo vsaka jed popolnoma pe\u010dena in okusna. Poleg tega je plo\u0161\u010da zasnovana tako, da se brezhibno prilega na FirePit+, to pa vam omogo\u010da enostavno monta\u017eo in <span style=\"text-decoration: underline;\"><strong><a href=\"https:\/\/opremazakampiranje.si\/izdelek\/torba-za-prenosni-zar-biolite-firepit\/\">prenos<\/a><\/strong><\/span>.<\/p><p><strong>Idealna je za ljubitelje kuhanja na prostem, saj omogo\u010da pripravo jedi z \u017eara brez dima.<\/strong> Zahvaljujo\u010d naprednemu sistemu za nadzor zraka FirePit+, lahko kuhate tako na lesu, kot na oglju in vse to brez skrbi v prijetni atmosferi. Njena prenosljivost je \u0161e ena prednost \u2013 preprosto jo lahko vzame\u0161 s seboj na kampiranje, izlet na pla\u017eo ali v doma\u010di vrt, kjer bo postala tvoj najljub\u0161i pripomo\u010dek za kuhanje na prostem.<\/p><p>Enostavno \u010di\u0161\u010denje, vzdr\u017eljivost in brez\u010dasna zasnova so lastnosti, ki naredijo BioLite FirePit+ plo\u0161\u010do popolno izbiro za vsakogar, ki \u017eeli izkusiti novo raven kuhanja na prostem. Ne glede na to, ali pripravljate hiter zajtrk ali ve\u010derni \u017ear, vam bo ta plo\u0161\u010da omogo\u010dila ustvarjanje okusnih obrokov kjerkoli in kadarkoli.<\/p><p><img fetchpriority=\"high\" decoding=\"async\" class=\"aligncenter wp-image-11232 size-full\" src=\"https:\/\/opremazakampiranje.si\/wp-content\/uploads\/2024\/10\/plosca-za-zar-biolite-firepit-7.jpg\" alt=\"\u017denska, ki pripravlja hrano z \u017earom FirePit+\" width=\"800\" height=\"534\" srcset=\"https:\/\/opremazakampiranje.si\/wp-content\/uploads\/2024\/10\/plosca-za-zar-biolite-firepit-7.jpg 800w, https:\/\/opremazakampiranje.si\/wp-content\/uploads\/2024\/10\/plosca-za-zar-biolite-firepit-7-300x200.jpg 300w, https:\/\/opremazakampiranje.si\/wp-content\/uploads\/2024\/10\/plosca-za-zar-biolite-firepit-7-768x513.jpg 768w, https:\/\/opremazakampiranje.si\/wp-content\/uploads\/2024\/10\/plosca-za-zar-biolite-firepit-7-148x99.jpg 148w\" sizes=\"(max-width: 800px) 100vw, 800px\" \/><\/p><h3>Tehni\u010dne specifikacije:\u00a0<\/h3><p>hni\u010dne specifikacije za BioLite FirePit+ Griddle, plo\u0161\u010do za \u017ear, vklju\u010dujejo naslednje:<\/p><ul><li><strong>Material<\/strong>: Lito \u017eelezo<\/li><li><strong>Povr\u0161ina plo\u0161\u010de<\/strong>: <strong>839 cm\u00b2 <\/strong>povr\u0161ine\u00a0<\/li><li><strong>Lastnosti<\/strong>: Plo\u0161\u010da ima dvignjen rob, ki prepre\u010duje, da bi se hrana ali teko\u010dine razlivale med pripravo. Povr\u0161ina je premazana z nelepljivim premazom za la\u017eje pe\u010denje in \u010di\u0161\u010denje.<\/li><li><strong>Prilagodljivost<\/strong>: Plo\u0161\u010da je zasnovana tako, da se popolnoma prilega <span style=\"text-decoration: underline;\"><strong>\u017earu BioLite FirePit+<\/strong><\/span><\/li><li><strong>Te\u017ea<\/strong>: 4<\/li><\/ul>\n\t\t\t\t\t<\/div>\n\t\t\t\t<\/div>\n\t\t\t\t<\/div>\n\t\t\t\t\t<\/div>\n\t\t\t\t<\/div>\n\t\t\t\t<\/div>\n\t\t","protected":false},"excerpt":{"rendered":"<ul>\n<li><strong>Trpe\u017eno lito \u017eelezo<\/strong> za dolgotrajno vzdr\u017eljivost in enakomerno porazdelitvijo toplote.<\/li>\n<li><strong>Neprijemljiva povr\u0161ina<\/strong> za enostavn<strong>o <\/strong>kuhanje in \u010di\u0161\u010denje.<\/li>\n<li><strong>Velika povr\u0161ina<\/strong> \u2013 130m\u00b2 omogo\u010da pripravo tudi ve\u010djih obrokov.<\/li>\n<li>Idealen za uporabo v kombinaciji <strong>s pokrovom.<\/strong><\/li>\n<\/ul>\n","protected":false},"featured_media":11220,"comment_status":"closed","ping_status":"closed","template":"","meta":[],"product_cat":[93,109],"product_tag":[151,146,148,153,145,138,152,144,149],"class_list":{"0":"post-11176","1":"product","2":"type-product","3":"status-publish","4":"has-post-thumbnail","6":"product_cat-kamping-in-prosti-cas","7":"product_cat-kuhalniki-zari-pribor","8":"product_tag-zar-plosca","9":"product_tag-biolite","10":"product_tag-firepit","11":"product_tag-hrana","12":"product_tag-kamp-oprema","13":"product_tag-kamping","14":"product_tag-kosilo","15":"product_tag-piknik","16":"product_tag-torba","18":"first","19":"onbackorder","20":"taxable","21":"shipping-taxable","22":"purchasable","23":"product-type-simple"},"yoast_head":"<!-- This site is optimized with the Yoast SEO plugin v23.9 - https:\/\/yoast.com\/wordpress\/plugins\/seo\/ -->\n<title>Plo\u0161\u010da za \u017ear BioLite Firepit+ - Oprema za kampiranje<\/title>\n<meta name=\"description\" content=\"Plo\u0161\u010da za \u017ear BioLite Firepit+ omogo\u010da, da boste v pe\u010denju u\u017eivali tudi ob ve\u010dji dru\u017ebi, saj s svojo povr\u0161ino 839 cm\u00b2 olaj\u0161a pripravo slastnih obrokov...\" \/>\n<meta name=\"robots\" content=\"index, follow, max-snippet:-1, max-image-preview:large, max-video-preview:-1\" \/>\n<link rel=\"canonical\" href=\"https:\/\/opremazakampiranje.si\/en\/izdelek\/plosca-za-zar-biolite-firepit\/\" \/>\n<meta property=\"og:locale\" content=\"en_US\" \/>\n<meta property=\"og:type\" content=\"article\" \/>\n<meta property=\"og:title\" content=\"Plo\u0161\u010da za \u017ear BioLite Firepit+ - Oprema za kampiranje\" \/>\n<meta property=\"og:description\" content=\"Plo\u0161\u010da za \u017ear BioLite Firepit+ omogo\u010da, da boste v pe\u010denju u\u017eivali tudi ob ve\u010dji dru\u017ebi, saj s svojo povr\u0161ino 839 cm\u00b2 olaj\u0161a pripravo slastnih obrokov...\" \/>\n<meta property=\"og:url\" content=\"https:\/\/opremazakampiranje.si\/en\/izdelek\/plosca-za-zar-biolite-firepit\/\" \/>\n<meta property=\"og:site_name\" content=\"Oprema za kampiranje\" \/>\n<meta property=\"article:modified_time\" content=\"2024-10-23T08:58:29+00:00\" \/>\n<meta property=\"og:image\" content=\"https:\/\/opremazakampiranje.si\/wp-content\/uploads\/2024\/10\/plosca-za-zar-biolite-firepit.jpg\" \/>\n\t<meta property=\"og:image:width\" content=\"800\" \/>\n\t<meta property=\"og:image:height\" content=\"800\" \/>\n\t<meta property=\"og:image:type\" content=\"image\/jpeg\" \/>\n<meta name=\"twitter:card\" content=\"summary_large_image\" \/>\n<meta name=\"twitter:label1\" content=\"Est. reading time\" \/>\n\t<meta name=\"twitter:data1\" content=\"3 minutes\" \/>\n<script type=\"application\/ld+json\" class=\"yoast-schema-graph\">{\"@context\":\"https:\/\/schema.org\",\"@graph\":[{\"@type\":\"WebPage\",\"@id\":\"https:\/\/opremazakampiranje.si\/en\/izdelek\/plosca-za-zar-biolite-firepit\/\",\"url\":\"https:\/\/opremazakampiranje.si\/en\/izdelek\/plosca-za-zar-biolite-firepit\/\",\"name\":\"Plo\u0161\u010da za \u017ear BioLite Firepit+ - Oprema za kampiranje\",\"isPartOf\":{\"@id\":\"https:\/\/opremazakampiranje.si\/en\/#website\"},\"primaryImageOfPage\":{\"@id\":\"https:\/\/opremazakampiranje.si\/en\/izdelek\/plosca-za-zar-biolite-firepit\/#primaryimage\"},\"image\":{\"@id\":\"https:\/\/opremazakampiranje.si\/en\/izdelek\/plosca-za-zar-biolite-firepit\/#primaryimage\"},\"thumbnailUrl\":\"https:\/\/opremazakampiranje.si\/wp-content\/uploads\/2024\/10\/plosca-za-zar-biolite-firepit.jpg\",\"datePublished\":\"2024-10-22T10:15:37+00:00\",\"dateModified\":\"2024-10-23T08:58:29+00:00\",\"description\":\"Plo\u0161\u010da za \u017ear BioLite Firepit+ omogo\u010da, da boste v pe\u010denju u\u017eivali tudi ob ve\u010dji dru\u017ebi, saj s svojo povr\u0161ino 839 cm\u00b2 olaj\u0161a pripravo slastnih obrokov...\",\"breadcrumb\":{\"@id\":\"https:\/\/opremazakampiranje.si\/en\/izdelek\/plosca-za-zar-biolite-firepit\/#breadcrumb\"},\"inLanguage\":\"en-US\",\"potentialAction\":[{\"@type\":\"ReadAction\",\"target\":[\"https:\/\/opremazakampiranje.si\/en\/izdelek\/plosca-za-zar-biolite-firepit\/\"]}]},{\"@type\":\"ImageObject\",\"inLanguage\":\"en-US\",\"@id\":\"https:\/\/opremazakampiranje.si\/en\/izdelek\/plosca-za-zar-biolite-firepit\/#primaryimage\",\"url\":\"https:\/\/opremazakampiranje.si\/wp-content\/uploads\/2024\/10\/plosca-za-zar-biolite-firepit.jpg\",\"contentUrl\":\"https:\/\/opremazakampiranje.si\/wp-content\/uploads\/2024\/10\/plosca-za-zar-biolite-firepit.jpg\",\"width\":800,\"height\":800,\"caption\":\"Plo\u0161\u010da za \u017ear iz lito \u017eeleza, ki omogo\u010da idealno pripravo obrokov, tudi za ve\u010d ljudi\"},{\"@type\":\"BreadcrumbList\",\"@id\":\"https:\/\/opremazakampiranje.si\/en\/izdelek\/plosca-za-zar-biolite-firepit\/#breadcrumb\",\"itemListElement\":[{\"@type\":\"ListItem\",\"position\":1,\"name\":\"Home\",\"item\":\"https:\/\/opremazakampiranje.si\/en\/\"},{\"@type\":\"ListItem\",\"position\":2,\"name\":\"Trgovina\",\"item\":\"https:\/\/opremazakampiranje.si\/trgovina\/\"},{\"@type\":\"ListItem\",\"position\":3,\"name\":\"Plo\u0161\u010da za \u017ear BioLite Firepit+\"}]},{\"@type\":\"WebSite\",\"@id\":\"https:\/\/opremazakampiranje.si\/en\/#website\",\"url\":\"https:\/\/opremazakampiranje.si\/en\/\",\"name\":\"Oprema za kampiranje\",\"description\":\"\",\"potentialAction\":[{\"@type\":\"SearchAction\",\"target\":{\"@type\":\"EntryPoint\",\"urlTemplate\":\"https:\/\/opremazakampiranje.si\/en\/?s={search_term_string}\"},\"query-input\":{\"@type\":\"PropertyValueSpecification\",\"valueRequired\":true,\"valueName\":\"search_term_string\"}}],\"inLanguage\":\"en-US\"}]}<\/script>\n<!-- \/ Yoast SEO plugin. -->","yoast_head_json":{"title":"Plo\u0161\u010da za \u017ear BioLite Firepit+ - Oprema za kampiranje","description":"Plo\u0161\u010da za \u017ear BioLite Firepit+ omogo\u010da, da boste v pe\u010denju u\u017eivali tudi ob ve\u010dji dru\u017ebi, saj s svojo povr\u0161ino 839 cm\u00b2 olaj\u0161a pripravo slastnih obrokov...","robots":{"index":"index","follow":"follow","max-snippet":"max-snippet:-1","max-image-preview":"max-image-preview:large","max-video-preview":"max-video-preview:-1"},"canonical":"https:\/\/opremazakampiranje.si\/en\/izdelek\/plosca-za-zar-biolite-firepit\/","og_locale":"en_US","og_type":"article","og_title":"Plo\u0161\u010da za \u017ear BioLite Firepit+ - Oprema za kampiranje","og_description":"Plo\u0161\u010da za \u017ear BioLite Firepit+ omogo\u010da, da boste v pe\u010denju u\u017eivali tudi ob ve\u010dji dru\u017ebi, saj s svojo povr\u0161ino 839 cm\u00b2 olaj\u0161a pripravo slastnih obrokov...","og_url":"https:\/\/opremazakampiranje.si\/en\/izdelek\/plosca-za-zar-biolite-firepit\/","og_site_name":"Oprema za kampiranje","article_modified_time":"2024-10-23T08:58:29+00:00","og_image":[{"width":800,"height":800,"url":"https:\/\/opremazakampiranje.si\/wp-content\/uploads\/2024\/10\/plosca-za-zar-biolite-firepit.jpg","type":"image\/jpeg"}],"twitter_card":"summary_large_image","twitter_misc":{"Est. reading time":"3 minutes"},"schema":{"@context":"https:\/\/schema.org","@graph":[{"@type":"WebPage","@id":"https:\/\/opremazakampiranje.si\/en\/izdelek\/plosca-za-zar-biolite-firepit\/","url":"https:\/\/opremazakampiranje.si\/en\/izdelek\/plosca-za-zar-biolite-firepit\/","name":"Plo\u0161\u010da za \u017ear BioLite Firepit+ - Oprema za kampiranje","isPartOf":{"@id":"https:\/\/opremazakampiranje.si\/en\/#website"},"primaryImageOfPage":{"@id":"https:\/\/opremazakampiranje.si\/en\/izdelek\/plosca-za-zar-biolite-firepit\/#primaryimage"},"image":{"@id":"https:\/\/opremazakampiranje.si\/en\/izdelek\/plosca-za-zar-biolite-firepit\/#primaryimage"},"thumbnailUrl":"https:\/\/opremazakampiranje.si\/wp-content\/uploads\/2024\/10\/plosca-za-zar-biolite-firepit.jpg","datePublished":"2024-10-22T10:15:37+00:00","dateModified":"2024-10-23T08:58:29+00:00","description":"Plo\u0161\u010da za \u017ear BioLite Firepit+ omogo\u010da, da boste v pe\u010denju u\u017eivali tudi ob ve\u010dji dru\u017ebi, saj s svojo povr\u0161ino 839 cm\u00b2 olaj\u0161a pripravo slastnih obrokov...","breadcrumb":{"@id":"https:\/\/opremazakampiranje.si\/en\/izdelek\/plosca-za-zar-biolite-firepit\/#breadcrumb"},"inLanguage":"en-US","potentialAction":[{"@type":"ReadAction","target":["https:\/\/opremazakampiranje.si\/en\/izdelek\/plosca-za-zar-biolite-firepit\/"]}]},{"@type":"ImageObject","inLanguage":"en-US","@id":"https:\/\/opremazakampiranje.si\/en\/izdelek\/plosca-za-zar-biolite-firepit\/#primaryimage","url":"https:\/\/opremazakampiranje.si\/wp-content\/uploads\/2024\/10\/plosca-za-zar-biolite-firepit.jpg","contentUrl":"https:\/\/opremazakampiranje.si\/wp-content\/uploads\/2024\/10\/plosca-za-zar-biolite-firepit.jpg","width":800,"height":800,"caption":"Plo\u0161\u010da za \u017ear iz lito \u017eeleza, ki omogo\u010da idealno pripravo obrokov, tudi za ve\u010d ljudi"},{"@type":"BreadcrumbList","@id":"https:\/\/opremazakampiranje.si\/en\/izdelek\/plosca-za-zar-biolite-firepit\/#breadcrumb","itemListElement":[{"@type":"ListItem","position":1,"name":"Home","item":"https:\/\/opremazakampiranje.si\/en\/"},{"@type":"ListItem","position":2,"name":"Trgovina","item":"https:\/\/opremazakampiranje.si\/trgovina\/"},{"@type":"ListItem","position":3,"name":"Plo\u0161\u010da za \u017ear BioLite Firepit+"}]},{"@type":"WebSite","@id":"https:\/\/opremazakampiranje.si\/en\/#website","url":"https:\/\/opremazakampiranje.si\/en\/","name":"Oprema za kampiranje","description":"","potentialAction":[{"@type":"SearchAction","target":{"@type":"EntryPoint","urlTemplate":"https:\/\/opremazakampiranje.si\/en\/?s={search_term_string}"},"query-input":{"@type":"PropertyValueSpecification","valueRequired":true,"valueName":"search_term_string"}}],"inLanguage":"en-US"}]}},"_links":{"self":[{"href":"https:\/\/opremazakampiranje.si\/en\/wp-json\/wp\/v2\/product\/11176","targetHints":{"allow":["GET"]}}],"collection":[{"href":"https:\/\/opremazakampiranje.si\/en\/wp-json\/wp\/v2\/product"}],"about":[{"href":"https:\/\/opremazakampiranje.si\/en\/wp-json\/wp\/v2\/types\/product"}],"replies":[{"embeddable":true,"href":"https:\/\/opremazakampiranje.si\/en\/wp-json\/wp\/v2\/comments?post=11176"}],"version-history":[{"count":6,"href":"https:\/\/opremazakampiranje.si\/en\/wp-json\/wp\/v2\/product\/11176\/revisions"}],"predecessor-version":[{"id":11238,"href":"https:\/\/opremazakampiranje.si\/en\/wp-json\/wp\/v2\/product\/11176\/revisions\/11238"}],"wp:featuredmedia":[{"embeddable":true,"href":"https:\/\/opremazakampiranje.si\/en\/wp-json\/wp\/v2\/media\/11220"}],"wp:attachment":[{"href":"https:\/\/opremazakampiranje.si\/en\/wp-json\/wp\/v2\/media?parent=11176"}],"wp:term":[{"taxonomy":"product_cat","embeddable":true,"href":"https:\/\/opremazakampiranje.si\/en\/wp-json\/wp\/v2\/product_cat?post=11176"},{"taxonomy":"product_tag","embeddable":true,"href":"https:\/\/opremazakampiranje.si\/en\/wp-json\/wp\/v2\/product_tag?post=11176"}],"curies":[{"name":"wp","href":"https:\/\/api.w.org\/{rel}","templated":true}]}}