{"id":11150,"date":"2024-10-22T10:10:23","date_gmt":"2024-10-22T09:10:23","guid":{"rendered":"https:\/\/opremazakampiranje.si\/?post_type=product&#038;p=11150"},"modified":"2024-10-23T09:15:15","modified_gmt":"2024-10-23T08:15:15","slug":"torba-za-prenosni-zar-biolite-firepit","status":"publish","type":"product","link":"https:\/\/opremazakampiranje.si\/en\/izdelek\/torba-za-prenosni-zar-biolite-firepit\/","title":{"rendered":"Torba za prenosni \u017ear BioLite Firepit+"},"content":{"rendered":"\t\t<div data-elementor-type=\"wp-post\" data-elementor-id=\"11150\" class=\"elementor elementor-11150\">\n\t\t\t\t<div class=\"elementor-element elementor-element-4010cbf e-flex e-con-boxed e-con e-parent\" data-id=\"4010cbf\" data-element_type=\"container\">\n\t\t\t\t\t<div class=\"e-con-inner\">\n\t\t\t\t<div class=\"elementor-element elementor-element-790afde elementor-widget elementor-widget-wd_text_block\" data-id=\"790afde\" data-element_type=\"widget\" data-widget_type=\"wd_text_block.default\">\n\t\t\t\t<div class=\"elementor-widget-container\">\n\t\t\t\t\t<div class=\"wd-text-block reset-last-child text-left\">\n\t\t\t\n\t\t\t<h2>Torba za prenosni<a href=\"https:\/\/opremazakampiranje.si\/izdelek\/prenosni-zar-biolite-firepit\/\"> \u017ear BioLite <strong>Firepit+<\/strong><\/a> je kot nala\u0161\u010d za ljudi, ki \u017eelijo svoj \u017ear vzeti s seboj na izlet, kampiranje ali piknik.<\/h2><p>Omogo\u010da vam enostaven prenos iz ene lokacije na drugo. Torba za prenosni \u017ear BioLite FirePit+ je narejena je iz mo\u010dnih materialov, ki <span style=\"text-decoration: underline;\"><strong>\u017ear<\/strong><\/span> varujejo pred de\u017ejem, prahom, umazanijo in drugimi vremenskimi vplivi. Torba je majhna in se lahko zlo\u017ei, kar olaj\u0161a shranjevanje. Ima ergonomske ro\u010daje, zato je prena\u0161anje \u0161e bolj enostavno.\u00a0<\/p><ul><li><p><strong>Udobno in funkcionalno<\/strong> \u2013 Z oblazinjenimi ro\u010daji in prilagodljivim naramnim trakom je no\u0161enje bolj udobno. Torba ima tudi dodatne \u017eepe, kamor lahko shranite manj\u0161e dodatke za svoj \u017ear <span style=\"text-decoration: underline;\"><a href=\"https:\/\/opremazakampiranje.si\/izdelek\/prenosni-zar-biolite-firepit\/\">FirePit+<\/a><\/span>.<\/p><\/li><li><p><strong>Kompaktna zasnova<\/strong> \u2013 Kljub veliki kapaciteti torba ostaja izjemno kompaktna, kar pomeni, da jo lahko enostavno shrani\u0161, ko je ne potrebujete.<\/p><\/li><li><p><strong>Eleganten in robusten dizajn<\/strong> \u2013 Torba ni le prakti\u010dna, ampak tudi stilska. Z modernim dizajnom in robustnimi materiali bo va\u0161 FirePit+ vedno pripravljen na naslednjo pustolov\u0161\u010dino.<\/p><\/li><\/ul><h2>Tehni\u010dne specifikacije:<\/h2><ul><li><strong>Te\u017ea<\/strong>: 9.1 kg<\/li><li><strong>Dimenzije zlo\u017eene torbe<\/strong>: 66 x 27 x 33 cm<\/li><li><strong>Dimenzije razprte torbe<\/strong>: 70 x 40 x 36 cm<\/li><\/ul>\n\t\t\t\t\t<\/div>\n\t\t\t\t<\/div>\n\t\t\t\t<\/div>\n\t\t\t\t\t<\/div>\n\t\t\t\t<\/div>\n\t\t\t\t<\/div>\n\t\t","protected":false},"excerpt":{"rendered":"<ul>\n<li><strong>Torba za enostaven prenos \u017eara FirePit+.<\/strong><\/li>\n<li><strong>Narejena iz visokokakovostnih materialov, ki \u0161\u010ditijo \u017ear pred po\u0161kodbami in obrabo.<\/strong><\/li>\n<li><strong>Torba je odporna na vodo, prah in umazanijo.<\/strong><\/li>\n<\/ul>\n","protected":false},"featured_media":11153,"comment_status":"closed","ping_status":"closed","template":"","meta":[],"product_cat":[93,109],"product_tag":[146,148,145,138,144,150,147,149],"class_list":{"0":"post-11150","1":"product","2":"type-product","3":"status-publish","4":"has-post-thumbnail","6":"product_cat-kamping-in-prosti-cas","7":"product_cat-kuhalniki-zari-pribor","8":"product_tag-biolite","9":"product_tag-firepit","10":"product_tag-kamp-oprema","11":"product_tag-kamping","12":"product_tag-piknik","13":"product_tag-prenosna-torba","14":"product_tag-prenosni-zar","15":"product_tag-torba","17":"first","18":"onbackorder","19":"taxable","20":"shipping-taxable","21":"purchasable","22":"product-type-simple"},"yoast_head":"<!-- This site is optimized with the Yoast SEO plugin v23.9 - https:\/\/yoast.com\/wordpress\/plugins\/seo\/ -->\n<title>Torba za prenosni \u017ear BioLite Firepit+ - Oprema za kampiranje<\/title>\n<meta name=\"description\" content=\"Torba za prenosni \u017ear BioLite Firepit+ vam omogo\u010da preprost in varen transport prenosnega \u017eara iz ene lokacije na drugo, brez da bi se pri tem po\u0161kodoval...\" \/>\n<meta name=\"robots\" content=\"index, follow, max-snippet:-1, max-image-preview:large, max-video-preview:-1\" \/>\n<link rel=\"canonical\" href=\"https:\/\/opremazakampiranje.si\/en\/izdelek\/torba-za-prenosni-zar-biolite-firepit\/\" \/>\n<meta property=\"og:locale\" content=\"en_US\" \/>\n<meta property=\"og:type\" content=\"article\" \/>\n<meta property=\"og:title\" content=\"Torba za prenosni \u017ear BioLite Firepit+ - Oprema za kampiranje\" \/>\n<meta property=\"og:description\" content=\"Torba za prenosni \u017ear BioLite Firepit+ vam omogo\u010da preprost in varen transport prenosnega \u017eara iz ene lokacije na drugo, brez da bi se pri tem po\u0161kodoval...\" \/>\n<meta property=\"og:url\" content=\"https:\/\/opremazakampiranje.si\/en\/izdelek\/torba-za-prenosni-zar-biolite-firepit\/\" \/>\n<meta property=\"og:site_name\" content=\"Oprema za kampiranje\" \/>\n<meta property=\"article:modified_time\" content=\"2024-10-23T08:15:15+00:00\" \/>\n<meta property=\"og:image\" content=\"https:\/\/opremazakampiranje.si\/wp-content\/uploads\/2024\/10\/torba-za-prenosni-zar-biolite-firepit.jpg\" \/>\n\t<meta property=\"og:image:width\" content=\"800\" \/>\n\t<meta property=\"og:image:height\" content=\"800\" \/>\n\t<meta property=\"og:image:type\" content=\"image\/jpeg\" \/>\n<meta name=\"twitter:card\" content=\"summary_large_image\" \/>\n<meta name=\"twitter:label1\" content=\"Est. reading time\" \/>\n\t<meta name=\"twitter:data1\" content=\"1 minute\" \/>\n<script type=\"application\/ld+json\" class=\"yoast-schema-graph\">{\"@context\":\"https:\/\/schema.org\",\"@graph\":[{\"@type\":\"WebPage\",\"@id\":\"https:\/\/opremazakampiranje.si\/en\/izdelek\/torba-za-prenosni-zar-biolite-firepit\/\",\"url\":\"https:\/\/opremazakampiranje.si\/en\/izdelek\/torba-za-prenosni-zar-biolite-firepit\/\",\"name\":\"Torba za prenosni \u017ear BioLite Firepit+ - Oprema za kampiranje\",\"isPartOf\":{\"@id\":\"https:\/\/opremazakampiranje.si\/en\/#website\"},\"primaryImageOfPage\":{\"@id\":\"https:\/\/opremazakampiranje.si\/en\/izdelek\/torba-za-prenosni-zar-biolite-firepit\/#primaryimage\"},\"image\":{\"@id\":\"https:\/\/opremazakampiranje.si\/en\/izdelek\/torba-za-prenosni-zar-biolite-firepit\/#primaryimage\"},\"thumbnailUrl\":\"https:\/\/opremazakampiranje.si\/wp-content\/uploads\/2024\/10\/torba-za-prenosni-zar-biolite-firepit.jpg\",\"datePublished\":\"2024-10-22T09:10:23+00:00\",\"dateModified\":\"2024-10-23T08:15:15+00:00\",\"description\":\"Torba za prenosni \u017ear BioLite Firepit+ vam omogo\u010da preprost in varen transport prenosnega \u017eara iz ene lokacije na drugo, brez da bi se pri tem po\u0161kodoval...\",\"breadcrumb\":{\"@id\":\"https:\/\/opremazakampiranje.si\/en\/izdelek\/torba-za-prenosni-zar-biolite-firepit\/#breadcrumb\"},\"inLanguage\":\"en-US\",\"potentialAction\":[{\"@type\":\"ReadAction\",\"target\":[\"https:\/\/opremazakampiranje.si\/en\/izdelek\/torba-za-prenosni-zar-biolite-firepit\/\"]}]},{\"@type\":\"ImageObject\",\"inLanguage\":\"en-US\",\"@id\":\"https:\/\/opremazakampiranje.si\/en\/izdelek\/torba-za-prenosni-zar-biolite-firepit\/#primaryimage\",\"url\":\"https:\/\/opremazakampiranje.si\/wp-content\/uploads\/2024\/10\/torba-za-prenosni-zar-biolite-firepit.jpg\",\"contentUrl\":\"https:\/\/opremazakampiranje.si\/wp-content\/uploads\/2024\/10\/torba-za-prenosni-zar-biolite-firepit.jpg\",\"width\":800,\"height\":800,\"caption\":\"CREATOR: gd-jpeg v1.0 (using IJG JPEG v62), quality = 80\"},{\"@type\":\"BreadcrumbList\",\"@id\":\"https:\/\/opremazakampiranje.si\/en\/izdelek\/torba-za-prenosni-zar-biolite-firepit\/#breadcrumb\",\"itemListElement\":[{\"@type\":\"ListItem\",\"position\":1,\"name\":\"Home\",\"item\":\"https:\/\/opremazakampiranje.si\/en\/\"},{\"@type\":\"ListItem\",\"position\":2,\"name\":\"Trgovina\",\"item\":\"https:\/\/opremazakampiranje.si\/trgovina\/\"},{\"@type\":\"ListItem\",\"position\":3,\"name\":\"Torba za prenosni \u017ear BioLite Firepit+\"}]},{\"@type\":\"WebSite\",\"@id\":\"https:\/\/opremazakampiranje.si\/en\/#website\",\"url\":\"https:\/\/opremazakampiranje.si\/en\/\",\"name\":\"Oprema za kampiranje\",\"description\":\"\",\"potentialAction\":[{\"@type\":\"SearchAction\",\"target\":{\"@type\":\"EntryPoint\",\"urlTemplate\":\"https:\/\/opremazakampiranje.si\/en\/?s={search_term_string}\"},\"query-input\":{\"@type\":\"PropertyValueSpecification\",\"valueRequired\":true,\"valueName\":\"search_term_string\"}}],\"inLanguage\":\"en-US\"}]}<\/script>\n<!-- \/ Yoast SEO plugin. -->","yoast_head_json":{"title":"Torba za prenosni \u017ear BioLite Firepit+ - Oprema za kampiranje","description":"Torba za prenosni \u017ear BioLite Firepit+ vam omogo\u010da preprost in varen transport prenosnega \u017eara iz ene lokacije na drugo, brez da bi se pri tem po\u0161kodoval...","robots":{"index":"index","follow":"follow","max-snippet":"max-snippet:-1","max-image-preview":"max-image-preview:large","max-video-preview":"max-video-preview:-1"},"canonical":"https:\/\/opremazakampiranje.si\/en\/izdelek\/torba-za-prenosni-zar-biolite-firepit\/","og_locale":"en_US","og_type":"article","og_title":"Torba za prenosni \u017ear BioLite Firepit+ - Oprema za kampiranje","og_description":"Torba za prenosni \u017ear BioLite Firepit+ vam omogo\u010da preprost in varen transport prenosnega \u017eara iz ene lokacije na drugo, brez da bi se pri tem po\u0161kodoval...","og_url":"https:\/\/opremazakampiranje.si\/en\/izdelek\/torba-za-prenosni-zar-biolite-firepit\/","og_site_name":"Oprema za kampiranje","article_modified_time":"2024-10-23T08:15:15+00:00","og_image":[{"width":800,"height":800,"url":"https:\/\/opremazakampiranje.si\/wp-content\/uploads\/2024\/10\/torba-za-prenosni-zar-biolite-firepit.jpg","type":"image\/jpeg"}],"twitter_card":"summary_large_image","twitter_misc":{"Est. reading time":"1 minute"},"schema":{"@context":"https:\/\/schema.org","@graph":[{"@type":"WebPage","@id":"https:\/\/opremazakampiranje.si\/en\/izdelek\/torba-za-prenosni-zar-biolite-firepit\/","url":"https:\/\/opremazakampiranje.si\/en\/izdelek\/torba-za-prenosni-zar-biolite-firepit\/","name":"Torba za prenosni \u017ear BioLite Firepit+ - Oprema za kampiranje","isPartOf":{"@id":"https:\/\/opremazakampiranje.si\/en\/#website"},"primaryImageOfPage":{"@id":"https:\/\/opremazakampiranje.si\/en\/izdelek\/torba-za-prenosni-zar-biolite-firepit\/#primaryimage"},"image":{"@id":"https:\/\/opremazakampiranje.si\/en\/izdelek\/torba-za-prenosni-zar-biolite-firepit\/#primaryimage"},"thumbnailUrl":"https:\/\/opremazakampiranje.si\/wp-content\/uploads\/2024\/10\/torba-za-prenosni-zar-biolite-firepit.jpg","datePublished":"2024-10-22T09:10:23+00:00","dateModified":"2024-10-23T08:15:15+00:00","description":"Torba za prenosni \u017ear BioLite Firepit+ vam omogo\u010da preprost in varen transport prenosnega \u017eara iz ene lokacije na drugo, brez da bi se pri tem po\u0161kodoval...","breadcrumb":{"@id":"https:\/\/opremazakampiranje.si\/en\/izdelek\/torba-za-prenosni-zar-biolite-firepit\/#breadcrumb"},"inLanguage":"en-US","potentialAction":[{"@type":"ReadAction","target":["https:\/\/opremazakampiranje.si\/en\/izdelek\/torba-za-prenosni-zar-biolite-firepit\/"]}]},{"@type":"ImageObject","inLanguage":"en-US","@id":"https:\/\/opremazakampiranje.si\/en\/izdelek\/torba-za-prenosni-zar-biolite-firepit\/#primaryimage","url":"https:\/\/opremazakampiranje.si\/wp-content\/uploads\/2024\/10\/torba-za-prenosni-zar-biolite-firepit.jpg","contentUrl":"https:\/\/opremazakampiranje.si\/wp-content\/uploads\/2024\/10\/torba-za-prenosni-zar-biolite-firepit.jpg","width":800,"height":800,"caption":"CREATOR: gd-jpeg v1.0 (using IJG JPEG v62), quality = 80"},{"@type":"BreadcrumbList","@id":"https:\/\/opremazakampiranje.si\/en\/izdelek\/torba-za-prenosni-zar-biolite-firepit\/#breadcrumb","itemListElement":[{"@type":"ListItem","position":1,"name":"Home","item":"https:\/\/opremazakampiranje.si\/en\/"},{"@type":"ListItem","position":2,"name":"Trgovina","item":"https:\/\/opremazakampiranje.si\/trgovina\/"},{"@type":"ListItem","position":3,"name":"Torba za prenosni \u017ear BioLite Firepit+"}]},{"@type":"WebSite","@id":"https:\/\/opremazakampiranje.si\/en\/#website","url":"https:\/\/opremazakampiranje.si\/en\/","name":"Oprema za kampiranje","description":"","potentialAction":[{"@type":"SearchAction","target":{"@type":"EntryPoint","urlTemplate":"https:\/\/opremazakampiranje.si\/en\/?s={search_term_string}"},"query-input":{"@type":"PropertyValueSpecification","valueRequired":true,"valueName":"search_term_string"}}],"inLanguage":"en-US"}]}},"_links":{"self":[{"href":"https:\/\/opremazakampiranje.si\/en\/wp-json\/wp\/v2\/product\/11150","targetHints":{"allow":["GET"]}}],"collection":[{"href":"https:\/\/opremazakampiranje.si\/en\/wp-json\/wp\/v2\/product"}],"about":[{"href":"https:\/\/opremazakampiranje.si\/en\/wp-json\/wp\/v2\/types\/product"}],"replies":[{"embeddable":true,"href":"https:\/\/opremazakampiranje.si\/en\/wp-json\/wp\/v2\/comments?post=11150"}],"version-history":[{"count":32,"href":"https:\/\/opremazakampiranje.si\/en\/wp-json\/wp\/v2\/product\/11150\/revisions"}],"predecessor-version":[{"id":11218,"href":"https:\/\/opremazakampiranje.si\/en\/wp-json\/wp\/v2\/product\/11150\/revisions\/11218"}],"wp:featuredmedia":[{"embeddable":true,"href":"https:\/\/opremazakampiranje.si\/en\/wp-json\/wp\/v2\/media\/11153"}],"wp:attachment":[{"href":"https:\/\/opremazakampiranje.si\/en\/wp-json\/wp\/v2\/media?parent=11150"}],"wp:term":[{"taxonomy":"product_cat","embeddable":true,"href":"https:\/\/opremazakampiranje.si\/en\/wp-json\/wp\/v2\/product_cat?post=11150"},{"taxonomy":"product_tag","embeddable":true,"href":"https:\/\/opremazakampiranje.si\/en\/wp-json\/wp\/v2\/product_tag?post=11150"}],"curies":[{"name":"wp","href":"https:\/\/api.w.org\/{rel}","templated":true}]}}