{"id":11121,"date":"2024-10-21T10:11:05","date_gmt":"2024-10-21T09:11:05","guid":{"rendered":"https:\/\/opremazakampiranje.si\/?post_type=product&#038;p=11121"},"modified":"2024-10-23T08:56:16","modified_gmt":"2024-10-23T07:56:16","slug":"prenosni-zar-biolite-firepit","status":"publish","type":"product","link":"https:\/\/opremazakampiranje.si\/en\/izdelek\/prenosni-zar-biolite-firepit\/","title":{"rendered":"Prenosni \u017ear Biolite FirePit+"},"content":{"rendered":"\t\t<div data-elementor-type=\"wp-post\" data-elementor-id=\"11121\" class=\"elementor elementor-11121\">\n\t\t\t\t<div class=\"elementor-element elementor-element-4010cbf e-flex e-con-boxed e-con e-parent\" data-id=\"4010cbf\" data-element_type=\"container\">\n\t\t\t\t\t<div class=\"e-con-inner\">\n\t\t\t\t<div class=\"elementor-element elementor-element-790afde elementor-widget elementor-widget-wd_text_block\" data-id=\"790afde\" data-element_type=\"widget\" data-widget_type=\"wd_text_block.default\">\n\t\t\t\t<div class=\"elementor-widget-container\">\n\t\t\t\t\t<div class=\"wd-text-block reset-last-child text-left\">\n\t\t\t\n\t\t\t<article class=\"w-full text-token-text-primary focus-visible:outline-2 focus-visible:outline-offset-[-4px]\" dir=\"auto\" data-testid=\"conversation-turn-7\" data-scroll-anchor=\"false\"><div class=\"m-auto text-base py-[18px] px-3 md:px-4 w-full md:px-5 lg:px-4 xl:px-5\"><div class=\"mx-auto flex flex-1 gap-4 text-base md:gap-5 lg:gap-6 md:max-w-3xl lg:max-w-[40rem] xl:max-w-[48rem]\"><div class=\"group\/conversation-turn relative flex w-full min-w-0 flex-col agent-turn\"><div class=\"flex-col gap-1 md:gap-3\"><div class=\"flex max-w-full flex-col flex-grow\"><div class=\"min-h-8 text-message flex w-full flex-col items-end gap-2 whitespace-normal break-words [.text-message+&amp;]:mt-5\" dir=\"auto\" data-message-author-role=\"assistant\" data-message-id=\"f85540de-331a-41a3-8d03-896918288bb7\" data-message-model-slug=\"gpt-4o\"><div class=\"flex w-full flex-col gap-1 empty:hidden first:pt-[3px]\"><div class=\"markdown prose w-full break-words dark:prose-invert light\"><p>Prenosni<strong> \u017ear BioLite FirePit+ vam omogo\u010da, da u\u017eivate v toplini kampiranja. Brez dima in s popolnim nadzorom nad ognjem. Izkoristite zmogljiv ventilatorski sistem, ki z naprednim kro\u017eenjem zraka zagotavlja \u010disto izgorevanje oglja ali drv, kar pomeni, da ustvarja zelo malo dima.<\/strong> S prenosnim \u017earom FirePit+ lahko neovirano u\u017eivate ob peki hrane ali preprosto ob ve\u010dernem ognju.<\/p><h2><strong>Klju\u010dne lastnosti:<\/strong><\/h2><ul><li><strong>Tehnologija brez dima: <\/strong>Posebno patentiran sistem ventilatorja omogo\u010da bolj\u0161e izgorevanje drv in oglja, kar mo\u010dno zmanj\u0161a dim.<\/li><li><strong>Nadzor ognja preko aplikacije:<\/strong> Z povezavo Bluetooth lahko ventilatorske hitrosti nadzirate neposredno iz telefona in s tem prilagajate mo\u010d ognja.<\/li><li><strong>Ve\u010dnamenska uporaba:<\/strong> Uporabite ga lahko kot \u017ear za pripravo hrane ali kot ognji\u0161\u010de za spro\u0161\u010danje ob ve\u010dernem ognju.<\/li><li><strong>Prenosljivost:<\/strong> Lahka zasnova omogo\u010da, da ga boste s to<strong> <a href=\"https:\/\/opremazakampiranje.si\/izdelek\/torba-za-prenosni-zar-biolite-firepit\/\">torbo za \u017ear<\/a><\/strong> zlahka prinesli na piknik, v kamp ali pa na svoj vrt.<\/li><li><strong>Dolgotrajna baterija:<\/strong> Vgrajena baterija vam omogo\u010da do 30 ur delovanja ventilatorja, kar zagotavlja neprekinjeno izku\u0161njo ognja.<\/li><li><strong>Enostavno \u010di\u0161\u010denje:<\/strong> Ognji\u0161\u010de z mre\u017eastimi stenami omogo\u010da enostavno odstranjevanje pepela in \u010di\u0161\u010denje ostalih delov \u017eara.<\/li><\/ul><p><strong><img fetchpriority=\"high\" decoding=\"async\" class=\"aligncenter wp-image-11124 size-full\" src=\"https:\/\/opremazakampiranje.si\/wp-content\/uploads\/2024\/10\/prenosni-zar-biolite-firepit-7.jpg\" alt=\"prenosni \u017ear BioLite je primeren za kampiranje, prosti \u010das v naravi ali pa doma\" width=\"800\" height=\"533\" srcset=\"https:\/\/opremazakampiranje.si\/wp-content\/uploads\/2024\/10\/prenosni-zar-biolite-firepit-7.jpg 800w, https:\/\/opremazakampiranje.si\/wp-content\/uploads\/2024\/10\/prenosni-zar-biolite-firepit-7-300x200.jpg 300w, https:\/\/opremazakampiranje.si\/wp-content\/uploads\/2024\/10\/prenosni-zar-biolite-firepit-7-768x512.jpg 768w, https:\/\/opremazakampiranje.si\/wp-content\/uploads\/2024\/10\/prenosni-zar-biolite-firepit-7-148x99.jpg 148w\" sizes=\"(max-width: 800px) 100vw, 800px\" \/><\/strong><\/p><\/div><\/div><\/div><\/div><\/div><\/div><\/div><\/div><\/article><article class=\"w-full text-token-text-primary focus-visible:outline-2 focus-visible:outline-offset-[-4px]\" dir=\"auto\" data-testid=\"conversation-turn-9\" data-scroll-anchor=\"true\"><div class=\"m-auto text-base py-[18px] px-3 md:px-4 w-full md:px-5 lg:px-4 xl:px-5\"><div class=\"mx-auto flex flex-1 gap-4 text-base md:gap-5 lg:gap-6 md:max-w-3xl lg:max-w-[40rem] xl:max-w-[48rem]\"><div class=\"group\/conversation-turn relative flex w-full min-w-0 flex-col agent-turn\"><div class=\"flex-col gap-1 md:gap-3\"><div class=\"flex max-w-full flex-col flex-grow\"><div class=\"min-h-8 text-message flex w-full flex-col items-end gap-2 whitespace-normal break-words [.text-message+&amp;]:mt-5\" dir=\"auto\" data-message-author-role=\"assistant\" data-message-id=\"aef2b461-8ce9-4d55-8116-f141036a4736\" data-message-model-slug=\"gpt-4o\"><div class=\"flex w-full flex-col gap-1 empty:hidden first:pt-[3px]\"><div class=\"markdown prose w-full break-words dark:prose-invert light\"><p><em>U\u017eivajte v \u010distem, brezdimnem ognju kjerkoli s prenosnim \u017earom BioLite FirePit+. Zagotovite si pristno izku\u0161njo ob tabornem ognju ali \u017earu, ne glede na to, kje se nahajate.<\/em><\/p><\/div><h3><strong>Specifikacija \u017eara:<\/strong><\/h3><p><img decoding=\"async\" class=\"aligncenter wp-image-11143 size-full\" src=\"https:\/\/opremazakampiranje.si\/wp-content\/uploads\/2024\/10\/prenosni-zar-biolite-firepit-7.png\" alt=\"specifikacija BioLite FirePit+\" width=\"800\" height=\"800\" srcset=\"https:\/\/opremazakampiranje.si\/wp-content\/uploads\/2024\/10\/prenosni-zar-biolite-firepit-7.png 800w, https:\/\/opremazakampiranje.si\/wp-content\/uploads\/2024\/10\/prenosni-zar-biolite-firepit-7-300x300.png 300w, https:\/\/opremazakampiranje.si\/wp-content\/uploads\/2024\/10\/prenosni-zar-biolite-firepit-7-150x150.png 150w, https:\/\/opremazakampiranje.si\/wp-content\/uploads\/2024\/10\/prenosni-zar-biolite-firepit-7-768x768.png 768w, https:\/\/opremazakampiranje.si\/wp-content\/uploads\/2024\/10\/prenosni-zar-biolite-firepit-7-600x600.png 600w, https:\/\/opremazakampiranje.si\/wp-content\/uploads\/2024\/10\/prenosni-zar-biolite-firepit-7-148x148.png 148w\" sizes=\"(max-width: 800px) 100vw, 800px\" \/><\/p><div class=\"markdown prose w-full break-words dark:prose-invert light\"><p><strong>Anatomija FirePit+<\/strong><\/p><ul><li><strong>1. USB polnilni baterijski paket<\/strong> s kapaciteto 12.800 mAh poganja ventilator za va\u0161 ogenj do 30 ur. Enostavno odstranite in napolnite preko USB-ja.<\/li><li><strong>2. 51 zra\u010dnih \u0161ob<\/strong> dovaja kisik ognju na klju\u010dnih mestih, kar ustvarja enakomerno temperaturo in bolj\u0161e me\u0161anje plinov znotraj ognja, kar mo\u010dno izbolj\u0161a zgorevanje.<\/li><li><strong>3. Zlo\u017eljive noge<\/strong> omogo\u010dajo enostavno prenosljivost. V kombinaciji z nosilno torbo ste pripravljeni na hitro premikanje iz ene lokacije na drugo.\u00a0<\/li><li><strong>4. Re\u0161etka za \u017ear<\/strong> omogo\u010da pripravo obrokov v pravem slogu. Nosilec za gorivo je nastavljiv, da lahko uporabljate dva tipa goriva \u2013<strong> les ali oglje.<\/strong><\/li><li><strong>X-Ray mre\u017ea<\/strong> omogo\u010da toploti, da se \u0161iri navzven z 360\u00b0 pogledom: \u017eare\u010de \u017eerjavice na dnu, les v sredini in plamen na vrhu.<\/li><\/ul><h3><strong>Tehni\u010dne<\/strong><strong> specifikacije za \u017ear BioLite FirePit+:<\/strong><\/h3><ul><li><strong>Dimenzije:<\/strong> 69.1 x 33.02 x 40.13 cm<\/li><li><strong>Te\u017ea:<\/strong> 8.98 kg<\/li><li><strong>Material:<\/strong> Jeklo z emajlirano prevleko<\/li><li><strong>Kapaciteta kuri\u0161\u010da:<\/strong> Do 4 polena dol\u017eine do 45 cm<\/li><li><strong>Baterija:<\/strong> 12,800 mAh (vgrajena), do 30 ur delovanja<ul><li>Nizka hitrost ventilatorja: do 30 ur<\/li><li>Srednja hitrost ventilatorja: do 14 ur<\/li><li>Visoka hitrost ventilatorja: do 7 ur<\/li><\/ul><\/li><li><strong>Bluetooth povezljivost:<\/strong> Da, za nadzor ventilatorja preko mobilne aplikacije<\/li><li><strong>Ventilatorski sistem:<\/strong> 4 hitrosti za optimizirano kro\u017eenje zraka<\/li><li><strong>Vrsta goriva:<\/strong> Drva ali oglje<\/li><li><strong>Tip zgorevanja:<\/strong> Patentirano brezdimno zgorevanje s pomo\u010djo ventilatorja<\/li><li><strong>Mre\u017easte stranice:<\/strong> Omogo\u010dajo bolj\u0161e kro\u017eenje zraka in vidljivost ognja<\/li><li><strong>Uporaba:<\/strong> Prenosni \u017ear in ognji\u0161\u010de<\/li><\/ul><p><strong>Prenosni \u017ear BioLite FirePit+ je zasnovan za maksimalno prenosljivost in vsestranskost, hkrati pa zagotavlja vrhunsko uporabni\u0161ko izku\u0161njo z brezdimnim ognjem in mo\u017enostjo prilagajanja mo\u010di ventilatorja.<\/strong><\/p><\/div><\/div><\/div><\/div><\/div><\/div><\/div><\/div><\/article>\n\t\t\t\t\t<\/div>\n\t\t\t\t<\/div>\n\t\t\t\t<\/div>\n\t\t\t\t\t<\/div>\n\t\t\t\t<\/div>\n\t\t\t\t<\/div>\n\t\t","protected":false},"excerpt":{"rendered":"<ul>\n<li><strong>Nadzor plamena preko aplikacije<\/strong> s pomo\u010djo Bluetooth.<\/li>\n<li><b>Uporaba<\/b> za kuhanje na \u017earu ali za ogenj brez dima.<\/li>\n<li><strong>Prenosen in kompakten <\/strong>dizajn, ki omogo\u010da enostavno prena\u0161anje.<\/li>\n<li><strong>Dolgo delovanje baterije, <\/strong>ki mogo\u010da do 24 ur delovanja ventilatorja na eni polnitvi.<\/li>\n<\/ul>\n","protected":false},"featured_media":11130,"comment_status":"closed","ping_status":"closed","template":"","meta":[],"product_cat":[93,109],"product_tag":[143,146,148,145,138,144,147],"class_list":{"0":"post-11121","1":"product","2":"type-product","3":"status-publish","4":"has-post-thumbnail","6":"product_cat-kamping-in-prosti-cas","7":"product_cat-kuhalniki-zari-pribor","8":"product_tag-zar","9":"product_tag-biolite","10":"product_tag-firepit","11":"product_tag-kamp-oprema","12":"product_tag-kamping","13":"product_tag-piknik","14":"product_tag-prenosni-zar","16":"first","17":"onbackorder","18":"taxable","19":"shipping-taxable","20":"purchasable","21":"product-type-simple"},"yoast_head":"<!-- This site is optimized with the Yoast SEO plugin v23.9 - https:\/\/yoast.com\/wordpress\/plugins\/seo\/ -->\n<title>Prenosni \u017ear Biolite FirePit+ - Oprema za kampiranje<\/title>\n<meta name=\"description\" content=\"Prenosni \u017ear Biolite FirePit+ je inovativen prenosni \u017ear na drva, ki ti omogo\u010da pristno do\u017eivetje kampiranja in to brez mote\u010dega dima...\" \/>\n<meta name=\"robots\" content=\"index, follow, max-snippet:-1, max-image-preview:large, max-video-preview:-1\" \/>\n<link rel=\"canonical\" href=\"https:\/\/opremazakampiranje.si\/en\/izdelek\/prenosni-zar-biolite-firepit\/\" \/>\n<meta property=\"og:locale\" content=\"en_US\" \/>\n<meta property=\"og:type\" content=\"article\" \/>\n<meta property=\"og:title\" content=\"Prenosni \u017ear Biolite FirePit+ - Oprema za kampiranje\" \/>\n<meta property=\"og:description\" content=\"Prenosni \u017ear Biolite FirePit+ je inovativen prenosni \u017ear na drva, ki ti omogo\u010da pristno do\u017eivetje kampiranja in to brez mote\u010dega dima...\" \/>\n<meta property=\"og:url\" content=\"https:\/\/opremazakampiranje.si\/en\/izdelek\/prenosni-zar-biolite-firepit\/\" \/>\n<meta property=\"og:site_name\" content=\"Oprema za kampiranje\" \/>\n<meta property=\"article:modified_time\" content=\"2024-10-23T07:56:16+00:00\" \/>\n<meta property=\"og:image\" content=\"https:\/\/opremazakampiranje.si\/wp-content\/uploads\/2024\/10\/prenosni-zar-biolite-firepit.jpg\" \/>\n\t<meta property=\"og:image:width\" content=\"800\" \/>\n\t<meta property=\"og:image:height\" content=\"800\" \/>\n\t<meta property=\"og:image:type\" content=\"image\/jpeg\" \/>\n<meta name=\"twitter:card\" content=\"summary_large_image\" \/>\n<meta name=\"twitter:label1\" content=\"Est. reading time\" \/>\n\t<meta name=\"twitter:data1\" content=\"3 minutes\" \/>\n<script type=\"application\/ld+json\" class=\"yoast-schema-graph\">{\"@context\":\"https:\/\/schema.org\",\"@graph\":[{\"@type\":\"WebPage\",\"@id\":\"https:\/\/opremazakampiranje.si\/en\/izdelek\/prenosni-zar-biolite-firepit\/\",\"url\":\"https:\/\/opremazakampiranje.si\/en\/izdelek\/prenosni-zar-biolite-firepit\/\",\"name\":\"Prenosni \u017ear Biolite FirePit+ - Oprema za kampiranje\",\"isPartOf\":{\"@id\":\"https:\/\/opremazakampiranje.si\/en\/#website\"},\"primaryImageOfPage\":{\"@id\":\"https:\/\/opremazakampiranje.si\/en\/izdelek\/prenosni-zar-biolite-firepit\/#primaryimage\"},\"image\":{\"@id\":\"https:\/\/opremazakampiranje.si\/en\/izdelek\/prenosni-zar-biolite-firepit\/#primaryimage\"},\"thumbnailUrl\":\"https:\/\/opremazakampiranje.si\/wp-content\/uploads\/2024\/10\/prenosni-zar-biolite-firepit.jpg\",\"datePublished\":\"2024-10-21T09:11:05+00:00\",\"dateModified\":\"2024-10-23T07:56:16+00:00\",\"description\":\"Prenosni \u017ear Biolite FirePit+ je inovativen prenosni \u017ear na drva, ki ti omogo\u010da pristno do\u017eivetje kampiranja in to brez mote\u010dega dima...\",\"breadcrumb\":{\"@id\":\"https:\/\/opremazakampiranje.si\/en\/izdelek\/prenosni-zar-biolite-firepit\/#breadcrumb\"},\"inLanguage\":\"en-US\",\"potentialAction\":[{\"@type\":\"ReadAction\",\"target\":[\"https:\/\/opremazakampiranje.si\/en\/izdelek\/prenosni-zar-biolite-firepit\/\"]}]},{\"@type\":\"ImageObject\",\"inLanguage\":\"en-US\",\"@id\":\"https:\/\/opremazakampiranje.si\/en\/izdelek\/prenosni-zar-biolite-firepit\/#primaryimage\",\"url\":\"https:\/\/opremazakampiranje.si\/wp-content\/uploads\/2024\/10\/prenosni-zar-biolite-firepit.jpg\",\"contentUrl\":\"https:\/\/opremazakampiranje.si\/wp-content\/uploads\/2024\/10\/prenosni-zar-biolite-firepit.jpg\",\"width\":800,\"height\":800,\"caption\":\"CREATOR: gd-jpeg v1.0 (using IJG JPEG v62), quality = 80\"},{\"@type\":\"BreadcrumbList\",\"@id\":\"https:\/\/opremazakampiranje.si\/en\/izdelek\/prenosni-zar-biolite-firepit\/#breadcrumb\",\"itemListElement\":[{\"@type\":\"ListItem\",\"position\":1,\"name\":\"Home\",\"item\":\"https:\/\/opremazakampiranje.si\/en\/\"},{\"@type\":\"ListItem\",\"position\":2,\"name\":\"Trgovina\",\"item\":\"https:\/\/opremazakampiranje.si\/trgovina\/\"},{\"@type\":\"ListItem\",\"position\":3,\"name\":\"Prenosni \u017ear Biolite FirePit+\"}]},{\"@type\":\"WebSite\",\"@id\":\"https:\/\/opremazakampiranje.si\/en\/#website\",\"url\":\"https:\/\/opremazakampiranje.si\/en\/\",\"name\":\"Oprema za kampiranje\",\"description\":\"\",\"potentialAction\":[{\"@type\":\"SearchAction\",\"target\":{\"@type\":\"EntryPoint\",\"urlTemplate\":\"https:\/\/opremazakampiranje.si\/en\/?s={search_term_string}\"},\"query-input\":{\"@type\":\"PropertyValueSpecification\",\"valueRequired\":true,\"valueName\":\"search_term_string\"}}],\"inLanguage\":\"en-US\"}]}<\/script>\n<!-- \/ Yoast SEO plugin. -->","yoast_head_json":{"title":"Prenosni \u017ear Biolite FirePit+ - Oprema za kampiranje","description":"Prenosni \u017ear Biolite FirePit+ je inovativen prenosni \u017ear na drva, ki ti omogo\u010da pristno do\u017eivetje kampiranja in to brez mote\u010dega dima...","robots":{"index":"index","follow":"follow","max-snippet":"max-snippet:-1","max-image-preview":"max-image-preview:large","max-video-preview":"max-video-preview:-1"},"canonical":"https:\/\/opremazakampiranje.si\/en\/izdelek\/prenosni-zar-biolite-firepit\/","og_locale":"en_US","og_type":"article","og_title":"Prenosni \u017ear Biolite FirePit+ - Oprema za kampiranje","og_description":"Prenosni \u017ear Biolite FirePit+ je inovativen prenosni \u017ear na drva, ki ti omogo\u010da pristno do\u017eivetje kampiranja in to brez mote\u010dega dima...","og_url":"https:\/\/opremazakampiranje.si\/en\/izdelek\/prenosni-zar-biolite-firepit\/","og_site_name":"Oprema za kampiranje","article_modified_time":"2024-10-23T07:56:16+00:00","og_image":[{"width":800,"height":800,"url":"https:\/\/opremazakampiranje.si\/wp-content\/uploads\/2024\/10\/prenosni-zar-biolite-firepit.jpg","type":"image\/jpeg"}],"twitter_card":"summary_large_image","twitter_misc":{"Est. reading time":"3 minutes"},"schema":{"@context":"https:\/\/schema.org","@graph":[{"@type":"WebPage","@id":"https:\/\/opremazakampiranje.si\/en\/izdelek\/prenosni-zar-biolite-firepit\/","url":"https:\/\/opremazakampiranje.si\/en\/izdelek\/prenosni-zar-biolite-firepit\/","name":"Prenosni \u017ear Biolite FirePit+ - Oprema za kampiranje","isPartOf":{"@id":"https:\/\/opremazakampiranje.si\/en\/#website"},"primaryImageOfPage":{"@id":"https:\/\/opremazakampiranje.si\/en\/izdelek\/prenosni-zar-biolite-firepit\/#primaryimage"},"image":{"@id":"https:\/\/opremazakampiranje.si\/en\/izdelek\/prenosni-zar-biolite-firepit\/#primaryimage"},"thumbnailUrl":"https:\/\/opremazakampiranje.si\/wp-content\/uploads\/2024\/10\/prenosni-zar-biolite-firepit.jpg","datePublished":"2024-10-21T09:11:05+00:00","dateModified":"2024-10-23T07:56:16+00:00","description":"Prenosni \u017ear Biolite FirePit+ je inovativen prenosni \u017ear na drva, ki ti omogo\u010da pristno do\u017eivetje kampiranja in to brez mote\u010dega dima...","breadcrumb":{"@id":"https:\/\/opremazakampiranje.si\/en\/izdelek\/prenosni-zar-biolite-firepit\/#breadcrumb"},"inLanguage":"en-US","potentialAction":[{"@type":"ReadAction","target":["https:\/\/opremazakampiranje.si\/en\/izdelek\/prenosni-zar-biolite-firepit\/"]}]},{"@type":"ImageObject","inLanguage":"en-US","@id":"https:\/\/opremazakampiranje.si\/en\/izdelek\/prenosni-zar-biolite-firepit\/#primaryimage","url":"https:\/\/opremazakampiranje.si\/wp-content\/uploads\/2024\/10\/prenosni-zar-biolite-firepit.jpg","contentUrl":"https:\/\/opremazakampiranje.si\/wp-content\/uploads\/2024\/10\/prenosni-zar-biolite-firepit.jpg","width":800,"height":800,"caption":"CREATOR: gd-jpeg v1.0 (using IJG JPEG v62), quality = 80"},{"@type":"BreadcrumbList","@id":"https:\/\/opremazakampiranje.si\/en\/izdelek\/prenosni-zar-biolite-firepit\/#breadcrumb","itemListElement":[{"@type":"ListItem","position":1,"name":"Home","item":"https:\/\/opremazakampiranje.si\/en\/"},{"@type":"ListItem","position":2,"name":"Trgovina","item":"https:\/\/opremazakampiranje.si\/trgovina\/"},{"@type":"ListItem","position":3,"name":"Prenosni \u017ear Biolite FirePit+"}]},{"@type":"WebSite","@id":"https:\/\/opremazakampiranje.si\/en\/#website","url":"https:\/\/opremazakampiranje.si\/en\/","name":"Oprema za kampiranje","description":"","potentialAction":[{"@type":"SearchAction","target":{"@type":"EntryPoint","urlTemplate":"https:\/\/opremazakampiranje.si\/en\/?s={search_term_string}"},"query-input":{"@type":"PropertyValueSpecification","valueRequired":true,"valueName":"search_term_string"}}],"inLanguage":"en-US"}]}},"_links":{"self":[{"href":"https:\/\/opremazakampiranje.si\/en\/wp-json\/wp\/v2\/product\/11121","targetHints":{"allow":["GET"]}}],"collection":[{"href":"https:\/\/opremazakampiranje.si\/en\/wp-json\/wp\/v2\/product"}],"about":[{"href":"https:\/\/opremazakampiranje.si\/en\/wp-json\/wp\/v2\/types\/product"}],"replies":[{"embeddable":true,"href":"https:\/\/opremazakampiranje.si\/en\/wp-json\/wp\/v2\/comments?post=11121"}],"version-history":[{"count":20,"href":"https:\/\/opremazakampiranje.si\/en\/wp-json\/wp\/v2\/product\/11121\/revisions"}],"predecessor-version":[{"id":11200,"href":"https:\/\/opremazakampiranje.si\/en\/wp-json\/wp\/v2\/product\/11121\/revisions\/11200"}],"wp:featuredmedia":[{"embeddable":true,"href":"https:\/\/opremazakampiranje.si\/en\/wp-json\/wp\/v2\/media\/11130"}],"wp:attachment":[{"href":"https:\/\/opremazakampiranje.si\/en\/wp-json\/wp\/v2\/media?parent=11121"}],"wp:term":[{"taxonomy":"product_cat","embeddable":true,"href":"https:\/\/opremazakampiranje.si\/en\/wp-json\/wp\/v2\/product_cat?post=11121"},{"taxonomy":"product_tag","embeddable":true,"href":"https:\/\/opremazakampiranje.si\/en\/wp-json\/wp\/v2\/product_tag?post=11121"}],"curies":[{"name":"wp","href":"https:\/\/api.w.org\/{rel}","templated":true}]}}