{"id":11059,"date":"2024-10-10T08:57:30","date_gmt":"2024-10-10T07:57:30","guid":{"rendered":"https:\/\/opremazakampiranje.si\/?post_type=product&#038;p=11059"},"modified":"2024-10-28T10:22:07","modified_gmt":"2024-10-28T09:22:07","slug":"kuhalni-komplet-biolite-campstove","status":"publish","type":"product","link":"https:\/\/opremazakampiranje.si\/en\/izdelek\/kuhalni-komplet-biolite-campstove\/","title":{"rendered":"Kuhalni komplet Biolite CampStove"},"content":{"rendered":"\t\t<div data-elementor-type=\"wp-post\" data-elementor-id=\"11059\" class=\"elementor elementor-11059\">\n\t\t\t\t<div class=\"elementor-element elementor-element-4010cbf e-flex e-con-boxed e-con e-parent\" data-id=\"4010cbf\" data-element_type=\"container\">\n\t\t\t\t\t<div class=\"e-con-inner\">\n\t\t\t\t<div class=\"elementor-element elementor-element-790afde elementor-widget elementor-widget-wd_text_block\" data-id=\"790afde\" data-element_type=\"widget\" data-widget_type=\"wd_text_block.default\">\n\t\t\t\t<div class=\"elementor-widget-container\">\n\t\t\t\t\t<div class=\"wd-text-block reset-last-child text-left\">\n\t\t\t\n\t\t\t<p><strong>Nagrajeni Kuhalni komplet BioLite CampStove je v tej zadnji generaciji prejel nadgradnjo, osredoto\u010deno na uporabnika<\/strong>. Z vi\u0161jo mo\u010djo, integrirano baterijo in LED nadzorno plo\u0161\u010do imate bolj\u0161i nadzor in povratne informacije, medtem ko u\u017eivate v BioLite-ovem brezdimnem gorenju. Pripravite obroke na lesu in hkrati lahko polnite naprave, pri tem pa uporabite samo palice okoli sebe.<\/p><p><strong>Elektrika po potrebi - <\/strong>Posodobljeni termoelektri\u010dni elementi zagotavljajo 50 % ve\u010d mo\u010di.<\/p><p><strong>Pametna LED nadzorna plo\u0161\u010da - <\/strong>Nadzorujte 4 hitrosti ventilatorja in pridobite povratne informacije v realnem \u010dasu o mo\u010di ognja in energiji.<\/p><p><strong>Vgrajen prostor za shranjevanje - <\/strong>Vgrajena baterija s kapaciteto 2600 mAh lahko shrani dovolj energije za polnjenje telefona.<\/p><p><strong>Brezdimni plameni - <\/strong>U\u017eivajte v taborni\u0161kem vzdu\u0161ju z ognjem, ki gori kot plin<\/p><p><strong>Lahko in \u017eivilsko varno - <\/strong>Izdelano iz ultra-tankega inox-a. Bolj trpe\u017eno od anodiziranega aluminija in la\u017eje za \u010di\u0161\u010denje brez skrbi, da bi se material opraskal.<\/p><p><strong>Ve\u010dnamenska zasnova - <\/strong>Pripravite kavo za za\u010detek dneva in po dolgem pohodu pripravite obrok za do \u0161tiri osebe.<\/p><p><strong>Enostavno dodajanje biomateriala -<\/strong> Odprite pokrov za dodajanje in neposredno nadzirajte nivoje plamena, ne da bi motili povr\u0161ino \u017eara.<\/p><p><strong>Prenosno in lahko - <\/strong>Enostavno zlo\u017eljive noge in trpe\u017een plasti\u010den pokrov za potovanje omogo\u010dajo, da \u017ear prena\u0161ate s seboj, saj je<strong> eden najla\u017ejih miza \u017earov na trgu.<\/strong><\/p><p><strong>Okusi pe\u010denega na lesu - <\/strong>Obogatite obroke s pristnimi, globokimi okusi.<\/p><p><img fetchpriority=\"high\" decoding=\"async\" class=\"aligncenter wp-image-11109 size-large\" src=\"https:\/\/opremazakampiranje.si\/wp-content\/uploads\/2024\/10\/BioLite-kuhalni-set-1024x854.png\" alt=\"Kuhalni komplet Biolite Camping \" width=\"1024\" height=\"854\" srcset=\"https:\/\/opremazakampiranje.si\/wp-content\/uploads\/2024\/10\/BioLite-kuhalni-set-1024x854.png 1024w, https:\/\/opremazakampiranje.si\/wp-content\/uploads\/2024\/10\/BioLite-kuhalni-set-300x250.png 300w, https:\/\/opremazakampiranje.si\/wp-content\/uploads\/2024\/10\/BioLite-kuhalni-set-768x641.png 768w, https:\/\/opremazakampiranje.si\/wp-content\/uploads\/2024\/10\/BioLite-kuhalni-set-148x123.png 148w, https:\/\/opremazakampiranje.si\/wp-content\/uploads\/2024\/10\/BioLite-kuhalni-set.png 1152w\" sizes=\"(max-width: 1024px) 100vw, 1024px\" \/><\/p><h3><strong>Tehni\u010dne specifikacije:<\/strong><\/h3><ul><li><strong>BATERIJA:<\/strong> 2600 mAh litij-ionska<\/li><li><strong>USB IZHOD:<\/strong> 3 W vrh; TEG generirana 5V, 2A USB izhod<\/li><li><strong>GORIVO:<\/strong> Obnovljiva biomasa (vejice, palice, peleti)<\/li><li><strong>VHOD:<\/strong> Micro USB polnjenje<\/li><li><strong>FLEXLIGHT:<\/strong> (vklju\u010den) 100 Lumnov<\/li><li><strong>\u010cAS KUHANJA:<\/strong> 4,5 minute za 1L<\/li><li><strong>DIMENZIJE:<\/strong> 5,0 x 8,25 in (127 x 210 mm) - zlo\u017een velikost<\/li><li><strong>TE\u017dA:<\/strong> 935 g<\/li><\/ul><h3><b><b>Paket <strong> Kuhalni komplet BioLite CampStove vsebuje:<\/strong><\/b><\/b><\/h3><article class=\"w-full text-token-text-primary focus-visible:outline-2 focus-visible:outline-offset-[-4px]\" dir=\"auto\" data-testid=\"conversation-turn-9\" data-scroll-anchor=\"false\"><div class=\"text-base py-[18px] px-3 md:px-4 m-auto w-full md:px-5 lg:px-4 xl:px-5\"><ul><li><strong>Biolite CampStove 2+<\/strong>pe\u010d za proizvodnjo elektri\u010dne energije, ki deluje na biomaterial, kot so veje, stor\u017ei in drugi suhi naravni odpadki.<\/li><li><strong>FlexLight <\/strong>prilagodljiva USB svetilka za osvetlitev kuhalne povr\u0161ine pono\u010di.<\/li><li><strong>KettlePot - ve<\/strong>\u010dnamenski lonec\/kotli\u010dek za kuhanje, ki slu\u017ei tudi kot za\u0161\u010ditni ovitek za pe\u010d med transportom.<\/li><li><strong>Portable Grill <\/strong>prenosni \u017ear, ki se pritrdi na pe\u010d za enostavno pe\u010denje hrane na prostem.<\/li><li><strong>CoffeePress <\/strong>pripomo\u010dek za pripravo kave, ki se prilega v KettlePot.<\/li><li><strong>V\u017eigalni materiali <\/strong>paket za la\u017eji zagon ognja.<\/li><li><strong>USB kabel <\/strong>za polnjenje integrirane baterije pe\u010di in posodabljanje programske opreme.<\/li><li><strong>Vre\u010da za shranjevanje<\/strong><\/li><li><strong>Navodila za uporabo<\/strong><\/li><\/ul><\/div><\/article><article class=\"w-full text-token-text-primary focus-visible:outline-2 focus-visible:outline-offset-[-4px]\" dir=\"auto\" data-testid=\"conversation-turn-11\" data-scroll-anchor=\"true\"><div class=\"text-base py-[18px] px-3 md:px-4 m-auto w-full md:px-5 lg:px-4 xl:px-5\"><div class=\"mx-auto flex flex-1 gap-4 text-base md:gap-5 lg:gap-6 md:max-w-3xl lg:max-w-[40rem] xl:max-w-[48rem]\"><div class=\"group\/conversation-turn relative flex w-full min-w-0 flex-col agent-turn\">Ve\u010d izdelkov iz kategorije kuhalniki, \u017eari najdete <span style=\"text-decoration: underline;\"><strong><a href=\"https:\/\/opremazakampiranje.si\/kategorija-izdelka\/kamping-in-prosti-cas\/kuhalniki-zari-pribor\/\">tukaj<\/a><\/strong><\/span>.\u00a0<\/div><\/div><\/div><\/article>\n\t\t\t\t\t<\/div>\n\t\t\t\t<\/div>\n\t\t\t\t<\/div>\n\t\t\t\t\t<\/div>\n\t\t\t\t<\/div>\n\t\t\t\t<\/div>\n\t\t","protected":false},"excerpt":{"rendered":"<ul>\n<li><strong>Pretvarja toploto v elektriko za polnjenje naprav<\/strong><\/li>\n<li><strong>Uporablja naravne vire goriva za u\u010dinkovito kuhanje<\/strong><\/li>\n<li><strong>Prenosljiv in kompakten za kampiranje<\/strong><\/li>\n<\/ul>\n","protected":false},"featured_media":11064,"comment_status":"closed","ping_status":"closed","template":"","meta":[],"product_cat":[93,109],"product_tag":[143,146,145,138,144,142],"class_list":{"0":"post-11059","1":"product","2":"type-product","3":"status-publish","4":"has-post-thumbnail","6":"product_cat-kamping-in-prosti-cas","7":"product_cat-kuhalniki-zari-pribor","8":"product_tag-zar","9":"product_tag-biolite","10":"product_tag-kamp-oprema","11":"product_tag-kamping","12":"product_tag-piknik","13":"product_tag-potovanje","15":"first","16":"onbackorder","17":"taxable","18":"shipping-taxable","19":"purchasable","20":"product-type-simple"},"yoast_head":"<!-- This site is optimized with the Yoast SEO plugin v23.9 - https:\/\/yoast.com\/wordpress\/plugins\/seo\/ -->\n<title>Kuhalni komplet Biolite CampStove - Oprema za kampiranje<\/title>\n<meta name=\"description\" content=\"Kuhalni komplet Biolite CampStove vklju\u010duje prenosno pe\u010dko na drva, ki pretvarja toploto v elektriko in polni naprave prek USB priklju\u010dka....\" \/>\n<meta name=\"robots\" content=\"index, follow, max-snippet:-1, max-image-preview:large, max-video-preview:-1\" \/>\n<link rel=\"canonical\" href=\"https:\/\/opremazakampiranje.si\/en\/izdelek\/kuhalni-komplet-biolite-campstove\/\" \/>\n<meta property=\"og:locale\" content=\"en_US\" \/>\n<meta property=\"og:type\" content=\"article\" \/>\n<meta property=\"og:title\" content=\"Kuhalni komplet Biolite CampStove - Oprema za kampiranje\" \/>\n<meta property=\"og:description\" content=\"Kuhalni komplet Biolite CampStove vklju\u010duje prenosno pe\u010dko na drva, ki pretvarja toploto v elektriko in polni naprave prek USB priklju\u010dka....\" \/>\n<meta property=\"og:url\" content=\"https:\/\/opremazakampiranje.si\/en\/izdelek\/kuhalni-komplet-biolite-campstove\/\" \/>\n<meta property=\"og:site_name\" content=\"Oprema za kampiranje\" \/>\n<meta property=\"article:modified_time\" content=\"2024-10-28T09:22:07+00:00\" \/>\n<meta property=\"og:image\" content=\"https:\/\/opremazakampiranje.si\/wp-content\/uploads\/2024\/10\/kuhalni-komplet-Biolite-Camp-stove.jpg\" \/>\n\t<meta property=\"og:image:width\" content=\"800\" \/>\n\t<meta property=\"og:image:height\" content=\"800\" \/>\n\t<meta property=\"og:image:type\" content=\"image\/jpeg\" \/>\n<meta name=\"twitter:card\" content=\"summary_large_image\" \/>\n<meta name=\"twitter:label1\" content=\"Est. reading time\" \/>\n\t<meta name=\"twitter:data1\" content=\"3 minutes\" \/>\n<script type=\"application\/ld+json\" class=\"yoast-schema-graph\">{\"@context\":\"https:\/\/schema.org\",\"@graph\":[{\"@type\":\"WebPage\",\"@id\":\"https:\/\/opremazakampiranje.si\/en\/izdelek\/kuhalni-komplet-biolite-campstove\/\",\"url\":\"https:\/\/opremazakampiranje.si\/en\/izdelek\/kuhalni-komplet-biolite-campstove\/\",\"name\":\"Kuhalni komplet Biolite CampStove - Oprema za kampiranje\",\"isPartOf\":{\"@id\":\"https:\/\/opremazakampiranje.si\/en\/#website\"},\"primaryImageOfPage\":{\"@id\":\"https:\/\/opremazakampiranje.si\/en\/izdelek\/kuhalni-komplet-biolite-campstove\/#primaryimage\"},\"image\":{\"@id\":\"https:\/\/opremazakampiranje.si\/en\/izdelek\/kuhalni-komplet-biolite-campstove\/#primaryimage\"},\"thumbnailUrl\":\"https:\/\/opremazakampiranje.si\/wp-content\/uploads\/2024\/10\/kuhalni-komplet-Biolite-Camp-stove.jpg\",\"datePublished\":\"2024-10-10T07:57:30+00:00\",\"dateModified\":\"2024-10-28T09:22:07+00:00\",\"description\":\"Kuhalni komplet Biolite CampStove vklju\u010duje prenosno pe\u010dko na drva, ki pretvarja toploto v elektriko in polni naprave prek USB priklju\u010dka....\",\"breadcrumb\":{\"@id\":\"https:\/\/opremazakampiranje.si\/en\/izdelek\/kuhalni-komplet-biolite-campstove\/#breadcrumb\"},\"inLanguage\":\"en-US\",\"potentialAction\":[{\"@type\":\"ReadAction\",\"target\":[\"https:\/\/opremazakampiranje.si\/en\/izdelek\/kuhalni-komplet-biolite-campstove\/\"]}]},{\"@type\":\"ImageObject\",\"inLanguage\":\"en-US\",\"@id\":\"https:\/\/opremazakampiranje.si\/en\/izdelek\/kuhalni-komplet-biolite-campstove\/#primaryimage\",\"url\":\"https:\/\/opremazakampiranje.si\/wp-content\/uploads\/2024\/10\/kuhalni-komplet-Biolite-Camp-stove.jpg\",\"contentUrl\":\"https:\/\/opremazakampiranje.si\/wp-content\/uploads\/2024\/10\/kuhalni-komplet-Biolite-Camp-stove.jpg\",\"width\":800,\"height\":800,\"caption\":\"CREATOR: gd-jpeg v1.0 (using IJG JPEG v62), quality = 80\"},{\"@type\":\"BreadcrumbList\",\"@id\":\"https:\/\/opremazakampiranje.si\/en\/izdelek\/kuhalni-komplet-biolite-campstove\/#breadcrumb\",\"itemListElement\":[{\"@type\":\"ListItem\",\"position\":1,\"name\":\"Home\",\"item\":\"https:\/\/opremazakampiranje.si\/en\/\"},{\"@type\":\"ListItem\",\"position\":2,\"name\":\"Trgovina\",\"item\":\"https:\/\/opremazakampiranje.si\/trgovina\/\"},{\"@type\":\"ListItem\",\"position\":3,\"name\":\"Kuhalni komplet Biolite CampStove\"}]},{\"@type\":\"WebSite\",\"@id\":\"https:\/\/opremazakampiranje.si\/en\/#website\",\"url\":\"https:\/\/opremazakampiranje.si\/en\/\",\"name\":\"Oprema za kampiranje\",\"description\":\"\",\"potentialAction\":[{\"@type\":\"SearchAction\",\"target\":{\"@type\":\"EntryPoint\",\"urlTemplate\":\"https:\/\/opremazakampiranje.si\/en\/?s={search_term_string}\"},\"query-input\":{\"@type\":\"PropertyValueSpecification\",\"valueRequired\":true,\"valueName\":\"search_term_string\"}}],\"inLanguage\":\"en-US\"}]}<\/script>\n<!-- \/ Yoast SEO plugin. -->","yoast_head_json":{"title":"Kuhalni komplet Biolite CampStove - Oprema za kampiranje","description":"Kuhalni komplet Biolite CampStove vklju\u010duje prenosno pe\u010dko na drva, ki pretvarja toploto v elektriko in polni naprave prek USB priklju\u010dka....","robots":{"index":"index","follow":"follow","max-snippet":"max-snippet:-1","max-image-preview":"max-image-preview:large","max-video-preview":"max-video-preview:-1"},"canonical":"https:\/\/opremazakampiranje.si\/en\/izdelek\/kuhalni-komplet-biolite-campstove\/","og_locale":"en_US","og_type":"article","og_title":"Kuhalni komplet Biolite CampStove - Oprema za kampiranje","og_description":"Kuhalni komplet Biolite CampStove vklju\u010duje prenosno pe\u010dko na drva, ki pretvarja toploto v elektriko in polni naprave prek USB priklju\u010dka....","og_url":"https:\/\/opremazakampiranje.si\/en\/izdelek\/kuhalni-komplet-biolite-campstove\/","og_site_name":"Oprema za kampiranje","article_modified_time":"2024-10-28T09:22:07+00:00","og_image":[{"width":800,"height":800,"url":"https:\/\/opremazakampiranje.si\/wp-content\/uploads\/2024\/10\/kuhalni-komplet-Biolite-Camp-stove.jpg","type":"image\/jpeg"}],"twitter_card":"summary_large_image","twitter_misc":{"Est. reading time":"3 minutes"},"schema":{"@context":"https:\/\/schema.org","@graph":[{"@type":"WebPage","@id":"https:\/\/opremazakampiranje.si\/en\/izdelek\/kuhalni-komplet-biolite-campstove\/","url":"https:\/\/opremazakampiranje.si\/en\/izdelek\/kuhalni-komplet-biolite-campstove\/","name":"Kuhalni komplet Biolite CampStove - Oprema za kampiranje","isPartOf":{"@id":"https:\/\/opremazakampiranje.si\/en\/#website"},"primaryImageOfPage":{"@id":"https:\/\/opremazakampiranje.si\/en\/izdelek\/kuhalni-komplet-biolite-campstove\/#primaryimage"},"image":{"@id":"https:\/\/opremazakampiranje.si\/en\/izdelek\/kuhalni-komplet-biolite-campstove\/#primaryimage"},"thumbnailUrl":"https:\/\/opremazakampiranje.si\/wp-content\/uploads\/2024\/10\/kuhalni-komplet-Biolite-Camp-stove.jpg","datePublished":"2024-10-10T07:57:30+00:00","dateModified":"2024-10-28T09:22:07+00:00","description":"Kuhalni komplet Biolite CampStove vklju\u010duje prenosno pe\u010dko na drva, ki pretvarja toploto v elektriko in polni naprave prek USB priklju\u010dka....","breadcrumb":{"@id":"https:\/\/opremazakampiranje.si\/en\/izdelek\/kuhalni-komplet-biolite-campstove\/#breadcrumb"},"inLanguage":"en-US","potentialAction":[{"@type":"ReadAction","target":["https:\/\/opremazakampiranje.si\/en\/izdelek\/kuhalni-komplet-biolite-campstove\/"]}]},{"@type":"ImageObject","inLanguage":"en-US","@id":"https:\/\/opremazakampiranje.si\/en\/izdelek\/kuhalni-komplet-biolite-campstove\/#primaryimage","url":"https:\/\/opremazakampiranje.si\/wp-content\/uploads\/2024\/10\/kuhalni-komplet-Biolite-Camp-stove.jpg","contentUrl":"https:\/\/opremazakampiranje.si\/wp-content\/uploads\/2024\/10\/kuhalni-komplet-Biolite-Camp-stove.jpg","width":800,"height":800,"caption":"CREATOR: gd-jpeg v1.0 (using IJG JPEG v62), quality = 80"},{"@type":"BreadcrumbList","@id":"https:\/\/opremazakampiranje.si\/en\/izdelek\/kuhalni-komplet-biolite-campstove\/#breadcrumb","itemListElement":[{"@type":"ListItem","position":1,"name":"Home","item":"https:\/\/opremazakampiranje.si\/en\/"},{"@type":"ListItem","position":2,"name":"Trgovina","item":"https:\/\/opremazakampiranje.si\/trgovina\/"},{"@type":"ListItem","position":3,"name":"Kuhalni komplet Biolite CampStove"}]},{"@type":"WebSite","@id":"https:\/\/opremazakampiranje.si\/en\/#website","url":"https:\/\/opremazakampiranje.si\/en\/","name":"Oprema za kampiranje","description":"","potentialAction":[{"@type":"SearchAction","target":{"@type":"EntryPoint","urlTemplate":"https:\/\/opremazakampiranje.si\/en\/?s={search_term_string}"},"query-input":{"@type":"PropertyValueSpecification","valueRequired":true,"valueName":"search_term_string"}}],"inLanguage":"en-US"}]}},"_links":{"self":[{"href":"https:\/\/opremazakampiranje.si\/en\/wp-json\/wp\/v2\/product\/11059","targetHints":{"allow":["GET"]}}],"collection":[{"href":"https:\/\/opremazakampiranje.si\/en\/wp-json\/wp\/v2\/product"}],"about":[{"href":"https:\/\/opremazakampiranje.si\/en\/wp-json\/wp\/v2\/types\/product"}],"replies":[{"embeddable":true,"href":"https:\/\/opremazakampiranje.si\/en\/wp-json\/wp\/v2\/comments?post=11059"}],"version-history":[{"count":43,"href":"https:\/\/opremazakampiranje.si\/en\/wp-json\/wp\/v2\/product\/11059\/revisions"}],"predecessor-version":[{"id":11356,"href":"https:\/\/opremazakampiranje.si\/en\/wp-json\/wp\/v2\/product\/11059\/revisions\/11356"}],"wp:featuredmedia":[{"embeddable":true,"href":"https:\/\/opremazakampiranje.si\/en\/wp-json\/wp\/v2\/media\/11064"}],"wp:attachment":[{"href":"https:\/\/opremazakampiranje.si\/en\/wp-json\/wp\/v2\/media?parent=11059"}],"wp:term":[{"taxonomy":"product_cat","embeddable":true,"href":"https:\/\/opremazakampiranje.si\/en\/wp-json\/wp\/v2\/product_cat?post=11059"},{"taxonomy":"product_tag","embeddable":true,"href":"https:\/\/opremazakampiranje.si\/en\/wp-json\/wp\/v2\/product_tag?post=11059"}],"curies":[{"name":"wp","href":"https:\/\/api.w.org\/{rel}","templated":true}]}}