{"id":10674,"date":"2024-09-19T09:28:46","date_gmt":"2024-09-19T08:28:46","guid":{"rendered":"https:\/\/opremazakampiranje.si\/?post_type=product&#038;p=10674"},"modified":"2024-10-28T10:17:08","modified_gmt":"2024-10-28T09:17:08","slug":"solarni-panel-115w-ultimatron","status":"publish","type":"product","link":"https:\/\/opremazakampiranje.si\/en\/izdelek\/solarni-panel-115w-ultimatron\/","title":{"rendered":"Solarni panel 115W Ultimatron"},"content":{"rendered":"\t\t<div data-elementor-type=\"wp-post\" data-elementor-id=\"10674\" class=\"elementor elementor-10674\">\n\t\t\t\t<div class=\"elementor-element elementor-element-4010cbf e-flex e-con-boxed e-con e-parent\" data-id=\"4010cbf\" data-element_type=\"container\">\n\t\t\t\t\t<div class=\"e-con-inner\">\n\t\t\t\t<div class=\"elementor-element elementor-element-790afde elementor-widget elementor-widget-wd_text_block\" data-id=\"790afde\" data-element_type=\"widget\" data-widget_type=\"wd_text_block.default\">\n\t\t\t\t<div class=\"elementor-widget-container\">\n\t\t\t\t\t<div class=\"wd-text-block reset-last-child text-left\">\n\t\t\t\n\t\t\t<p><strong>Solarni panel 115W Ultimatron<\/strong> zadovoljuje potencialne potrebe za uporabnike avtodomov, ki potrebujejo energijo ali pa ostale potrebe.<br \/>Zaradi kompaktnih dimenzij jih lahko namestite kjerkoli. Ob optimiziranih pogojih\u00a0 lahko ta panel proizvede do 600 Wh\/dan. Uporabite ga lahko za polnjenje mobilnih naprav in nekaj ur svetlobe.<\/p><h3>Glavne zna\u010dilnosti:<\/h3><ul><li>Maksimalna napetost mo\u010di: 19,80V<\/li><li>Maksimalni tok mo\u010di: 6,34A<\/li><li>Napetost v odprtem vezju: 23,70V<\/li><li>Tok kratkega stika: 8,81A<\/li><li>Dimenzije: 910x670x30<\/li><\/ul><h3><strong>Delovanje v slabih pogojih<\/strong><\/h3><p>Kristalne MONO-celice v Ultimatron son\u010dnem panelu lahko zadostijo pri\u010dakovanjem uporabnikov. S kaljenim steklom z visoko prepustnostjo ta solarni panel 115W Ultimatron dosega kakovostne rezultate tudi pri nizki osvetlitvi.<\/p><h3><strong>Kakovostna zasnova<\/strong><\/h3><p>Vsi Ultimatron solarni paneli imajo anodiziran aluminijast okvir, zgornji del iz kaljenega stekla in ve\u010dplastno EVA podlago. Zaradi teh komponent so ti paneli odporni na korozijo in primerni za dolgotrajno uporabo na prostem. Zaradi aluminijastega okvirja ga lahko namestite na vse vrste nosilcev (plo\u0161\u010date ali okrogle), MC4 konektorji pa so predhodno name\u0161\u010deni na 50 cm dolg kabel. Tako bo s preprostim klikom va\u0161 panel \u017ee priklju\u010den.<\/p><h4><strong>Modul podvr\u017een standardom<\/strong><br \/>Ultimatron moduli so certificirani v skladu s standardi ISO 9001, IEC61215, CE<\/h4><h4>Tehni\u010dne specifikacije:<\/h4><p>Vrsta modula: 18V togi<br \/>Dol\u017eina kabla: 90 cm<br \/>Mo\u010d Pmax: 115W<br \/>Tok kratkega stika* Isc [A]: 6,34A<br \/>Napetost brez obremenitve* Uoc [V]: 23,7V<br \/>Maksimalni tok [IMPP STC]: 8,81A<br \/>Maksimalna napetost napajanja [UMPP STC]: 19,80 V<br \/>Merilne tolerance: 0-+3%<br \/>Dimenzije (dol\u017eina x \u0161irina x globina): 910 x 670 x 30 mm<br \/>Konektor: MC4<br \/>Najve\u010dja sistemska napetost (Usys) [V]: 1000V<br \/>Dovoljena temperatura modula pri najve\u010dji svetlobi: -40\u00b0C do +85\u00b0C<\/p>\n\t\t\t\t\t<\/div>\n\t\t\t\t<\/div>\n\t\t\t\t<\/div>\n\t\t\t\t\t<\/div>\n\t\t\t\t<\/div>\n\t\t\t\t<\/div>\n\t\t","protected":false},"excerpt":{"rendered":"<ul>\n<li><strong>Solarni panel 115W Ultimatron 18V &#8211; proizvodnja do 600Wh na dan<\/strong><\/li>\n<li><strong>Monokristalne celice z visokim izkoristkom<\/strong><\/li>\n<li><strong>Certificirano po standardih ISO 9001, IEC61215, CE<\/strong><\/li>\n<\/ul>\n","protected":false},"featured_media":10685,"comment_status":"closed","ping_status":"closed","template":"","meta":[],"product_cat":[90,105],"product_tag":[128,127,125,126,124],"class_list":{"0":"post-10674","1":"product","2":"type-product","3":"status-publish","4":"has-post-thumbnail","6":"product_cat-avtodom","7":"product_cat-solarni-paneli","8":"product_tag-kampiranje","9":"product_tag-kemp-oprema","10":"product_tag-panel","11":"product_tag-prenosni-paneli","12":"product_tag-solarni-panel","14":"first","15":"onbackorder","16":"taxable","17":"shipping-taxable","18":"purchasable","19":"product-type-simple"},"yoast_head":"<!-- This site is optimized with the Yoast SEO plugin v23.9 - https:\/\/yoast.com\/wordpress\/plugins\/seo\/ -->\n<title>Solarni panel 115W Ultimatron - Oprema za kampiranje<\/title>\n<meta name=\"description\" content=\"Solarni panel 115W Ultimatron vam omogo\u010da preprosto namestitev, saj je izredno u\u010dinkovit in zaradi svoje uporabe omogo\u010da prakti\u010dnost in lahko uporabo...\" \/>\n<meta name=\"robots\" content=\"index, follow, max-snippet:-1, max-image-preview:large, max-video-preview:-1\" \/>\n<link rel=\"canonical\" href=\"https:\/\/opremazakampiranje.si\/en\/izdelek\/solarni-panel-115w-ultimatron\/\" \/>\n<meta property=\"og:locale\" content=\"en_US\" \/>\n<meta property=\"og:type\" content=\"article\" \/>\n<meta property=\"og:title\" content=\"Solarni panel 115W Ultimatron - Oprema za kampiranje\" \/>\n<meta property=\"og:description\" content=\"Solarni panel 115W Ultimatron vam omogo\u010da preprosto namestitev, saj je izredno u\u010dinkovit in zaradi svoje uporabe omogo\u010da prakti\u010dnost in lahko uporabo...\" \/>\n<meta property=\"og:url\" content=\"https:\/\/opremazakampiranje.si\/en\/izdelek\/solarni-panel-115w-ultimatron\/\" \/>\n<meta property=\"og:site_name\" content=\"Oprema za kampiranje\" \/>\n<meta property=\"article:modified_time\" content=\"2024-10-28T09:17:08+00:00\" \/>\n<meta property=\"og:image\" content=\"https:\/\/opremazakampiranje.si\/wp-content\/uploads\/2024\/09\/solarni-panel-ultimatron-115W-1.jpg\" \/>\n\t<meta property=\"og:image:width\" content=\"800\" \/>\n\t<meta property=\"og:image:height\" content=\"800\" \/>\n\t<meta property=\"og:image:type\" content=\"image\/jpeg\" \/>\n<meta name=\"twitter:card\" content=\"summary_large_image\" \/>\n<meta name=\"twitter:label1\" content=\"Est. reading time\" \/>\n\t<meta name=\"twitter:data1\" content=\"2 minutes\" \/>\n<script type=\"application\/ld+json\" class=\"yoast-schema-graph\">{\"@context\":\"https:\/\/schema.org\",\"@graph\":[{\"@type\":\"WebPage\",\"@id\":\"https:\/\/opremazakampiranje.si\/en\/izdelek\/solarni-panel-115w-ultimatron\/\",\"url\":\"https:\/\/opremazakampiranje.si\/en\/izdelek\/solarni-panel-115w-ultimatron\/\",\"name\":\"Solarni panel 115W Ultimatron - Oprema za kampiranje\",\"isPartOf\":{\"@id\":\"https:\/\/opremazakampiranje.si\/en\/#website\"},\"primaryImageOfPage\":{\"@id\":\"https:\/\/opremazakampiranje.si\/en\/izdelek\/solarni-panel-115w-ultimatron\/#primaryimage\"},\"image\":{\"@id\":\"https:\/\/opremazakampiranje.si\/en\/izdelek\/solarni-panel-115w-ultimatron\/#primaryimage\"},\"thumbnailUrl\":\"https:\/\/opremazakampiranje.si\/wp-content\/uploads\/2024\/09\/solarni-panel-ultimatron-115W-1.jpg\",\"datePublished\":\"2024-09-19T08:28:46+00:00\",\"dateModified\":\"2024-10-28T09:17:08+00:00\",\"description\":\"Solarni panel 115W Ultimatron vam omogo\u010da preprosto namestitev, saj je izredno u\u010dinkovit in zaradi svoje uporabe omogo\u010da prakti\u010dnost in lahko uporabo...\",\"breadcrumb\":{\"@id\":\"https:\/\/opremazakampiranje.si\/en\/izdelek\/solarni-panel-115w-ultimatron\/#breadcrumb\"},\"inLanguage\":\"en-US\",\"potentialAction\":[{\"@type\":\"ReadAction\",\"target\":[\"https:\/\/opremazakampiranje.si\/en\/izdelek\/solarni-panel-115w-ultimatron\/\"]}]},{\"@type\":\"ImageObject\",\"inLanguage\":\"en-US\",\"@id\":\"https:\/\/opremazakampiranje.si\/en\/izdelek\/solarni-panel-115w-ultimatron\/#primaryimage\",\"url\":\"https:\/\/opremazakampiranje.si\/wp-content\/uploads\/2024\/09\/solarni-panel-ultimatron-115W-1.jpg\",\"contentUrl\":\"https:\/\/opremazakampiranje.si\/wp-content\/uploads\/2024\/09\/solarni-panel-ultimatron-115W-1.jpg\",\"width\":800,\"height\":800,\"caption\":\"solarni panel 115W, primeren za avtodome, po\u010ditni\u0161ke objekte in prikolice\"},{\"@type\":\"BreadcrumbList\",\"@id\":\"https:\/\/opremazakampiranje.si\/en\/izdelek\/solarni-panel-115w-ultimatron\/#breadcrumb\",\"itemListElement\":[{\"@type\":\"ListItem\",\"position\":1,\"name\":\"Home\",\"item\":\"https:\/\/opremazakampiranje.si\/en\/\"},{\"@type\":\"ListItem\",\"position\":2,\"name\":\"Trgovina\",\"item\":\"https:\/\/opremazakampiranje.si\/trgovina\/\"},{\"@type\":\"ListItem\",\"position\":3,\"name\":\"Solarni panel 115W Ultimatron\"}]},{\"@type\":\"WebSite\",\"@id\":\"https:\/\/opremazakampiranje.si\/en\/#website\",\"url\":\"https:\/\/opremazakampiranje.si\/en\/\",\"name\":\"Oprema za kampiranje\",\"description\":\"\",\"potentialAction\":[{\"@type\":\"SearchAction\",\"target\":{\"@type\":\"EntryPoint\",\"urlTemplate\":\"https:\/\/opremazakampiranje.si\/en\/?s={search_term_string}\"},\"query-input\":{\"@type\":\"PropertyValueSpecification\",\"valueRequired\":true,\"valueName\":\"search_term_string\"}}],\"inLanguage\":\"en-US\"}]}<\/script>\n<!-- \/ Yoast SEO plugin. -->","yoast_head_json":{"title":"Solarni panel 115W Ultimatron - Oprema za kampiranje","description":"Solarni panel 115W Ultimatron vam omogo\u010da preprosto namestitev, saj je izredno u\u010dinkovit in zaradi svoje uporabe omogo\u010da prakti\u010dnost in lahko uporabo...","robots":{"index":"index","follow":"follow","max-snippet":"max-snippet:-1","max-image-preview":"max-image-preview:large","max-video-preview":"max-video-preview:-1"},"canonical":"https:\/\/opremazakampiranje.si\/en\/izdelek\/solarni-panel-115w-ultimatron\/","og_locale":"en_US","og_type":"article","og_title":"Solarni panel 115W Ultimatron - Oprema za kampiranje","og_description":"Solarni panel 115W Ultimatron vam omogo\u010da preprosto namestitev, saj je izredno u\u010dinkovit in zaradi svoje uporabe omogo\u010da prakti\u010dnost in lahko uporabo...","og_url":"https:\/\/opremazakampiranje.si\/en\/izdelek\/solarni-panel-115w-ultimatron\/","og_site_name":"Oprema za kampiranje","article_modified_time":"2024-10-28T09:17:08+00:00","og_image":[{"width":800,"height":800,"url":"https:\/\/opremazakampiranje.si\/wp-content\/uploads\/2024\/09\/solarni-panel-ultimatron-115W-1.jpg","type":"image\/jpeg"}],"twitter_card":"summary_large_image","twitter_misc":{"Est. reading time":"2 minutes"},"schema":{"@context":"https:\/\/schema.org","@graph":[{"@type":"WebPage","@id":"https:\/\/opremazakampiranje.si\/en\/izdelek\/solarni-panel-115w-ultimatron\/","url":"https:\/\/opremazakampiranje.si\/en\/izdelek\/solarni-panel-115w-ultimatron\/","name":"Solarni panel 115W Ultimatron - Oprema za kampiranje","isPartOf":{"@id":"https:\/\/opremazakampiranje.si\/en\/#website"},"primaryImageOfPage":{"@id":"https:\/\/opremazakampiranje.si\/en\/izdelek\/solarni-panel-115w-ultimatron\/#primaryimage"},"image":{"@id":"https:\/\/opremazakampiranje.si\/en\/izdelek\/solarni-panel-115w-ultimatron\/#primaryimage"},"thumbnailUrl":"https:\/\/opremazakampiranje.si\/wp-content\/uploads\/2024\/09\/solarni-panel-ultimatron-115W-1.jpg","datePublished":"2024-09-19T08:28:46+00:00","dateModified":"2024-10-28T09:17:08+00:00","description":"Solarni panel 115W Ultimatron vam omogo\u010da preprosto namestitev, saj je izredno u\u010dinkovit in zaradi svoje uporabe omogo\u010da prakti\u010dnost in lahko uporabo...","breadcrumb":{"@id":"https:\/\/opremazakampiranje.si\/en\/izdelek\/solarni-panel-115w-ultimatron\/#breadcrumb"},"inLanguage":"en-US","potentialAction":[{"@type":"ReadAction","target":["https:\/\/opremazakampiranje.si\/en\/izdelek\/solarni-panel-115w-ultimatron\/"]}]},{"@type":"ImageObject","inLanguage":"en-US","@id":"https:\/\/opremazakampiranje.si\/en\/izdelek\/solarni-panel-115w-ultimatron\/#primaryimage","url":"https:\/\/opremazakampiranje.si\/wp-content\/uploads\/2024\/09\/solarni-panel-ultimatron-115W-1.jpg","contentUrl":"https:\/\/opremazakampiranje.si\/wp-content\/uploads\/2024\/09\/solarni-panel-ultimatron-115W-1.jpg","width":800,"height":800,"caption":"solarni panel 115W, primeren za avtodome, po\u010ditni\u0161ke objekte in prikolice"},{"@type":"BreadcrumbList","@id":"https:\/\/opremazakampiranje.si\/en\/izdelek\/solarni-panel-115w-ultimatron\/#breadcrumb","itemListElement":[{"@type":"ListItem","position":1,"name":"Home","item":"https:\/\/opremazakampiranje.si\/en\/"},{"@type":"ListItem","position":2,"name":"Trgovina","item":"https:\/\/opremazakampiranje.si\/trgovina\/"},{"@type":"ListItem","position":3,"name":"Solarni panel 115W Ultimatron"}]},{"@type":"WebSite","@id":"https:\/\/opremazakampiranje.si\/en\/#website","url":"https:\/\/opremazakampiranje.si\/en\/","name":"Oprema za kampiranje","description":"","potentialAction":[{"@type":"SearchAction","target":{"@type":"EntryPoint","urlTemplate":"https:\/\/opremazakampiranje.si\/en\/?s={search_term_string}"},"query-input":{"@type":"PropertyValueSpecification","valueRequired":true,"valueName":"search_term_string"}}],"inLanguage":"en-US"}]}},"_links":{"self":[{"href":"https:\/\/opremazakampiranje.si\/en\/wp-json\/wp\/v2\/product\/10674","targetHints":{"allow":["GET"]}}],"collection":[{"href":"https:\/\/opremazakampiranje.si\/en\/wp-json\/wp\/v2\/product"}],"about":[{"href":"https:\/\/opremazakampiranje.si\/en\/wp-json\/wp\/v2\/types\/product"}],"replies":[{"embeddable":true,"href":"https:\/\/opremazakampiranje.si\/en\/wp-json\/wp\/v2\/comments?post=10674"}],"version-history":[{"count":37,"href":"https:\/\/opremazakampiranje.si\/en\/wp-json\/wp\/v2\/product\/10674\/revisions"}],"predecessor-version":[{"id":11350,"href":"https:\/\/opremazakampiranje.si\/en\/wp-json\/wp\/v2\/product\/10674\/revisions\/11350"}],"wp:featuredmedia":[{"embeddable":true,"href":"https:\/\/opremazakampiranje.si\/en\/wp-json\/wp\/v2\/media\/10685"}],"wp:attachment":[{"href":"https:\/\/opremazakampiranje.si\/en\/wp-json\/wp\/v2\/media?parent=10674"}],"wp:term":[{"taxonomy":"product_cat","embeddable":true,"href":"https:\/\/opremazakampiranje.si\/en\/wp-json\/wp\/v2\/product_cat?post=10674"},{"taxonomy":"product_tag","embeddable":true,"href":"https:\/\/opremazakampiranje.si\/en\/wp-json\/wp\/v2\/product_tag?post=10674"}],"curies":[{"name":"wp","href":"https:\/\/api.w.org\/{rel}","templated":true}]}}