{"id":10542,"date":"2024-08-29T13:06:10","date_gmt":"2024-08-29T12:06:10","guid":{"rendered":"https:\/\/opremazakampiranje.si\/?post_type=product&#038;p=10542"},"modified":"2025-06-03T12:13:21","modified_gmt":"2025-06-03T11:13:21","slug":"porta-pure-tablete-za-prenosni-wc-extra-strong-12-kos","status":"publish","type":"product","link":"https:\/\/opremazakampiranje.si\/en\/izdelek\/porta-pure-tablete-za-prenosni-wc-extra-strong-12-kos\/","title":{"rendered":"Porta Pure tablete Extra strong, 12 kos"},"content":{"rendered":"\t\t<div data-elementor-type=\"wp-post\" data-elementor-id=\"10542\" class=\"elementor elementor-10542\">\n\t\t\t\t<div class=\"elementor-element elementor-element-4010cbf e-flex e-con-boxed e-con e-parent\" data-id=\"4010cbf\" data-element_type=\"container\">\n\t\t\t\t\t<div class=\"e-con-inner\">\n\t\t\t\t<div class=\"elementor-element elementor-element-790afde elementor-widget elementor-widget-wd_text_block\" data-id=\"790afde\" data-element_type=\"widget\" data-widget_type=\"wd_text_block.default\">\n\t\t\t\t<div class=\"elementor-widget-container\">\n\t\t\t\t\t<div class=\"wd-text-block reset-last-child text-left\">\n\t\t\t\n\t\t\t<div><div dir=\"auto\" data-message-author-role=\"assistant\" data-message-id=\"7a3f6807-aef6-4428-8b75-430e883187d5\"><div><div><h2>PortaPure<strong> Tablete za prenosni WC - Extra Strong, 12 kos<\/strong><\/h2><p>Porta Pure tablete za prenosni WC - Extra strong, so namenjene odpravi neprijetnih vonjav in zmanj\u0161evanju nastajanja plinov v prenosnih sanitarijah. Vsaka tableta je zasnovana tako, da u\u010dinkovito razgradi odpadke in zmanj\u0161a neprijetne vonjave, kar <strong>zagotavlja \u010disto in prijetno okolje tudi v najbolj zahtevnih pogojih.<\/strong><\/p><h3><strong>Klju\u010dne prednosti:<\/strong><\/h3><ul><li><strong>Extra Strong formula - <\/strong>Porta Pure tablete za prenosni WC - Extra strong z mo\u010dno sestavo za hitro in u\u010dinkovito razgradnjo.<\/li><li><strong>Enostavna uporaba - <\/strong>ena tableta zadostuje za dolgotrajno sve\u017eino in higieno.<\/li><li><strong>Pakiranje - <\/strong>12 kosov zadostuje za ve\u010dkratno uporabo in dolgotrajno sve\u017eino.<\/li><\/ul><p><strong>Te tablete so idealne za kampiranje, avtodome, \u010dolne ali katerokoli drugo uporabo prenosnih WC-jev, kjer je pomembno ohranjanje higiene in vonjav.<\/strong><\/p><\/div><h3><strong>Navodila za uporabo za kemi\u010dna strani\u0161\u010da:<\/strong><\/h3><p>Postavite eno tableto v 0,3 litre vode.&nbsp;<\/p><\/div><p><a href=\"https:\/\/opremazakampiranje.si\/izdelek\/porta-pure-tablete-za-prenosni-wc-super-strong\/\">Pakiranje tudi po 20 kos - Porta Pure tablete za prenosni WC - Super strong<\/a><\/p><div><h3><span style=\"text-align: var(--text-align); background-color: var(--wd-main-bgcolor);\">Porta Pure tablete za prenosni WC - Extra strong, 12 kos v<\/span><strong>sebujejo:<\/strong><\/h3><p>Sekundarni alkohol etoksilat., bronopol (INN).<\/p><h3><strong>Nevarno - ukrepi in varnost<\/strong><\/h3><p>H315 Povzro\u010da dra\u017eenje ko\u017ee. H318 Povzro\u010da hude po\u0161kodbe o\u010di. H412 \u0160kodljivo za vodne organizme, z dolgotrajnimi u\u010dinki. P264 Po uporabi temeljito umiti roke. P273 Prepre\u010diti spro\u0161\u010danje v okolje. P280 Nositi za\u0161\u010ditne rokavice\/za\u0161\u010dito za o\u010di.&nbsp; P302 + P352 PRI STIKU S KO\u017dO: umiti z veliko vode. P305 + P351 + P338 PRI STIKU Z O\u010cMI: Previdno izpirati z vodo nekaj minut. Odstranite kontaktne le\u010de, \u010de jih imate in \u010de to lahko storite brez te\u017eav. Nadaljujte z izpiranjem. P310 Takoj pokli\u010dite zdravnika. P332 + P313 \u010ce nastopi dra\u017eenje ko\u017ee: poi\u0161\u010dite zdravni\u0161ko pomo\u010d\/oskrbo. P501 Odstraniti vsebino\/posodo v skladu z lokalnimi predpisi.<\/p><\/div><\/div><\/div>\n\t\t\t\t\t<\/div>\n\t\t\t\t<\/div>\n\t\t\t\t<\/div>\n\t\t\t\t\t<\/div>\n\t\t\t\t<\/div>\n\t\t\t\t<\/div>\n\t\t","protected":false},"excerpt":{"rendered":"<div class=\"flex max-w-full flex-col flex-grow\">\n<div class=\"min-h-[20px] text-message flex w-full flex-col items-end gap-2 break-words [.text-message+&amp;]:mt-5 overflow-x-auto whitespace-normal\" dir=\"auto\" data-message-author-role=\"assistant\" data-message-id=\"d8b8fe0f-a108-4820-9195-d21c3c8f9038\">\n<div class=\"flex w-full flex-col gap-1 empty:hidden first:pt-[3px]\">\n<div class=\"markdown prose w-full break-words dark:prose-invert light\">\n<ul>\n<li><strong>Extra strong -hitro razgrajuje odpadke<\/strong><\/li>\n<li><strong>Odpravlja neprijetne vonjave<\/strong><\/li>\n<li><strong>Zmanj\u0161uje nastajanje plina v prenosnih WC-jih<\/strong><\/li>\n<li><strong>Primerno za avtobuse, ladje, vlake, avtodome, po\u010ditni\u0161ke prikolice in druga kemi\u010dna strani\u0161\u010da.<\/strong><\/li>\n<li><strong>Dolgotrajnost in preprosta uporaba<\/strong><\/li>\n<\/ul>\n<\/div>\n<\/div>\n<\/div>\n<\/div>\n<div class=\"mt-1 flex gap-3 empty:hidden -ml-2\">\n<div class=\"items-center justify-start rounded-xl p-1 flex\"><\/div>\n<\/div>\n","protected":false},"featured_media":10650,"comment_status":"closed","ping_status":"closed","template":"","meta":[],"product_cat":[90,91,92],"product_tag":[119,131,128,130,132,129,133],"class_list":{"0":"post-10542","1":"product","2":"type-product","3":"status-publish","4":"has-post-thumbnail","6":"product_cat-avtodom","7":"product_cat-portapure-druzina-izdelkov","8":"product_cat-tableti-za-prenosne-wc-je","9":"product_tag-avtodom","10":"product_tag-coln","11":"product_tag-kampiranje","12":"product_tag-navtika","13":"product_tag-porta-pure","14":"product_tag-tablete-za-wc","15":"product_tag-tableti-za-sanitarije","17":"first","18":"instock","19":"taxable","20":"shipping-taxable","21":"purchasable","22":"product-type-simple"},"yoast_head":"<!-- This site is optimized with the Yoast SEO plugin v23.9 - https:\/\/yoast.com\/wordpress\/plugins\/seo\/ -->\n<title>Porta Pure tablete Extra strong, 12 kos - Oprema za kampiranje<\/title>\n<meta name=\"description\" content=\"Porta Pure tablete Extra strong, 12 kos, so primerne za prenosne sanitarije. Odpravljajo neprijetne vonjave in zmanj\u0161ujejo nastajanje plinov...\" \/>\n<meta name=\"robots\" content=\"index, follow, max-snippet:-1, max-image-preview:large, max-video-preview:-1\" \/>\n<link rel=\"canonical\" href=\"https:\/\/opremazakampiranje.si\/en\/izdelek\/porta-pure-tablete-za-prenosni-wc-extra-strong-12-kos\/\" \/>\n<meta property=\"og:locale\" content=\"en_US\" \/>\n<meta property=\"og:type\" content=\"article\" \/>\n<meta property=\"og:title\" content=\"Porta Pure tablete Extra strong, 12 kos - Oprema za kampiranje\" \/>\n<meta property=\"og:description\" content=\"Porta Pure tablete Extra strong, 12 kos, so primerne za prenosne sanitarije. Odpravljajo neprijetne vonjave in zmanj\u0161ujejo nastajanje plinov...\" \/>\n<meta property=\"og:url\" content=\"https:\/\/opremazakampiranje.si\/en\/izdelek\/porta-pure-tablete-za-prenosni-wc-extra-strong-12-kos\/\" \/>\n<meta property=\"og:site_name\" content=\"Oprema za kampiranje\" \/>\n<meta property=\"article:modified_time\" content=\"2025-06-03T11:13:21+00:00\" \/>\n<meta property=\"og:image\" content=\"https:\/\/opremazakampiranje.si\/wp-content\/uploads\/2024\/08\/porta-pure-tablete-za-prenosni-WC-extra-strong-12-kos-1.jpg\" \/>\n\t<meta property=\"og:image:width\" content=\"800\" \/>\n\t<meta property=\"og:image:height\" content=\"800\" \/>\n\t<meta property=\"og:image:type\" content=\"image\/jpeg\" \/>\n<meta name=\"twitter:card\" content=\"summary_large_image\" \/>\n<meta name=\"twitter:label1\" content=\"Est. reading time\" \/>\n\t<meta name=\"twitter:data1\" content=\"2 minutes\" \/>\n<script type=\"application\/ld+json\" class=\"yoast-schema-graph\">{\"@context\":\"https:\/\/schema.org\",\"@graph\":[{\"@type\":\"WebPage\",\"@id\":\"https:\/\/opremazakampiranje.si\/en\/izdelek\/porta-pure-tablete-za-prenosni-wc-extra-strong-12-kos\/\",\"url\":\"https:\/\/opremazakampiranje.si\/en\/izdelek\/porta-pure-tablete-za-prenosni-wc-extra-strong-12-kos\/\",\"name\":\"Porta Pure tablete Extra strong, 12 kos - Oprema za kampiranje\",\"isPartOf\":{\"@id\":\"https:\/\/opremazakampiranje.si\/en\/#website\"},\"primaryImageOfPage\":{\"@id\":\"https:\/\/opremazakampiranje.si\/en\/izdelek\/porta-pure-tablete-za-prenosni-wc-extra-strong-12-kos\/#primaryimage\"},\"image\":{\"@id\":\"https:\/\/opremazakampiranje.si\/en\/izdelek\/porta-pure-tablete-za-prenosni-wc-extra-strong-12-kos\/#primaryimage\"},\"thumbnailUrl\":\"https:\/\/opremazakampiranje.si\/wp-content\/uploads\/2024\/08\/porta-pure-tablete-za-prenosni-WC-extra-strong-12-kos-1.jpg\",\"datePublished\":\"2024-08-29T12:06:10+00:00\",\"dateModified\":\"2025-06-03T11:13:21+00:00\",\"description\":\"Porta Pure tablete Extra strong, 12 kos, so primerne za prenosne sanitarije. Odpravljajo neprijetne vonjave in zmanj\u0161ujejo nastajanje plinov...\",\"breadcrumb\":{\"@id\":\"https:\/\/opremazakampiranje.si\/en\/izdelek\/porta-pure-tablete-za-prenosni-wc-extra-strong-12-kos\/#breadcrumb\"},\"inLanguage\":\"en-US\",\"potentialAction\":[{\"@type\":\"ReadAction\",\"target\":[\"https:\/\/opremazakampiranje.si\/en\/izdelek\/porta-pure-tablete-za-prenosni-wc-extra-strong-12-kos\/\"]}]},{\"@type\":\"ImageObject\",\"inLanguage\":\"en-US\",\"@id\":\"https:\/\/opremazakampiranje.si\/en\/izdelek\/porta-pure-tablete-za-prenosni-wc-extra-strong-12-kos\/#primaryimage\",\"url\":\"https:\/\/opremazakampiranje.si\/wp-content\/uploads\/2024\/08\/porta-pure-tablete-za-prenosni-WC-extra-strong-12-kos-1.jpg\",\"contentUrl\":\"https:\/\/opremazakampiranje.si\/wp-content\/uploads\/2024\/08\/porta-pure-tablete-za-prenosni-WC-extra-strong-12-kos-1.jpg\",\"width\":800,\"height\":800,\"caption\":\"tableti Porta Pure za prenosne sanitarije\"},{\"@type\":\"BreadcrumbList\",\"@id\":\"https:\/\/opremazakampiranje.si\/en\/izdelek\/porta-pure-tablete-za-prenosni-wc-extra-strong-12-kos\/#breadcrumb\",\"itemListElement\":[{\"@type\":\"ListItem\",\"position\":1,\"name\":\"Home\",\"item\":\"https:\/\/opremazakampiranje.si\/en\/\"},{\"@type\":\"ListItem\",\"position\":2,\"name\":\"Trgovina\",\"item\":\"https:\/\/opremazakampiranje.si\/trgovina\/\"},{\"@type\":\"ListItem\",\"position\":3,\"name\":\"Porta Pure tablete Extra strong, 12 kos\"}]},{\"@type\":\"WebSite\",\"@id\":\"https:\/\/opremazakampiranje.si\/en\/#website\",\"url\":\"https:\/\/opremazakampiranje.si\/en\/\",\"name\":\"Oprema za kampiranje\",\"description\":\"\",\"potentialAction\":[{\"@type\":\"SearchAction\",\"target\":{\"@type\":\"EntryPoint\",\"urlTemplate\":\"https:\/\/opremazakampiranje.si\/en\/?s={search_term_string}\"},\"query-input\":{\"@type\":\"PropertyValueSpecification\",\"valueRequired\":true,\"valueName\":\"search_term_string\"}}],\"inLanguage\":\"en-US\"}]}<\/script>\n<!-- \/ Yoast SEO plugin. -->","yoast_head_json":{"title":"Porta Pure tablete Extra strong, 12 kos - Oprema za kampiranje","description":"Porta Pure tablete Extra strong, 12 kos, so primerne za prenosne sanitarije. Odpravljajo neprijetne vonjave in zmanj\u0161ujejo nastajanje plinov...","robots":{"index":"index","follow":"follow","max-snippet":"max-snippet:-1","max-image-preview":"max-image-preview:large","max-video-preview":"max-video-preview:-1"},"canonical":"https:\/\/opremazakampiranje.si\/en\/izdelek\/porta-pure-tablete-za-prenosni-wc-extra-strong-12-kos\/","og_locale":"en_US","og_type":"article","og_title":"Porta Pure tablete Extra strong, 12 kos - Oprema za kampiranje","og_description":"Porta Pure tablete Extra strong, 12 kos, so primerne za prenosne sanitarije. Odpravljajo neprijetne vonjave in zmanj\u0161ujejo nastajanje plinov...","og_url":"https:\/\/opremazakampiranje.si\/en\/izdelek\/porta-pure-tablete-za-prenosni-wc-extra-strong-12-kos\/","og_site_name":"Oprema za kampiranje","article_modified_time":"2025-06-03T11:13:21+00:00","og_image":[{"width":800,"height":800,"url":"https:\/\/opremazakampiranje.si\/wp-content\/uploads\/2024\/08\/porta-pure-tablete-za-prenosni-WC-extra-strong-12-kos-1.jpg","type":"image\/jpeg"}],"twitter_card":"summary_large_image","twitter_misc":{"Est. reading time":"2 minutes"},"schema":{"@context":"https:\/\/schema.org","@graph":[{"@type":"WebPage","@id":"https:\/\/opremazakampiranje.si\/en\/izdelek\/porta-pure-tablete-za-prenosni-wc-extra-strong-12-kos\/","url":"https:\/\/opremazakampiranje.si\/en\/izdelek\/porta-pure-tablete-za-prenosni-wc-extra-strong-12-kos\/","name":"Porta Pure tablete Extra strong, 12 kos - Oprema za kampiranje","isPartOf":{"@id":"https:\/\/opremazakampiranje.si\/en\/#website"},"primaryImageOfPage":{"@id":"https:\/\/opremazakampiranje.si\/en\/izdelek\/porta-pure-tablete-za-prenosni-wc-extra-strong-12-kos\/#primaryimage"},"image":{"@id":"https:\/\/opremazakampiranje.si\/en\/izdelek\/porta-pure-tablete-za-prenosni-wc-extra-strong-12-kos\/#primaryimage"},"thumbnailUrl":"https:\/\/opremazakampiranje.si\/wp-content\/uploads\/2024\/08\/porta-pure-tablete-za-prenosni-WC-extra-strong-12-kos-1.jpg","datePublished":"2024-08-29T12:06:10+00:00","dateModified":"2025-06-03T11:13:21+00:00","description":"Porta Pure tablete Extra strong, 12 kos, so primerne za prenosne sanitarije. Odpravljajo neprijetne vonjave in zmanj\u0161ujejo nastajanje plinov...","breadcrumb":{"@id":"https:\/\/opremazakampiranje.si\/en\/izdelek\/porta-pure-tablete-za-prenosni-wc-extra-strong-12-kos\/#breadcrumb"},"inLanguage":"en-US","potentialAction":[{"@type":"ReadAction","target":["https:\/\/opremazakampiranje.si\/en\/izdelek\/porta-pure-tablete-za-prenosni-wc-extra-strong-12-kos\/"]}]},{"@type":"ImageObject","inLanguage":"en-US","@id":"https:\/\/opremazakampiranje.si\/en\/izdelek\/porta-pure-tablete-za-prenosni-wc-extra-strong-12-kos\/#primaryimage","url":"https:\/\/opremazakampiranje.si\/wp-content\/uploads\/2024\/08\/porta-pure-tablete-za-prenosni-WC-extra-strong-12-kos-1.jpg","contentUrl":"https:\/\/opremazakampiranje.si\/wp-content\/uploads\/2024\/08\/porta-pure-tablete-za-prenosni-WC-extra-strong-12-kos-1.jpg","width":800,"height":800,"caption":"tableti Porta Pure za prenosne sanitarije"},{"@type":"BreadcrumbList","@id":"https:\/\/opremazakampiranje.si\/en\/izdelek\/porta-pure-tablete-za-prenosni-wc-extra-strong-12-kos\/#breadcrumb","itemListElement":[{"@type":"ListItem","position":1,"name":"Home","item":"https:\/\/opremazakampiranje.si\/en\/"},{"@type":"ListItem","position":2,"name":"Trgovina","item":"https:\/\/opremazakampiranje.si\/trgovina\/"},{"@type":"ListItem","position":3,"name":"Porta Pure tablete Extra strong, 12 kos"}]},{"@type":"WebSite","@id":"https:\/\/opremazakampiranje.si\/en\/#website","url":"https:\/\/opremazakampiranje.si\/en\/","name":"Oprema za kampiranje","description":"","potentialAction":[{"@type":"SearchAction","target":{"@type":"EntryPoint","urlTemplate":"https:\/\/opremazakampiranje.si\/en\/?s={search_term_string}"},"query-input":{"@type":"PropertyValueSpecification","valueRequired":true,"valueName":"search_term_string"}}],"inLanguage":"en-US"}]}},"_links":{"self":[{"href":"https:\/\/opremazakampiranje.si\/en\/wp-json\/wp\/v2\/product\/10542","targetHints":{"allow":["GET"]}}],"collection":[{"href":"https:\/\/opremazakampiranje.si\/en\/wp-json\/wp\/v2\/product"}],"about":[{"href":"https:\/\/opremazakampiranje.si\/en\/wp-json\/wp\/v2\/types\/product"}],"replies":[{"embeddable":true,"href":"https:\/\/opremazakampiranje.si\/en\/wp-json\/wp\/v2\/comments?post=10542"}],"version-history":[{"count":25,"href":"https:\/\/opremazakampiranje.si\/en\/wp-json\/wp\/v2\/product\/10542\/revisions"}],"predecessor-version":[{"id":10637,"href":"https:\/\/opremazakampiranje.si\/en\/wp-json\/wp\/v2\/product\/10542\/revisions\/10637"}],"wp:featuredmedia":[{"embeddable":true,"href":"https:\/\/opremazakampiranje.si\/en\/wp-json\/wp\/v2\/media\/10650"}],"wp:attachment":[{"href":"https:\/\/opremazakampiranje.si\/en\/wp-json\/wp\/v2\/media?parent=10542"}],"wp:term":[{"taxonomy":"product_cat","embeddable":true,"href":"https:\/\/opremazakampiranje.si\/en\/wp-json\/wp\/v2\/product_cat?post=10542"},{"taxonomy":"product_tag","embeddable":true,"href":"https:\/\/opremazakampiranje.si\/en\/wp-json\/wp\/v2\/product_tag?post=10542"}],"curies":[{"name":"wp","href":"https:\/\/api.w.org\/{rel}","templated":true}]}}