{"id":10495,"date":"2024-08-29T11:28:54","date_gmt":"2024-08-29T10:28:54","guid":{"rendered":"https:\/\/opremazakampiranje.si\/?post_type=product&#038;p=10495"},"modified":"2025-04-09T17:12:35","modified_gmt":"2025-04-09T16:12:35","slug":"biolite-solarni-panel-10","status":"publish","type":"product","link":"https:\/\/opremazakampiranje.si\/en\/izdelek\/biolite-solarni-panel-10\/","title":{"rendered":"BioLite solarni panel 10+"},"content":{"rendered":"\t\t<div data-elementor-type=\"wp-post\" data-elementor-id=\"10495\" class=\"elementor elementor-10495\">\n\t\t\t\t<div class=\"elementor-element elementor-element-4010cbf e-flex e-con-boxed e-con e-parent\" data-id=\"4010cbf\" data-element_type=\"container\">\n\t\t\t\t\t<div class=\"e-con-inner\">\n\t\t\t\t<div class=\"elementor-element elementor-element-790afde elementor-widget elementor-widget-wd_text_block\" data-id=\"790afde\" data-element_type=\"widget\" data-widget_type=\"wd_text_block.default\">\n\t\t\t\t<div class=\"elementor-widget-container\">\n\t\t\t\t\t<div class=\"wd-text-block reset-last-child text-left\">\n\t\t\t\n\t\t\t<h2><strong>BioLite solarni panel 10+ je idealna re\u0161itev za vse, ki potrebujete zanesljivo energijo na poti.<\/strong><\/h2><p>Z mo\u010djo 10 W ima vgrajeno baterijo kapacitete 3200 mAh, kar omogo\u010da polnjenje pametnih telefonov, tablic in drugih naprav. Optimal Sun System vam pomaga najti najbolj\u0161e sonce, medtem ko 360-stopinjsko stojalo omogo\u010da prilagoditev panela v razli\u010dne polo\u017eaje.<\/p><p><strong>BioLite solarni panel 10+ je lahek, tehta le 550 g, in je odporen na vremenske vplive z za\u0161\u010dito IPX4. USB izhod omogo\u010da enostavno polnjenje va\u0161ih naprav.<\/strong><\/p><ul><li><p><strong>Energijska neodvisnost -\u00a0<\/strong><span style=\"font-size: 14px; text-align: var(--text-align); background-color: var(--wd-main-bgcolor); color: var(--wd-text-color);\">Energetska\u00a0neodvisnost\u00a0pomeni,\u00a0da\u00a0si\u00a0lahko\u00a0zagotovite\u00a0lastno\u00a0elektriko, tudi na prostem. P<\/span><span style=\"font-size: 14px; text-align: var(--text-align); background-color: var(--wd-main-bgcolor); color: var(--wd-text-color);\">aneli so pri tem v pomo\u010d, saj lahko ujamejo son\u010dno svetlobo in jo pretvorijo v elektriko, tako da jih lahko uporabljate kjerkoli.<\/span><\/p><\/li><li><p><strong>Ekolo\u0161ka prijaznost -<\/strong> Uporaba solarnih panelov zmanj\u0161uje potrebo po fosilnih gorivih in je prijazno okolju, saj paneli izkori\u0161\u010dajo obnovljive vire energije.<\/p><\/li><li><p><strong>Prihranek stro\u0161kov - <\/strong>Po za\u010detni investiciji so prenosni paneli stro\u0161kovno u\u010dinkoviti, saj zagotavljajo brezpla\u010dno energijo, ki jo lahko uporabljate za polnjenje naprav in osvetlitev.<\/p><\/li><li><p><strong>Prenosljivost in fleksibilnost - <\/strong>Prenosni solarni paneli so zasnovani tako, da so lahki in enostavni za prena\u0161anje, kar omogo\u010da uporabo v razli\u010dnih okoljih, kot so kampiranje, pohodni\u0161tvo ali potovanja.<\/p><\/li><\/ul><h3><strong>Tehni\u010dne specifikacije:<\/strong><\/h3><ul><li><strong>Mo\u010d:<\/strong> 10 W, monokristalni celici<\/li><li><strong>Baterija:<\/strong> 11 Wh, 3200 mAh litij-ionska<\/li><li><strong>Odpornost:<\/strong> IPX4 (vremenska odpornost)<\/li><li><strong>Te\u017ea:<\/strong> 550 g<\/li><li><strong>Dimenzije:<\/strong> 257 x 208 x 24 mm<\/li><\/ul><p><em>V paketu prejmete Solarni panel 10+, mikro USB kabel in navodila.<\/em><\/p>\n\t\t\t\t\t<\/div>\n\t\t\t\t<\/div>\n\t\t\t\t<\/div>\n\t\t\t\t\t<\/div>\n\t\t\t\t<\/div>\n\t\t\t\t<\/div>\n\t\t","protected":false},"excerpt":{"rendered":"<div class=\"flex-shrink-0 flex flex-col relative items-end\">\n<div>\n<div class=\"pt-0\">\n<div class=\"gizmo-bot-avatar flex h-8 w-8 items-center justify-center overflow-hidden rounded-full\"><\/div>\n<\/div>\n<\/div>\n<\/div>\n<div class=\"group\/conversation-turn relative flex w-full min-w-0 flex-col agent-turn\">\n<div class=\"flex-col gap-1 md:gap-3\">\n<div class=\"flex max-w-full flex-col flex-grow\">\n<div class=\"min-h-[20px] text-message flex w-full flex-col items-end gap-2 break-words [.text-message+&amp;]:mt-5 overflow-x-auto whitespace-normal\" dir=\"auto\" data-message-author-role=\"assistant\" data-message-id=\"b2f5d2c7-e772-4b7d-9b6d-0a9fdc5f8cd7\">\n<div class=\"flex w-full flex-col gap-1 empty:hidden first:pt-[3px]\">\n<div class=\"markdown prose w-full break-words dark:prose-invert light\">\n<ul>\n<li><strong>10-vatni solarni panel<\/strong><\/li>\n<li><strong>Lahek in zlo\u017eljiv<\/strong><\/li>\n<li><strong>Vgrajena baterija<\/strong><\/li>\n<li><strong>180-stopinjsko nastavljivo stojalo<\/strong><\/li>\n<li><strong>Lahka in prenosna zasnova<\/strong><\/li>\n<\/ul>\n<\/div>\n<\/div>\n<\/div>\n<\/div>\n<\/div>\n<\/div>\n","protected":false},"featured_media":10496,"comment_status":"closed","ping_status":"closed","template":"","meta":[],"product_cat":[90,105,115],"product_tag":[128,127,125,126,124],"class_list":{"0":"post-10495","1":"product","2":"type-product","3":"status-publish","4":"has-post-thumbnail","6":"product_cat-avtodom","7":"product_cat-solarni-paneli","8":"product_cat-prenosni-solarni-paneli","9":"product_tag-kampiranje","10":"product_tag-kemp-oprema","11":"product_tag-panel","12":"product_tag-prenosni-paneli","13":"product_tag-solarni-panel","15":"first","16":"onbackorder","17":"taxable","18":"shipping-taxable","19":"purchasable","20":"product-type-simple"},"yoast_head":"<!-- This site is optimized with the Yoast SEO plugin v23.9 - https:\/\/yoast.com\/wordpress\/plugins\/seo\/ -->\n<title>BioLite solarni panel 10+ - Oprema za kampiranje<\/title>\n<meta name=\"description\" content=\"BioLite solarni panel 10+ vam omogo\u010da lahek prenos in preprosto namestitev, saj je ultra tanek in izredno lahek, kar omogo\u010da prakti\u010dnost in uporabnost...\" \/>\n<meta name=\"robots\" content=\"index, follow, max-snippet:-1, max-image-preview:large, max-video-preview:-1\" \/>\n<link rel=\"canonical\" href=\"https:\/\/opremazakampiranje.si\/en\/izdelek\/biolite-solarni-panel-10\/\" \/>\n<meta property=\"og:locale\" content=\"en_US\" \/>\n<meta property=\"og:type\" content=\"article\" \/>\n<meta property=\"og:title\" content=\"BioLite solarni panel 10+ - Oprema za kampiranje\" \/>\n<meta property=\"og:description\" content=\"BioLite solarni panel 10+ vam omogo\u010da lahek prenos in preprosto namestitev, saj je ultra tanek in izredno lahek, kar omogo\u010da prakti\u010dnost in uporabnost...\" \/>\n<meta property=\"og:url\" content=\"https:\/\/opremazakampiranje.si\/en\/izdelek\/biolite-solarni-panel-10\/\" \/>\n<meta property=\"og:site_name\" content=\"Oprema za kampiranje\" \/>\n<meta property=\"article:modified_time\" content=\"2025-04-09T16:12:35+00:00\" \/>\n<meta property=\"og:image\" content=\"https:\/\/opremazakampiranje.si\/wp-content\/uploads\/2024\/08\/biolite-solarni-panel.jpg\" \/>\n\t<meta property=\"og:image:width\" content=\"800\" \/>\n\t<meta property=\"og:image:height\" content=\"800\" \/>\n\t<meta property=\"og:image:type\" content=\"image\/jpeg\" \/>\n<meta name=\"twitter:card\" content=\"summary_large_image\" \/>\n<meta name=\"twitter:label1\" content=\"Est. reading time\" \/>\n\t<meta name=\"twitter:data1\" content=\"2 minutes\" \/>\n<script type=\"application\/ld+json\" class=\"yoast-schema-graph\">{\"@context\":\"https:\/\/schema.org\",\"@graph\":[{\"@type\":\"WebPage\",\"@id\":\"https:\/\/opremazakampiranje.si\/en\/izdelek\/biolite-solarni-panel-10\/\",\"url\":\"https:\/\/opremazakampiranje.si\/en\/izdelek\/biolite-solarni-panel-10\/\",\"name\":\"BioLite solarni panel 10+ - Oprema za kampiranje\",\"isPartOf\":{\"@id\":\"https:\/\/opremazakampiranje.si\/en\/#website\"},\"primaryImageOfPage\":{\"@id\":\"https:\/\/opremazakampiranje.si\/en\/izdelek\/biolite-solarni-panel-10\/#primaryimage\"},\"image\":{\"@id\":\"https:\/\/opremazakampiranje.si\/en\/izdelek\/biolite-solarni-panel-10\/#primaryimage\"},\"thumbnailUrl\":\"https:\/\/opremazakampiranje.si\/wp-content\/uploads\/2024\/08\/biolite-solarni-panel.jpg\",\"datePublished\":\"2024-08-29T10:28:54+00:00\",\"dateModified\":\"2025-04-09T16:12:35+00:00\",\"description\":\"BioLite solarni panel 10+ vam omogo\u010da lahek prenos in preprosto namestitev, saj je ultra tanek in izredno lahek, kar omogo\u010da prakti\u010dnost in uporabnost...\",\"breadcrumb\":{\"@id\":\"https:\/\/opremazakampiranje.si\/en\/izdelek\/biolite-solarni-panel-10\/#breadcrumb\"},\"inLanguage\":\"en-US\",\"potentialAction\":[{\"@type\":\"ReadAction\",\"target\":[\"https:\/\/opremazakampiranje.si\/en\/izdelek\/biolite-solarni-panel-10\/\"]}]},{\"@type\":\"ImageObject\",\"inLanguage\":\"en-US\",\"@id\":\"https:\/\/opremazakampiranje.si\/en\/izdelek\/biolite-solarni-panel-10\/#primaryimage\",\"url\":\"https:\/\/opremazakampiranje.si\/wp-content\/uploads\/2024\/08\/biolite-solarni-panel.jpg\",\"contentUrl\":\"https:\/\/opremazakampiranje.si\/wp-content\/uploads\/2024\/08\/biolite-solarni-panel.jpg\",\"width\":800,\"height\":800,\"caption\":\"CREATOR: gd-jpeg v1.0 (using IJG JPEG v62), quality = 80\"},{\"@type\":\"BreadcrumbList\",\"@id\":\"https:\/\/opremazakampiranje.si\/en\/izdelek\/biolite-solarni-panel-10\/#breadcrumb\",\"itemListElement\":[{\"@type\":\"ListItem\",\"position\":1,\"name\":\"Home\",\"item\":\"https:\/\/opremazakampiranje.si\/en\/\"},{\"@type\":\"ListItem\",\"position\":2,\"name\":\"Trgovina\",\"item\":\"https:\/\/opremazakampiranje.si\/trgovina\/\"},{\"@type\":\"ListItem\",\"position\":3,\"name\":\"BioLite solarni panel 10+\"}]},{\"@type\":\"WebSite\",\"@id\":\"https:\/\/opremazakampiranje.si\/en\/#website\",\"url\":\"https:\/\/opremazakampiranje.si\/en\/\",\"name\":\"Oprema za kampiranje\",\"description\":\"\",\"potentialAction\":[{\"@type\":\"SearchAction\",\"target\":{\"@type\":\"EntryPoint\",\"urlTemplate\":\"https:\/\/opremazakampiranje.si\/en\/?s={search_term_string}\"},\"query-input\":{\"@type\":\"PropertyValueSpecification\",\"valueRequired\":true,\"valueName\":\"search_term_string\"}}],\"inLanguage\":\"en-US\"}]}<\/script>\n<!-- \/ Yoast SEO plugin. -->","yoast_head_json":{"title":"BioLite solarni panel 10+ - Oprema za kampiranje","description":"BioLite solarni panel 10+ vam omogo\u010da lahek prenos in preprosto namestitev, saj je ultra tanek in izredno lahek, kar omogo\u010da prakti\u010dnost in uporabnost...","robots":{"index":"index","follow":"follow","max-snippet":"max-snippet:-1","max-image-preview":"max-image-preview:large","max-video-preview":"max-video-preview:-1"},"canonical":"https:\/\/opremazakampiranje.si\/en\/izdelek\/biolite-solarni-panel-10\/","og_locale":"en_US","og_type":"article","og_title":"BioLite solarni panel 10+ - Oprema za kampiranje","og_description":"BioLite solarni panel 10+ vam omogo\u010da lahek prenos in preprosto namestitev, saj je ultra tanek in izredno lahek, kar omogo\u010da prakti\u010dnost in uporabnost...","og_url":"https:\/\/opremazakampiranje.si\/en\/izdelek\/biolite-solarni-panel-10\/","og_site_name":"Oprema za kampiranje","article_modified_time":"2025-04-09T16:12:35+00:00","og_image":[{"width":800,"height":800,"url":"https:\/\/opremazakampiranje.si\/wp-content\/uploads\/2024\/08\/biolite-solarni-panel.jpg","type":"image\/jpeg"}],"twitter_card":"summary_large_image","twitter_misc":{"Est. reading time":"2 minutes"},"schema":{"@context":"https:\/\/schema.org","@graph":[{"@type":"WebPage","@id":"https:\/\/opremazakampiranje.si\/en\/izdelek\/biolite-solarni-panel-10\/","url":"https:\/\/opremazakampiranje.si\/en\/izdelek\/biolite-solarni-panel-10\/","name":"BioLite solarni panel 10+ - Oprema za kampiranje","isPartOf":{"@id":"https:\/\/opremazakampiranje.si\/en\/#website"},"primaryImageOfPage":{"@id":"https:\/\/opremazakampiranje.si\/en\/izdelek\/biolite-solarni-panel-10\/#primaryimage"},"image":{"@id":"https:\/\/opremazakampiranje.si\/en\/izdelek\/biolite-solarni-panel-10\/#primaryimage"},"thumbnailUrl":"https:\/\/opremazakampiranje.si\/wp-content\/uploads\/2024\/08\/biolite-solarni-panel.jpg","datePublished":"2024-08-29T10:28:54+00:00","dateModified":"2025-04-09T16:12:35+00:00","description":"BioLite solarni panel 10+ vam omogo\u010da lahek prenos in preprosto namestitev, saj je ultra tanek in izredno lahek, kar omogo\u010da prakti\u010dnost in uporabnost...","breadcrumb":{"@id":"https:\/\/opremazakampiranje.si\/en\/izdelek\/biolite-solarni-panel-10\/#breadcrumb"},"inLanguage":"en-US","potentialAction":[{"@type":"ReadAction","target":["https:\/\/opremazakampiranje.si\/en\/izdelek\/biolite-solarni-panel-10\/"]}]},{"@type":"ImageObject","inLanguage":"en-US","@id":"https:\/\/opremazakampiranje.si\/en\/izdelek\/biolite-solarni-panel-10\/#primaryimage","url":"https:\/\/opremazakampiranje.si\/wp-content\/uploads\/2024\/08\/biolite-solarni-panel.jpg","contentUrl":"https:\/\/opremazakampiranje.si\/wp-content\/uploads\/2024\/08\/biolite-solarni-panel.jpg","width":800,"height":800,"caption":"CREATOR: gd-jpeg v1.0 (using IJG JPEG v62), quality = 80"},{"@type":"BreadcrumbList","@id":"https:\/\/opremazakampiranje.si\/en\/izdelek\/biolite-solarni-panel-10\/#breadcrumb","itemListElement":[{"@type":"ListItem","position":1,"name":"Home","item":"https:\/\/opremazakampiranje.si\/en\/"},{"@type":"ListItem","position":2,"name":"Trgovina","item":"https:\/\/opremazakampiranje.si\/trgovina\/"},{"@type":"ListItem","position":3,"name":"BioLite solarni panel 10+"}]},{"@type":"WebSite","@id":"https:\/\/opremazakampiranje.si\/en\/#website","url":"https:\/\/opremazakampiranje.si\/en\/","name":"Oprema za kampiranje","description":"","potentialAction":[{"@type":"SearchAction","target":{"@type":"EntryPoint","urlTemplate":"https:\/\/opremazakampiranje.si\/en\/?s={search_term_string}"},"query-input":{"@type":"PropertyValueSpecification","valueRequired":true,"valueName":"search_term_string"}}],"inLanguage":"en-US"}]}},"_links":{"self":[{"href":"https:\/\/opremazakampiranje.si\/en\/wp-json\/wp\/v2\/product\/10495","targetHints":{"allow":["GET"]}}],"collection":[{"href":"https:\/\/opremazakampiranje.si\/en\/wp-json\/wp\/v2\/product"}],"about":[{"href":"https:\/\/opremazakampiranje.si\/en\/wp-json\/wp\/v2\/types\/product"}],"replies":[{"embeddable":true,"href":"https:\/\/opremazakampiranje.si\/en\/wp-json\/wp\/v2\/comments?post=10495"}],"version-history":[{"count":15,"href":"https:\/\/opremazakampiranje.si\/en\/wp-json\/wp\/v2\/product\/10495\/revisions"}],"predecessor-version":[{"id":10612,"href":"https:\/\/opremazakampiranje.si\/en\/wp-json\/wp\/v2\/product\/10495\/revisions\/10612"}],"wp:featuredmedia":[{"embeddable":true,"href":"https:\/\/opremazakampiranje.si\/en\/wp-json\/wp\/v2\/media\/10496"}],"wp:attachment":[{"href":"https:\/\/opremazakampiranje.si\/en\/wp-json\/wp\/v2\/media?parent=10495"}],"wp:term":[{"taxonomy":"product_cat","embeddable":true,"href":"https:\/\/opremazakampiranje.si\/en\/wp-json\/wp\/v2\/product_cat?post=10495"},{"taxonomy":"product_tag","embeddable":true,"href":"https:\/\/opremazakampiranje.si\/en\/wp-json\/wp\/v2\/product_tag?post=10495"}],"curies":[{"name":"wp","href":"https:\/\/api.w.org\/{rel}","templated":true}]}}