{"id":10447,"date":"2024-08-29T10:55:23","date_gmt":"2024-08-29T09:55:23","guid":{"rendered":"https:\/\/opremazakampiranje.si\/?post_type=product&#038;p=10447"},"modified":"2024-08-29T11:24:16","modified_gmt":"2024-08-29T10:24:16","slug":"ultimatron-lifepo4-litijeva-baterija-280ah-z-grelcem","status":"publish","type":"product","link":"https:\/\/opremazakampiranje.si\/en\/izdelek\/ultimatron-lifepo4-litijeva-baterija-280ah-z-grelcem\/","title":{"rendered":"Ultimatron LiFePO4 Litijeva baterija 280Ah z grelcem"},"content":{"rendered":"\t\t<div data-elementor-type=\"wp-post\" data-elementor-id=\"10447\" class=\"elementor elementor-10447\">\n\t\t\t\t<div class=\"elementor-element elementor-element-4010cbf e-flex e-con-boxed e-con e-parent\" data-id=\"4010cbf\" data-element_type=\"container\">\n\t\t\t\t\t<div class=\"e-con-inner\">\n\t\t\t\t<div class=\"elementor-element elementor-element-790afde elementor-widget elementor-widget-wd_text_block\" data-id=\"790afde\" data-element_type=\"widget\" data-widget_type=\"wd_text_block.default\">\n\t\t\t\t<div class=\"elementor-widget-container\">\n\t\t\t\t\t<div class=\"wd-text-block reset-last-child text-left\">\n\t\t\t\n\t\t\t<div><div><div><h2><strong>Ultimatron LiFePO4 - zanesljivost, varnost in dolga \u017eivljenjska doba<\/strong><\/h2><\/div><\/div><\/div><div><div><div><div dir=\"auto\" data-message-author-role=\"assistant\" data-message-id=\"3e6c505b-c1eb-4442-b134-bb246cb2e513\"><div><div><p>Ultimatron litij-\u017eelezov fosfat (LiFePO4) baterije so odli\u010dna izbira v primerjavi z obi\u010dajnimi baterijami. Njihove glavne prednosti vklju\u010dujejo varnost, dolgo \u017eivljenjsko dobo in zanesljivo delovanje tudi v zahtevnih pogojih. Ultimatron LiFePO4 Litijeva baterija 12.8V 280Ah z grelcem vam nudi dolgotrajnost in zanesljivost.<\/p><h3><strong>Glavne prednosti:<\/strong><\/h3><ol><li><p>S 5-letno garancijo proizvajalca.<\/p><\/li><li><p>Tehnologija LiFePO4 je izjemno varna za uporabo.<\/p><\/li><li><p>Baterije imajo dolgo \u017eivljenjsko dobo tudi pri velikih obremenitvah. Ni vam treba skrbeti, da bi baterijo napolnili do konca ali jo izpraznili do popolnosti \u2013 vedno ostaja mo\u010dna in stabilna.<\/p><\/li><li><p>Baterije so majhne in lahke, kar olaj\u0161a njihovo prena\u0161anje in uporabo v razli\u010dnih napravah.<\/p><\/li><li><p>Vgrajeni sistem za upravljanje baterij (BMS) deluje kot pametni pomo\u010dnik, ki nadzira delovanje baterije, skrbi za optimalno polnjenje in praznjenje ter prepre\u010duje pregrevanje. To zagotavlja dalj\u0161o \u017eivljenjsko dobo in bolj\u0161e delovanje baterije.<\/p><\/li><li><p><strong>Bluetooth - <\/strong>S funkcijo bluetooth lahko spremljate pomembne podatke o bateriji neposredno na svojem telefonu ali tablici preko posebne aplikacije. Tako imate vedno na voljo aktualne informacije o stanju baterije.<\/p><\/li><\/ol><h3><strong>Zakaj izbrati Ultimatron LiFePO4 baterijo?<\/strong><\/h3><\/div><\/div><\/div><\/div><\/div><\/div><h2 style=\"border-style: solid; border-color: #e3e3e3; --tw-border-spacing-x: 0; --tw-border-spacing-y: 0; --tw-translate-x: 0; --tw-translate-y: 0; --tw-rotate: 0; --tw-skew-x: 0; --tw-skew-y: 0; --tw-scale-x: 1; --tw-scale-y: 1; --tw-scroll-snap-strictness: proximity; --tw-ring-offset-width: 0px; --tw-ring-offset-color: #fff; --tw-ring-color: rgba(69,89,164,.5); --tw-ring-offset-shadow: 0 0 transparent; --tw-ring-shadow: 0 0 transparent; --tw-shadow: 0 0 transparent; --tw-shadow-colored: 0 0 transparent; margin-bottom: 1.25em; color: #0d0d0d; font-family: ui-sans-serif, -apple-system, system-ui, 'Segoe UI', Roboto, Ubuntu, Cantarell, 'Noto Sans', sans-serif, Helvetica, 'Apple Color Emoji', Arial, 'Segoe UI Emoji', 'Segoe UI Symbol'; font-size: 16px; font-style: normal; font-variant-ligatures: normal; font-variant-caps: normal; font-weight: 400;\">Ker zagotavljajo varno, zanesljivo in dolgoro\u010dno re\u0161itev za vse va\u0161e potrebe po energiji, bodisi za mobilne naprave, solarne sisteme, avtodome, elektri\u010dna vozila ali druge naprave. Z njihovo pomo\u010djo boste imeli energijo tudi takrat, ko jo najbolj potrebujete.<\/h2><h2 style=\"border-style: solid; border-color: #e3e3e3; --tw-border-spacing-x: 0; --tw-border-spacing-y: 0; --tw-translate-x: 0; --tw-translate-y: 0; --tw-rotate: 0; --tw-skew-x: 0; --tw-skew-y: 0; --tw-scale-x: 1; --tw-scale-y: 1; --tw-scroll-snap-strictness: proximity; --tw-ring-offset-width: 0px; --tw-ring-offset-color: #fff; --tw-ring-color: rgba(69,89,164,.5); --tw-ring-offset-shadow: 0 0 transparent; --tw-ring-shadow: 0 0 transparent; --tw-shadow: 0 0 transparent; --tw-shadow-colored: 0 0 transparent; margin-bottom: 1.25em; color: #0d0d0d; font-family: ui-sans-serif, -apple-system, system-ui, 'Segoe UI', Roboto, Ubuntu, Cantarell, 'Noto Sans', sans-serif, Helvetica, 'Apple Color Emoji', Arial, 'Segoe UI Emoji', 'Segoe UI Symbol'; font-size: 16px; font-style: normal; font-variant-ligatures: normal; font-variant-caps: normal; font-weight: 400;\"><strong><span style=\"color: var(--wd-title-color); font-family: var(--wd-title-font); font-size: 22px; font-style: var(--wd-title-font-style); text-transform: var(--wd-title-transform); text-align: var(--text-align); background-color: var(--wd-main-bgcolor);\">Tehni\u010dne specifikacije:<\/span><\/strong><\/h2><p><strong>Model: ULM-12-280H<\/strong><\/p><ul><li><strong>355x330190mm<\/strong><\/li><li>Nazivna zmogljivost: 280Ah<\/li><li>Obmo\u010dje delovne napetosti: 10-14,6V<\/li><li>Nazivna napetost: 12,8V<\/li><li>\u0160tevilo ciklov: \u22653000 pri 80% DoD<\/li><li>Polnilna napetost: 14,6V<\/li><li>Priporo\u010deni polnilni tok: 50A<\/li><li>Najve\u010dji polnilni tok: 40A<\/li><li>Najve\u010dji tok praznjenja: 200A<\/li><li>Najve\u010dji tok praznjenja (5 ~ 25 ms): 220A (15 ~ 25 S) \u2013 620A (320 ~ 1280m S)<\/li><li>BMS (sistem za upravljanje baterij): Integrirano<\/li><li>Spremljanje Bluetooth 4.0 z aplikacijo za pametni telefon IOS in Android<\/li><li><strong>Aplikacija\/medsebojna povezava: Lahko se pove\u017ee vzporedno. Serijska povezava ni dovoljena.<\/strong><\/li><li>Za\u0161\u010dita: IP65<\/li><li>Temperaturno obmo\u010dje (praznjenje): -20 ~ 65\u00b0C<\/li><li>Temperaturno obmo\u010dje (polnjenje): -20 ~ 55\u00b0C<\/li><li>Temperaturno obmo\u010dje (shranjevanje): -5 ~ 35\u00b0C<\/li><li>Nizkotemperaturno ogrevanje: Polnjenje in ogrevanje pri &lt;0 \u00b0C<\/li><li>Terminal: M8<\/li><li><strong>Te\u017ea: 31,0 kg<\/strong><\/li><\/ul>\n\t\t\t\t\t<\/div>\n\t\t\t\t<\/div>\n\t\t\t\t<\/div>\n\t\t\t\t\t<\/div>\n\t\t\t\t<\/div>\n\t\t\t\t<\/div>\n\t\t","protected":false},"excerpt":{"rendered":"<ul>\n<li style=\"font-weight: 400;\"><strong>Podsede\u017ena baterija z bluetooth-om<\/strong><\/li>\n<li style=\"font-weight: 400;\"><strong>5-letna garancija<\/strong><\/li>\n<li style=\"font-weight: 400;\"><strong>Prizmati\u010dna baterijska celica razreda A<\/strong><\/li>\n<li style=\"font-weight: 400;\"><strong>Aplikacija na voljo na Apple Store in Google Play<\/strong><\/li>\n<li style=\"font-weight: 400;\"><strong>Dimenzije: 355x330x190<\/strong><\/li>\n<\/ul>\n","protected":false},"featured_media":10484,"comment_status":"closed","ping_status":"closed","template":"","meta":[],"product_cat":[83],"product_tag":[119,118,116,123,117],"class_list":{"0":"post-10447","1":"product","2":"type-product","3":"status-publish","4":"has-post-thumbnail","6":"product_cat-lifepo-akumulatorji","7":"product_tag-avtodom","8":"product_tag-energija","9":"product_tag-litijeva-baterija","10":"product_tag-nautika","11":"product_tag-ultimatron","13":"first","14":"onbackorder","15":"taxable","16":"shipping-taxable","17":"purchasable","18":"product-type-simple"},"yoast_head":"<!-- This site is optimized with the Yoast SEO plugin v23.9 - https:\/\/yoast.com\/wordpress\/plugins\/seo\/ -->\n<title>Ultimatron LiFePO4 Litijeva baterija 280Ah z grelcem - Oprema za kampiranje<\/title>\n<meta name=\"description\" content=\"Ultimatron LiFePO4 litijeva baterija 280Ah z grelcem vam nudi zanesljivost in dolgotrajnost za vse va\u0161e energetske potrebe. Vrhunska zmogljivost in varnost.\" \/>\n<meta name=\"robots\" content=\"index, follow, max-snippet:-1, max-image-preview:large, max-video-preview:-1\" \/>\n<link rel=\"canonical\" href=\"https:\/\/opremazakampiranje.si\/en\/izdelek\/ultimatron-lifepo4-litijeva-baterija-280ah-z-grelcem\/\" \/>\n<meta property=\"og:locale\" content=\"en_US\" \/>\n<meta property=\"og:type\" content=\"article\" \/>\n<meta property=\"og:title\" content=\"Ultimatron LiFePO4 Litijeva baterija 280Ah z grelcem - Oprema za kampiranje\" \/>\n<meta property=\"og:description\" content=\"Ultimatron LiFePO4 litijeva baterija 280Ah z grelcem vam nudi zanesljivost in dolgotrajnost za vse va\u0161e energetske potrebe. Vrhunska zmogljivost in varnost.\" \/>\n<meta property=\"og:url\" content=\"https:\/\/opremazakampiranje.si\/en\/izdelek\/ultimatron-lifepo4-litijeva-baterija-280ah-z-grelcem\/\" \/>\n<meta property=\"og:site_name\" content=\"Oprema za kampiranje\" \/>\n<meta property=\"article:modified_time\" content=\"2024-08-29T10:24:16+00:00\" \/>\n<meta property=\"og:image\" content=\"https:\/\/opremazakampiranje.si\/wp-content\/uploads\/2024\/08\/Ultimatron-litijeva-baterija-12.8V-280Ah-LiFePO4-ULM-12-280H-1.jpg\" \/>\n\t<meta property=\"og:image:width\" content=\"800\" \/>\n\t<meta property=\"og:image:height\" content=\"800\" \/>\n\t<meta property=\"og:image:type\" content=\"image\/jpeg\" \/>\n<meta name=\"twitter:card\" content=\"summary_large_image\" \/>\n<meta name=\"twitter:label1\" content=\"Est. reading time\" \/>\n\t<meta name=\"twitter:data1\" content=\"2 minutes\" \/>\n<script type=\"application\/ld+json\" class=\"yoast-schema-graph\">{\"@context\":\"https:\/\/schema.org\",\"@graph\":[{\"@type\":\"WebPage\",\"@id\":\"https:\/\/opremazakampiranje.si\/en\/izdelek\/ultimatron-lifepo4-litijeva-baterija-280ah-z-grelcem\/\",\"url\":\"https:\/\/opremazakampiranje.si\/en\/izdelek\/ultimatron-lifepo4-litijeva-baterija-280ah-z-grelcem\/\",\"name\":\"Ultimatron LiFePO4 Litijeva baterija 280Ah z grelcem - Oprema za kampiranje\",\"isPartOf\":{\"@id\":\"https:\/\/opremazakampiranje.si\/en\/#website\"},\"primaryImageOfPage\":{\"@id\":\"https:\/\/opremazakampiranje.si\/en\/izdelek\/ultimatron-lifepo4-litijeva-baterija-280ah-z-grelcem\/#primaryimage\"},\"image\":{\"@id\":\"https:\/\/opremazakampiranje.si\/en\/izdelek\/ultimatron-lifepo4-litijeva-baterija-280ah-z-grelcem\/#primaryimage\"},\"thumbnailUrl\":\"https:\/\/opremazakampiranje.si\/wp-content\/uploads\/2024\/08\/Ultimatron-litijeva-baterija-12.8V-280Ah-LiFePO4-ULM-12-280H-1.jpg\",\"datePublished\":\"2024-08-29T09:55:23+00:00\",\"dateModified\":\"2024-08-29T10:24:16+00:00\",\"description\":\"Ultimatron LiFePO4 litijeva baterija 280Ah z grelcem vam nudi zanesljivost in dolgotrajnost za vse va\u0161e energetske potrebe. Vrhunska zmogljivost in varnost.\",\"breadcrumb\":{\"@id\":\"https:\/\/opremazakampiranje.si\/en\/izdelek\/ultimatron-lifepo4-litijeva-baterija-280ah-z-grelcem\/#breadcrumb\"},\"inLanguage\":\"en-US\",\"potentialAction\":[{\"@type\":\"ReadAction\",\"target\":[\"https:\/\/opremazakampiranje.si\/en\/izdelek\/ultimatron-lifepo4-litijeva-baterija-280ah-z-grelcem\/\"]}]},{\"@type\":\"ImageObject\",\"inLanguage\":\"en-US\",\"@id\":\"https:\/\/opremazakampiranje.si\/en\/izdelek\/ultimatron-lifepo4-litijeva-baterija-280ah-z-grelcem\/#primaryimage\",\"url\":\"https:\/\/opremazakampiranje.si\/wp-content\/uploads\/2024\/08\/Ultimatron-litijeva-baterija-12.8V-280Ah-LiFePO4-ULM-12-280H-1.jpg\",\"contentUrl\":\"https:\/\/opremazakampiranje.si\/wp-content\/uploads\/2024\/08\/Ultimatron-litijeva-baterija-12.8V-280Ah-LiFePO4-ULM-12-280H-1.jpg\",\"width\":800,\"height\":800,\"caption\":\"litijeva baterija 280Ah z grelcem\"},{\"@type\":\"BreadcrumbList\",\"@id\":\"https:\/\/opremazakampiranje.si\/en\/izdelek\/ultimatron-lifepo4-litijeva-baterija-280ah-z-grelcem\/#breadcrumb\",\"itemListElement\":[{\"@type\":\"ListItem\",\"position\":1,\"name\":\"Home\",\"item\":\"https:\/\/opremazakampiranje.si\/en\/\"},{\"@type\":\"ListItem\",\"position\":2,\"name\":\"Trgovina\",\"item\":\"https:\/\/opremazakampiranje.si\/trgovina\/\"},{\"@type\":\"ListItem\",\"position\":3,\"name\":\"Ultimatron LiFePO4 Litijeva baterija 280Ah z grelcem\"}]},{\"@type\":\"WebSite\",\"@id\":\"https:\/\/opremazakampiranje.si\/en\/#website\",\"url\":\"https:\/\/opremazakampiranje.si\/en\/\",\"name\":\"Oprema za kampiranje\",\"description\":\"\",\"potentialAction\":[{\"@type\":\"SearchAction\",\"target\":{\"@type\":\"EntryPoint\",\"urlTemplate\":\"https:\/\/opremazakampiranje.si\/en\/?s={search_term_string}\"},\"query-input\":{\"@type\":\"PropertyValueSpecification\",\"valueRequired\":true,\"valueName\":\"search_term_string\"}}],\"inLanguage\":\"en-US\"}]}<\/script>\n<!-- \/ Yoast SEO plugin. -->","yoast_head_json":{"title":"Ultimatron LiFePO4 Litijeva baterija 280Ah z grelcem - Oprema za kampiranje","description":"Ultimatron LiFePO4 litijeva baterija 280Ah z grelcem vam nudi zanesljivost in dolgotrajnost za vse va\u0161e energetske potrebe. Vrhunska zmogljivost in varnost.","robots":{"index":"index","follow":"follow","max-snippet":"max-snippet:-1","max-image-preview":"max-image-preview:large","max-video-preview":"max-video-preview:-1"},"canonical":"https:\/\/opremazakampiranje.si\/en\/izdelek\/ultimatron-lifepo4-litijeva-baterija-280ah-z-grelcem\/","og_locale":"en_US","og_type":"article","og_title":"Ultimatron LiFePO4 Litijeva baterija 280Ah z grelcem - Oprema za kampiranje","og_description":"Ultimatron LiFePO4 litijeva baterija 280Ah z grelcem vam nudi zanesljivost in dolgotrajnost za vse va\u0161e energetske potrebe. Vrhunska zmogljivost in varnost.","og_url":"https:\/\/opremazakampiranje.si\/en\/izdelek\/ultimatron-lifepo4-litijeva-baterija-280ah-z-grelcem\/","og_site_name":"Oprema za kampiranje","article_modified_time":"2024-08-29T10:24:16+00:00","og_image":[{"width":800,"height":800,"url":"https:\/\/opremazakampiranje.si\/wp-content\/uploads\/2024\/08\/Ultimatron-litijeva-baterija-12.8V-280Ah-LiFePO4-ULM-12-280H-1.jpg","type":"image\/jpeg"}],"twitter_card":"summary_large_image","twitter_misc":{"Est. reading time":"2 minutes"},"schema":{"@context":"https:\/\/schema.org","@graph":[{"@type":"WebPage","@id":"https:\/\/opremazakampiranje.si\/en\/izdelek\/ultimatron-lifepo4-litijeva-baterija-280ah-z-grelcem\/","url":"https:\/\/opremazakampiranje.si\/en\/izdelek\/ultimatron-lifepo4-litijeva-baterija-280ah-z-grelcem\/","name":"Ultimatron LiFePO4 Litijeva baterija 280Ah z grelcem - Oprema za kampiranje","isPartOf":{"@id":"https:\/\/opremazakampiranje.si\/en\/#website"},"primaryImageOfPage":{"@id":"https:\/\/opremazakampiranje.si\/en\/izdelek\/ultimatron-lifepo4-litijeva-baterija-280ah-z-grelcem\/#primaryimage"},"image":{"@id":"https:\/\/opremazakampiranje.si\/en\/izdelek\/ultimatron-lifepo4-litijeva-baterija-280ah-z-grelcem\/#primaryimage"},"thumbnailUrl":"https:\/\/opremazakampiranje.si\/wp-content\/uploads\/2024\/08\/Ultimatron-litijeva-baterija-12.8V-280Ah-LiFePO4-ULM-12-280H-1.jpg","datePublished":"2024-08-29T09:55:23+00:00","dateModified":"2024-08-29T10:24:16+00:00","description":"Ultimatron LiFePO4 litijeva baterija 280Ah z grelcem vam nudi zanesljivost in dolgotrajnost za vse va\u0161e energetske potrebe. Vrhunska zmogljivost in varnost.","breadcrumb":{"@id":"https:\/\/opremazakampiranje.si\/en\/izdelek\/ultimatron-lifepo4-litijeva-baterija-280ah-z-grelcem\/#breadcrumb"},"inLanguage":"en-US","potentialAction":[{"@type":"ReadAction","target":["https:\/\/opremazakampiranje.si\/en\/izdelek\/ultimatron-lifepo4-litijeva-baterija-280ah-z-grelcem\/"]}]},{"@type":"ImageObject","inLanguage":"en-US","@id":"https:\/\/opremazakampiranje.si\/en\/izdelek\/ultimatron-lifepo4-litijeva-baterija-280ah-z-grelcem\/#primaryimage","url":"https:\/\/opremazakampiranje.si\/wp-content\/uploads\/2024\/08\/Ultimatron-litijeva-baterija-12.8V-280Ah-LiFePO4-ULM-12-280H-1.jpg","contentUrl":"https:\/\/opremazakampiranje.si\/wp-content\/uploads\/2024\/08\/Ultimatron-litijeva-baterija-12.8V-280Ah-LiFePO4-ULM-12-280H-1.jpg","width":800,"height":800,"caption":"litijeva baterija 280Ah z grelcem"},{"@type":"BreadcrumbList","@id":"https:\/\/opremazakampiranje.si\/en\/izdelek\/ultimatron-lifepo4-litijeva-baterija-280ah-z-grelcem\/#breadcrumb","itemListElement":[{"@type":"ListItem","position":1,"name":"Home","item":"https:\/\/opremazakampiranje.si\/en\/"},{"@type":"ListItem","position":2,"name":"Trgovina","item":"https:\/\/opremazakampiranje.si\/trgovina\/"},{"@type":"ListItem","position":3,"name":"Ultimatron LiFePO4 Litijeva baterija 280Ah z grelcem"}]},{"@type":"WebSite","@id":"https:\/\/opremazakampiranje.si\/en\/#website","url":"https:\/\/opremazakampiranje.si\/en\/","name":"Oprema za kampiranje","description":"","potentialAction":[{"@type":"SearchAction","target":{"@type":"EntryPoint","urlTemplate":"https:\/\/opremazakampiranje.si\/en\/?s={search_term_string}"},"query-input":{"@type":"PropertyValueSpecification","valueRequired":true,"valueName":"search_term_string"}}],"inLanguage":"en-US"}]}},"_links":{"self":[{"href":"https:\/\/opremazakampiranje.si\/en\/wp-json\/wp\/v2\/product\/10447","targetHints":{"allow":["GET"]}}],"collection":[{"href":"https:\/\/opremazakampiranje.si\/en\/wp-json\/wp\/v2\/product"}],"about":[{"href":"https:\/\/opremazakampiranje.si\/en\/wp-json\/wp\/v2\/types\/product"}],"replies":[{"embeddable":true,"href":"https:\/\/opremazakampiranje.si\/en\/wp-json\/wp\/v2\/comments?post=10447"}],"version-history":[{"count":6,"href":"https:\/\/opremazakampiranje.si\/en\/wp-json\/wp\/v2\/product\/10447\/revisions"}],"predecessor-version":[{"id":10490,"href":"https:\/\/opremazakampiranje.si\/en\/wp-json\/wp\/v2\/product\/10447\/revisions\/10490"}],"wp:featuredmedia":[{"embeddable":true,"href":"https:\/\/opremazakampiranje.si\/en\/wp-json\/wp\/v2\/media\/10484"}],"wp:attachment":[{"href":"https:\/\/opremazakampiranje.si\/en\/wp-json\/wp\/v2\/media?parent=10447"}],"wp:term":[{"taxonomy":"product_cat","embeddable":true,"href":"https:\/\/opremazakampiranje.si\/en\/wp-json\/wp\/v2\/product_cat?post=10447"},{"taxonomy":"product_tag","embeddable":true,"href":"https:\/\/opremazakampiranje.si\/en\/wp-json\/wp\/v2\/product_tag?post=10447"}],"curies":[{"name":"wp","href":"https:\/\/api.w.org\/{rel}","templated":true}]}}