{"id":10434,"date":"2024-08-29T10:44:51","date_gmt":"2024-08-29T09:44:51","guid":{"rendered":"https:\/\/opremazakampiranje.si\/?post_type=product&#038;p=10434"},"modified":"2024-08-29T11:20:36","modified_gmt":"2024-08-29T10:20:36","slug":"ultimatron-lifepo4-litijeva-baterija-12-8v-560ah","status":"publish","type":"product","link":"https:\/\/opremazakampiranje.si\/en\/izdelek\/ultimatron-lifepo4-litijeva-baterija-12-8v-560ah\/","title":{"rendered":"Ultimatron LiFePO4 Litijeva baterija 12.8V, 560Ah"},"content":{"rendered":"\t\t<div data-elementor-type=\"wp-post\" data-elementor-id=\"10434\" class=\"elementor elementor-10434\">\n\t\t\t\t<div class=\"elementor-element elementor-element-4010cbf e-flex e-con-boxed e-con e-parent\" data-id=\"4010cbf\" data-element_type=\"container\">\n\t\t\t\t\t<div class=\"e-con-inner\">\n\t\t\t\t<div class=\"elementor-element elementor-element-790afde elementor-widget elementor-widget-wd_text_block\" data-id=\"790afde\" data-element_type=\"widget\" data-widget_type=\"wd_text_block.default\">\n\t\t\t\t<div class=\"elementor-widget-container\">\n\t\t\t\t\t<div class=\"wd-text-block reset-last-child text-left\">\n\t\t\t\n\t\t\t<div><div><div><h2><strong>Ultimatron LiFePO4 - zanesljivost, varnost in dolga \u017eivljenjska doba<\/strong><\/h2><\/div><\/div><\/div><div><div><div><div dir=\"auto\" data-message-author-role=\"assistant\" data-message-id=\"3e6c505b-c1eb-4442-b134-bb246cb2e513\"><div><div><p>Ultimatron litij-\u017eelezov fosfat (LiFePO4) baterije so odli\u010dna izbira v primerjavi z obi\u010dajnimi baterijami. Njihove glavne prednosti vklju\u010dujejo varnost, dolgo \u017eivljenjsko dobo in zanesljivo delovanje tudi v zahtevnih pogojih. Ultimatron LiFePO4 Litijeva baterija 12.8V 560Ah vam nudi dolgotrajnost in zanesljivost.<\/p><h3><strong>Glavne prednosti:<\/strong><\/h3><ol><li><p>S 5-letno garancijo proizvajalca.<\/p><\/li><li><p>Tehnologija LiFePO4 je izjemno varna za uporabo.<\/p><\/li><li><p>Baterije imajo dolgo \u017eivljenjsko dobo tudi pri velikih obremenitvah. Ni vam treba skrbeti, da bi baterijo napolnili do konca ali jo izpraznili do popolnosti \u2013 vedno ostaja mo\u010dna in stabilna.<\/p><\/li><li><p>Baterije so majhne in lahke, kar olaj\u0161a njihovo prena\u0161anje in uporabo v razli\u010dnih napravah.<\/p><\/li><li><p>Vgrajeni sistem za upravljanje baterij (BMS) deluje kot pametni pomo\u010dnik, ki nadzira delovanje baterije, skrbi za optimalno polnjenje in praznjenje ter prepre\u010duje pregrevanje. To zagotavlja dalj\u0161o \u017eivljenjsko dobo in bolj\u0161e delovanje baterije.<\/p><\/li><li><p><strong>Bluetooth - <\/strong>S funkcijo bluetooth lahko spremljate pomembne podatke o bateriji neposredno na svojem telefonu ali tablici preko posebne aplikacije. Tako imate vedno na voljo aktualne informacije o stanju baterije.<\/p><\/li><\/ol><h3><strong>Zakaj izbrati Ultimatron LiFePO4 baterijo?<\/strong><\/h3><\/div><\/div><\/div><\/div><\/div><\/div><h2 style=\"border-style: solid; border-color: #e3e3e3; --tw-border-spacing-x: 0; --tw-border-spacing-y: 0; --tw-translate-x: 0; --tw-translate-y: 0; --tw-rotate: 0; --tw-skew-x: 0; --tw-skew-y: 0; --tw-scale-x: 1; --tw-scale-y: 1; --tw-scroll-snap-strictness: proximity; --tw-ring-offset-width: 0px; --tw-ring-offset-color: #fff; --tw-ring-color: rgba(69,89,164,.5); --tw-ring-offset-shadow: 0 0 transparent; --tw-ring-shadow: 0 0 transparent; --tw-shadow: 0 0 transparent; --tw-shadow-colored: 0 0 transparent; margin-bottom: 1.25em; color: #0d0d0d; font-family: ui-sans-serif, -apple-system, system-ui, 'Segoe UI', Roboto, Ubuntu, Cantarell, 'Noto Sans', sans-serif, Helvetica, 'Apple Color Emoji', Arial, 'Segoe UI Emoji', 'Segoe UI Symbol'; font-size: 16px; font-style: normal; font-variant-ligatures: normal; font-variant-caps: normal; font-weight: 400;\">Ker zagotavljajo varno, zanesljivo in dolgoro\u010dno re\u0161itev za vse va\u0161e potrebe po energiji, bodisi za mobilne naprave, solarne sisteme, avtodome, elektri\u010dna vozila ali druge naprave. Z njihovo pomo\u010djo boste imeli energijo tudi takrat, ko jo najbolj potrebujete.<\/h2><h2 style=\"border-style: solid; border-color: #e3e3e3; --tw-border-spacing-x: 0; --tw-border-spacing-y: 0; --tw-translate-x: 0; --tw-translate-y: 0; --tw-rotate: 0; --tw-skew-x: 0; --tw-skew-y: 0; --tw-scale-x: 1; --tw-scale-y: 1; --tw-scroll-snap-strictness: proximity; --tw-ring-offset-width: 0px; --tw-ring-offset-color: #fff; --tw-ring-color: rgba(69,89,164,.5); --tw-ring-offset-shadow: 0 0 transparent; --tw-ring-shadow: 0 0 transparent; --tw-shadow: 0 0 transparent; --tw-shadow-colored: 0 0 transparent; margin-bottom: 1.25em; color: #0d0d0d; font-family: ui-sans-serif, -apple-system, system-ui, 'Segoe UI', Roboto, Ubuntu, Cantarell, 'Noto Sans', sans-serif, Helvetica, 'Apple Color Emoji', Arial, 'Segoe UI Emoji', 'Segoe UI Symbol'; font-size: 16px; font-style: normal; font-variant-ligatures: normal; font-variant-caps: normal; font-weight: 400;\"><strong><span style=\"color: var(--wd-title-color); font-family: var(--wd-title-font); font-size: 22px; font-style: var(--wd-title-font-style); text-transform: var(--wd-title-transform); text-align: var(--text-align); background-color: var(--wd-main-bgcolor);\">Tehni\u010dne specifikacije:<\/span><\/strong><\/h2><p><strong>Model: ULM-12-560<\/strong><\/p><h3>Elektri\u010dni podatki:<\/h3><ul><li><strong>Nazivna napetost:<\/strong> 12,8 V<\/li><li><strong>Nazivna kapaciteta:<\/strong> 560 Ah<\/li><li><strong>Kapaciteta pri 80A:<\/strong> 420 minut<\/li><li><strong>Energija:<\/strong> 7168 Wh<\/li><li><strong>Notranja upornost:<\/strong> \u226415 m\u03a9 pri 50 % SOC<\/li><li><strong>Samopraznjenje:<\/strong> &lt;3 % \/ mesec<\/li><li><strong>\u0160tevilo ciklov:<\/strong> &gt;6000 pri 80 % D.o.D<\/li><\/ul><h3>Polnilna mo\u010d:<\/h3><ul><li><strong>Priporo\u010den polnilni tok:<\/strong> 100 A<\/li><li><strong>Najve\u010dji polnilni tok:<\/strong> 150 A<\/li><li><strong>Priporo\u010dena polnilna napetost:<\/strong> 14,6 V<\/li><li><strong>Izklopna napetost polnjenja:<\/strong> 14,6 V (2000 ms)<\/li><li><strong>Napetost ponovnega vklopa:<\/strong> \u226413,8 V<\/li><li><strong>Ravnote\u017ena napetost:<\/strong> &gt;12,8 V<\/li><\/ul><h3>Mo\u010d praznjenja:<\/h3><ul><li><strong>Najve\u010dji trajni tok praznjenja:<\/strong> 200 A<\/li><li><strong>Najvi\u0161ji izpustni tok:<\/strong> 600 A (3s ~ 500 ms)<\/li><li><strong>Izklopna napetost praznjenja:<\/strong> 10 V (2000 ms)<\/li><li><strong>Napetost ponovne priklju\u010ditve:<\/strong> &gt;11,2 V<\/li><li><strong>Za\u0161\u010dita pred kratkim stikom:<\/strong> 1000-2000 A \u00b1 400 A (200 ~ 800 \u03bcs)<\/li><\/ul><h3>Mehanski podatki:<\/h3><ul><li><strong>Dimenzije (D x \u0160 x V):<\/strong> 440 x 300 x 375 mm<\/li><li><strong>Te\u017ea:<\/strong> 56,0 kg<\/li><li><strong>Tip terminala:<\/strong> M8<\/li><li><strong>Priklju\u010dni moment:<\/strong> 9 ~ 11 N-m<\/li><li><strong>Bluetooth:<\/strong> Bluetooth 4.0 z aplikacijo za pametni telefon<\/li><li><strong>Material ohi\u0161ja:<\/strong> Kovinsko ohi\u0161je<\/li><li><strong>Za\u0161\u010dita ohi\u0161ja:<\/strong> IP65<\/li><\/ul><h3>Temperatura:<\/h3><ul><li><strong>Temperatura praznenja:<\/strong> -20 ~ 75 \u00baC<\/li><li><strong>Temperatura polnjenja:<\/strong> 0 ~ 50 \u00baC<\/li><li><strong>Temperatura skladi\u0161\u010denja:<\/strong> -5 ~ 35 \u00baC<\/li><\/ul><h3>Certifikati:<\/h3><ul><li><strong>Certifikati:<\/strong> CE, UN38.3, UL1642 &amp; IEC62133<\/li><\/ul><h3>Povezava:<\/h3><ul><li><strong>Vzporedna povezava:<\/strong> Dovoljena, maksimalno 4 baterije.<\/li><li><strong>Serijska povezava:<\/strong> Ni dovoljena<\/li><\/ul>\n\t\t\t\t\t<\/div>\n\t\t\t\t<\/div>\n\t\t\t\t<\/div>\n\t\t\t\t\t<\/div>\n\t\t\t\t<\/div>\n\t\t\t\t<\/div>\n\t\t","protected":false},"excerpt":{"rendered":"<ul>\n<li style=\"font-weight: 400;\"><strong>Podsede\u017ena baterija z bluetooth-om<\/strong><\/li>\n<li style=\"font-weight: 400;\"><strong>5-letna garancija<\/strong><\/li>\n<li style=\"font-weight: 400;\"><strong>Prizmati\u010dna baterijska celica razreda A<\/strong><\/li>\n<li style=\"font-weight: 400;\"><strong>Aplikacija na voljo na Apple Store in Google Play<\/strong><\/li>\n<li style=\"font-weight: 400;\"><strong>Dimenzije: 440x30x375<\/strong><\/li>\n<\/ul>\n","protected":false},"featured_media":10471,"comment_status":"closed","ping_status":"closed","template":"","meta":[],"product_cat":[83],"product_tag":[119,118,116,123,117],"class_list":{"0":"post-10434","1":"product","2":"type-product","3":"status-publish","4":"has-post-thumbnail","6":"product_cat-lifepo-akumulatorji","7":"product_tag-avtodom","8":"product_tag-energija","9":"product_tag-litijeva-baterija","10":"product_tag-nautika","11":"product_tag-ultimatron","13":"first","14":"onbackorder","15":"taxable","16":"shipping-taxable","17":"purchasable","18":"product-type-simple"},"yoast_head":"<!-- This site is optimized with the Yoast SEO plugin v23.9 - https:\/\/yoast.com\/wordpress\/plugins\/seo\/ -->\n<title>Ultimatron LiFePO4 Litijeva baterija 12.8V, 560Ah - Oprema za kampiranje<\/title>\n<meta name=\"description\" content=\"Ultimatron LiFePO4 litijeva baterija 560Ah vam nudi zanesljivost in dolgotrajnost za vse va\u0161e energetske potrebe. Vrhunska zmogljivost in varnost...\" \/>\n<meta name=\"robots\" content=\"index, follow, max-snippet:-1, max-image-preview:large, max-video-preview:-1\" \/>\n<link rel=\"canonical\" href=\"https:\/\/opremazakampiranje.si\/en\/izdelek\/ultimatron-lifepo4-litijeva-baterija-12-8v-560ah\/\" \/>\n<meta property=\"og:locale\" content=\"en_US\" \/>\n<meta property=\"og:type\" content=\"article\" \/>\n<meta property=\"og:title\" content=\"Ultimatron LiFePO4 Litijeva baterija 12.8V, 560Ah - Oprema za kampiranje\" \/>\n<meta property=\"og:description\" content=\"Ultimatron LiFePO4 litijeva baterija 560Ah vam nudi zanesljivost in dolgotrajnost za vse va\u0161e energetske potrebe. Vrhunska zmogljivost in varnost...\" \/>\n<meta property=\"og:url\" content=\"https:\/\/opremazakampiranje.si\/en\/izdelek\/ultimatron-lifepo4-litijeva-baterija-12-8v-560ah\/\" \/>\n<meta property=\"og:site_name\" content=\"Oprema za kampiranje\" \/>\n<meta property=\"article:modified_time\" content=\"2024-08-29T10:20:36+00:00\" \/>\n<meta property=\"og:image\" content=\"https:\/\/opremazakampiranje.si\/wp-content\/uploads\/2024\/08\/Ultimatron-litijeva-baterija-12.8V-560Ah-LiFePO4-ULM-12-560-1.jpg\" \/>\n\t<meta property=\"og:image:width\" content=\"800\" \/>\n\t<meta property=\"og:image:height\" content=\"800\" \/>\n\t<meta property=\"og:image:type\" content=\"image\/jpeg\" \/>\n<meta name=\"twitter:card\" content=\"summary_large_image\" \/>\n<meta name=\"twitter:label1\" content=\"Est. reading time\" \/>\n\t<meta name=\"twitter:data1\" content=\"3 minutes\" \/>\n<script type=\"application\/ld+json\" class=\"yoast-schema-graph\">{\"@context\":\"https:\/\/schema.org\",\"@graph\":[{\"@type\":\"WebPage\",\"@id\":\"https:\/\/opremazakampiranje.si\/en\/izdelek\/ultimatron-lifepo4-litijeva-baterija-12-8v-560ah\/\",\"url\":\"https:\/\/opremazakampiranje.si\/en\/izdelek\/ultimatron-lifepo4-litijeva-baterija-12-8v-560ah\/\",\"name\":\"Ultimatron LiFePO4 Litijeva baterija 12.8V, 560Ah - Oprema za kampiranje\",\"isPartOf\":{\"@id\":\"https:\/\/opremazakampiranje.si\/en\/#website\"},\"primaryImageOfPage\":{\"@id\":\"https:\/\/opremazakampiranje.si\/en\/izdelek\/ultimatron-lifepo4-litijeva-baterija-12-8v-560ah\/#primaryimage\"},\"image\":{\"@id\":\"https:\/\/opremazakampiranje.si\/en\/izdelek\/ultimatron-lifepo4-litijeva-baterija-12-8v-560ah\/#primaryimage\"},\"thumbnailUrl\":\"https:\/\/opremazakampiranje.si\/wp-content\/uploads\/2024\/08\/Ultimatron-litijeva-baterija-12.8V-560Ah-LiFePO4-ULM-12-560-1.jpg\",\"datePublished\":\"2024-08-29T09:44:51+00:00\",\"dateModified\":\"2024-08-29T10:20:36+00:00\",\"description\":\"Ultimatron LiFePO4 litijeva baterija 560Ah vam nudi zanesljivost in dolgotrajnost za vse va\u0161e energetske potrebe. Vrhunska zmogljivost in varnost...\",\"breadcrumb\":{\"@id\":\"https:\/\/opremazakampiranje.si\/en\/izdelek\/ultimatron-lifepo4-litijeva-baterija-12-8v-560ah\/#breadcrumb\"},\"inLanguage\":\"en-US\",\"potentialAction\":[{\"@type\":\"ReadAction\",\"target\":[\"https:\/\/opremazakampiranje.si\/en\/izdelek\/ultimatron-lifepo4-litijeva-baterija-12-8v-560ah\/\"]}]},{\"@type\":\"ImageObject\",\"inLanguage\":\"en-US\",\"@id\":\"https:\/\/opremazakampiranje.si\/en\/izdelek\/ultimatron-lifepo4-litijeva-baterija-12-8v-560ah\/#primaryimage\",\"url\":\"https:\/\/opremazakampiranje.si\/wp-content\/uploads\/2024\/08\/Ultimatron-litijeva-baterija-12.8V-560Ah-LiFePO4-ULM-12-560-1.jpg\",\"contentUrl\":\"https:\/\/opremazakampiranje.si\/wp-content\/uploads\/2024\/08\/Ultimatron-litijeva-baterija-12.8V-560Ah-LiFePO4-ULM-12-560-1.jpg\",\"width\":800,\"height\":800,\"caption\":\"ultimatron litijeva baterija 560Ah\"},{\"@type\":\"BreadcrumbList\",\"@id\":\"https:\/\/opremazakampiranje.si\/en\/izdelek\/ultimatron-lifepo4-litijeva-baterija-12-8v-560ah\/#breadcrumb\",\"itemListElement\":[{\"@type\":\"ListItem\",\"position\":1,\"name\":\"Home\",\"item\":\"https:\/\/opremazakampiranje.si\/en\/\"},{\"@type\":\"ListItem\",\"position\":2,\"name\":\"Trgovina\",\"item\":\"https:\/\/opremazakampiranje.si\/trgovina\/\"},{\"@type\":\"ListItem\",\"position\":3,\"name\":\"Ultimatron LiFePO4 Litijeva baterija 12.8V, 560Ah\"}]},{\"@type\":\"WebSite\",\"@id\":\"https:\/\/opremazakampiranje.si\/en\/#website\",\"url\":\"https:\/\/opremazakampiranje.si\/en\/\",\"name\":\"Oprema za kampiranje\",\"description\":\"\",\"potentialAction\":[{\"@type\":\"SearchAction\",\"target\":{\"@type\":\"EntryPoint\",\"urlTemplate\":\"https:\/\/opremazakampiranje.si\/en\/?s={search_term_string}\"},\"query-input\":{\"@type\":\"PropertyValueSpecification\",\"valueRequired\":true,\"valueName\":\"search_term_string\"}}],\"inLanguage\":\"en-US\"}]}<\/script>\n<!-- \/ Yoast SEO plugin. -->","yoast_head_json":{"title":"Ultimatron LiFePO4 Litijeva baterija 12.8V, 560Ah - Oprema za kampiranje","description":"Ultimatron LiFePO4 litijeva baterija 560Ah vam nudi zanesljivost in dolgotrajnost za vse va\u0161e energetske potrebe. Vrhunska zmogljivost in varnost...","robots":{"index":"index","follow":"follow","max-snippet":"max-snippet:-1","max-image-preview":"max-image-preview:large","max-video-preview":"max-video-preview:-1"},"canonical":"https:\/\/opremazakampiranje.si\/en\/izdelek\/ultimatron-lifepo4-litijeva-baterija-12-8v-560ah\/","og_locale":"en_US","og_type":"article","og_title":"Ultimatron LiFePO4 Litijeva baterija 12.8V, 560Ah - Oprema za kampiranje","og_description":"Ultimatron LiFePO4 litijeva baterija 560Ah vam nudi zanesljivost in dolgotrajnost za vse va\u0161e energetske potrebe. Vrhunska zmogljivost in varnost...","og_url":"https:\/\/opremazakampiranje.si\/en\/izdelek\/ultimatron-lifepo4-litijeva-baterija-12-8v-560ah\/","og_site_name":"Oprema za kampiranje","article_modified_time":"2024-08-29T10:20:36+00:00","og_image":[{"width":800,"height":800,"url":"https:\/\/opremazakampiranje.si\/wp-content\/uploads\/2024\/08\/Ultimatron-litijeva-baterija-12.8V-560Ah-LiFePO4-ULM-12-560-1.jpg","type":"image\/jpeg"}],"twitter_card":"summary_large_image","twitter_misc":{"Est. reading time":"3 minutes"},"schema":{"@context":"https:\/\/schema.org","@graph":[{"@type":"WebPage","@id":"https:\/\/opremazakampiranje.si\/en\/izdelek\/ultimatron-lifepo4-litijeva-baterija-12-8v-560ah\/","url":"https:\/\/opremazakampiranje.si\/en\/izdelek\/ultimatron-lifepo4-litijeva-baterija-12-8v-560ah\/","name":"Ultimatron LiFePO4 Litijeva baterija 12.8V, 560Ah - Oprema za kampiranje","isPartOf":{"@id":"https:\/\/opremazakampiranje.si\/en\/#website"},"primaryImageOfPage":{"@id":"https:\/\/opremazakampiranje.si\/en\/izdelek\/ultimatron-lifepo4-litijeva-baterija-12-8v-560ah\/#primaryimage"},"image":{"@id":"https:\/\/opremazakampiranje.si\/en\/izdelek\/ultimatron-lifepo4-litijeva-baterija-12-8v-560ah\/#primaryimage"},"thumbnailUrl":"https:\/\/opremazakampiranje.si\/wp-content\/uploads\/2024\/08\/Ultimatron-litijeva-baterija-12.8V-560Ah-LiFePO4-ULM-12-560-1.jpg","datePublished":"2024-08-29T09:44:51+00:00","dateModified":"2024-08-29T10:20:36+00:00","description":"Ultimatron LiFePO4 litijeva baterija 560Ah vam nudi zanesljivost in dolgotrajnost za vse va\u0161e energetske potrebe. Vrhunska zmogljivost in varnost...","breadcrumb":{"@id":"https:\/\/opremazakampiranje.si\/en\/izdelek\/ultimatron-lifepo4-litijeva-baterija-12-8v-560ah\/#breadcrumb"},"inLanguage":"en-US","potentialAction":[{"@type":"ReadAction","target":["https:\/\/opremazakampiranje.si\/en\/izdelek\/ultimatron-lifepo4-litijeva-baterija-12-8v-560ah\/"]}]},{"@type":"ImageObject","inLanguage":"en-US","@id":"https:\/\/opremazakampiranje.si\/en\/izdelek\/ultimatron-lifepo4-litijeva-baterija-12-8v-560ah\/#primaryimage","url":"https:\/\/opremazakampiranje.si\/wp-content\/uploads\/2024\/08\/Ultimatron-litijeva-baterija-12.8V-560Ah-LiFePO4-ULM-12-560-1.jpg","contentUrl":"https:\/\/opremazakampiranje.si\/wp-content\/uploads\/2024\/08\/Ultimatron-litijeva-baterija-12.8V-560Ah-LiFePO4-ULM-12-560-1.jpg","width":800,"height":800,"caption":"ultimatron litijeva baterija 560Ah"},{"@type":"BreadcrumbList","@id":"https:\/\/opremazakampiranje.si\/en\/izdelek\/ultimatron-lifepo4-litijeva-baterija-12-8v-560ah\/#breadcrumb","itemListElement":[{"@type":"ListItem","position":1,"name":"Home","item":"https:\/\/opremazakampiranje.si\/en\/"},{"@type":"ListItem","position":2,"name":"Trgovina","item":"https:\/\/opremazakampiranje.si\/trgovina\/"},{"@type":"ListItem","position":3,"name":"Ultimatron LiFePO4 Litijeva baterija 12.8V, 560Ah"}]},{"@type":"WebSite","@id":"https:\/\/opremazakampiranje.si\/en\/#website","url":"https:\/\/opremazakampiranje.si\/en\/","name":"Oprema za kampiranje","description":"","potentialAction":[{"@type":"SearchAction","target":{"@type":"EntryPoint","urlTemplate":"https:\/\/opremazakampiranje.si\/en\/?s={search_term_string}"},"query-input":{"@type":"PropertyValueSpecification","valueRequired":true,"valueName":"search_term_string"}}],"inLanguage":"en-US"}]}},"_links":{"self":[{"href":"https:\/\/opremazakampiranje.si\/en\/wp-json\/wp\/v2\/product\/10434","targetHints":{"allow":["GET"]}}],"collection":[{"href":"https:\/\/opremazakampiranje.si\/en\/wp-json\/wp\/v2\/product"}],"about":[{"href":"https:\/\/opremazakampiranje.si\/en\/wp-json\/wp\/v2\/types\/product"}],"replies":[{"embeddable":true,"href":"https:\/\/opremazakampiranje.si\/en\/wp-json\/wp\/v2\/comments?post=10434"}],"version-history":[{"count":6,"href":"https:\/\/opremazakampiranje.si\/en\/wp-json\/wp\/v2\/product\/10434\/revisions"}],"predecessor-version":[{"id":10477,"href":"https:\/\/opremazakampiranje.si\/en\/wp-json\/wp\/v2\/product\/10434\/revisions\/10477"}],"wp:featuredmedia":[{"embeddable":true,"href":"https:\/\/opremazakampiranje.si\/en\/wp-json\/wp\/v2\/media\/10471"}],"wp:attachment":[{"href":"https:\/\/opremazakampiranje.si\/en\/wp-json\/wp\/v2\/media?parent=10434"}],"wp:term":[{"taxonomy":"product_cat","embeddable":true,"href":"https:\/\/opremazakampiranje.si\/en\/wp-json\/wp\/v2\/product_cat?post=10434"},{"taxonomy":"product_tag","embeddable":true,"href":"https:\/\/opremazakampiranje.si\/en\/wp-json\/wp\/v2\/product_tag?post=10434"}],"curies":[{"name":"wp","href":"https:\/\/api.w.org\/{rel}","templated":true}]}}