{"id":10405,"date":"2024-08-29T10:09:21","date_gmt":"2024-08-29T09:09:21","guid":{"rendered":"https:\/\/opremazakampiranje.si\/?post_type=product&#038;p=10405"},"modified":"2024-08-29T10:19:57","modified_gmt":"2024-08-29T09:19:57","slug":"ultimatron-lifepo4-litijeva-baterija-12-8v-280ah","status":"publish","type":"product","link":"https:\/\/opremazakampiranje.si\/en\/izdelek\/ultimatron-lifepo4-litijeva-baterija-12-8v-280ah\/","title":{"rendered":"Ultimatron LiFePO4 Litijeva baterija 12.8V, 280Ah"},"content":{"rendered":"\t\t<div data-elementor-type=\"wp-post\" data-elementor-id=\"10405\" class=\"elementor elementor-10405\">\n\t\t\t\t<div class=\"elementor-element elementor-element-4010cbf e-flex e-con-boxed e-con e-parent\" data-id=\"4010cbf\" data-element_type=\"container\">\n\t\t\t\t\t<div class=\"e-con-inner\">\n\t\t\t\t<div class=\"elementor-element elementor-element-790afde elementor-widget elementor-widget-wd_text_block\" data-id=\"790afde\" data-element_type=\"widget\" data-widget_type=\"wd_text_block.default\">\n\t\t\t\t<div class=\"elementor-widget-container\">\n\t\t\t\t\t<div class=\"wd-text-block reset-last-child text-left\">\n\t\t\t\n\t\t\t<div><div><div><h2><strong>Ultimatron LiFePO4 - zanesljivost, varnost in dolga \u017eivljenjska doba<\/strong><\/h2><\/div><\/div><\/div><div><div><div><div dir=\"auto\" data-message-author-role=\"assistant\" data-message-id=\"3e6c505b-c1eb-4442-b134-bb246cb2e513\"><div><div><p>Ultimatron litij-\u017eelezov fosfat (LiFePO4) baterije so odli\u010dna izbira v primerjavi z obi\u010dajnimi baterijami. Njihove glavne prednosti vklju\u010dujejo varnost, dolgo \u017eivljenjsko dobo in zanesljivo delovanje tudi v zahtevnih pogojih. Ultimatron LiFePO4 Litijeva baterija 12.8V 280Ah vam nudi dolgotrajnost in zanesljivost.<\/p><h3><strong>Glavne prednosti:<\/strong><\/h3><ol><li><p>S 5-letno garancijo proizvajalca.<\/p><\/li><li><p>Tehnologija LiFePO4 je izjemno varna za uporabo.<\/p><\/li><li><p>Baterije imajo dolgo \u017eivljenjsko dobo tudi pri velikih obremenitvah. Ni vam treba skrbeti, da bi baterijo napolnili do konca ali jo izpraznili do popolnosti \u2013 vedno ostaja mo\u010dna in stabilna.<\/p><\/li><li><p>Baterije so majhne in lahke, kar olaj\u0161a njihovo prena\u0161anje in uporabo v razli\u010dnih napravah.<\/p><\/li><li><p>Vgrajeni sistem za upravljanje baterij (BMS) deluje kot pametni pomo\u010dnik, ki nadzira delovanje baterije, skrbi za optimalno polnjenje in praznjenje ter prepre\u010duje pregrevanje. To zagotavlja dalj\u0161o \u017eivljenjsko dobo in bolj\u0161e delovanje baterije.<\/p><\/li><li><p><strong>Bluetooth - <\/strong>S funkcijo bluetooth lahko spremljate pomembne podatke o bateriji neposredno na svojem telefonu ali tablici preko posebne aplikacije. Tako imate vedno na voljo aktualne informacije o stanju baterije.<\/p><\/li><\/ol><h3><strong>Zakaj izbrati Ultimatron LiFePO4 baterijo?<\/strong><\/h3><\/div><\/div><\/div><\/div><\/div><\/div><h2 style=\"border-style: solid; border-color: #e3e3e3; --tw-border-spacing-x: 0; --tw-border-spacing-y: 0; --tw-translate-x: 0; --tw-translate-y: 0; --tw-rotate: 0; --tw-skew-x: 0; --tw-skew-y: 0; --tw-scale-x: 1; --tw-scale-y: 1; --tw-scroll-snap-strictness: proximity; --tw-ring-offset-width: 0px; --tw-ring-offset-color: #fff; --tw-ring-color: rgba(69,89,164,.5); --tw-ring-offset-shadow: 0 0 transparent; --tw-ring-shadow: 0 0 transparent; --tw-shadow: 0 0 transparent; --tw-shadow-colored: 0 0 transparent; margin-bottom: 1.25em; color: #0d0d0d; font-family: ui-sans-serif, -apple-system, system-ui, 'Segoe UI', Roboto, Ubuntu, Cantarell, 'Noto Sans', sans-serif, Helvetica, 'Apple Color Emoji', Arial, 'Segoe UI Emoji', 'Segoe UI Symbol'; font-size: 16px; font-style: normal; font-variant-ligatures: normal; font-variant-caps: normal; font-weight: 400;\">Ker zagotavljajo varno, zanesljivo in dolgoro\u010dno re\u0161itev za vse va\u0161e potrebe po energiji, bodisi za mobilne naprave, solarne sisteme, avtodome, elektri\u010dna vozila ali druge naprave. Z njihovo pomo\u010djo boste imeli energijo tudi takrat, ko jo najbolj potrebujete.<\/h2><h2 style=\"border-style: solid; border-color: #e3e3e3; --tw-border-spacing-x: 0; --tw-border-spacing-y: 0; --tw-translate-x: 0; --tw-translate-y: 0; --tw-rotate: 0; --tw-skew-x: 0; --tw-skew-y: 0; --tw-scale-x: 1; --tw-scale-y: 1; --tw-scroll-snap-strictness: proximity; --tw-ring-offset-width: 0px; --tw-ring-offset-color: #fff; --tw-ring-color: rgba(69,89,164,.5); --tw-ring-offset-shadow: 0 0 transparent; --tw-ring-shadow: 0 0 transparent; --tw-shadow: 0 0 transparent; --tw-shadow-colored: 0 0 transparent; margin-bottom: 1.25em; color: #0d0d0d; font-family: ui-sans-serif, -apple-system, system-ui, 'Segoe UI', Roboto, Ubuntu, Cantarell, 'Noto Sans', sans-serif, Helvetica, 'Apple Color Emoji', Arial, 'Segoe UI Emoji', 'Segoe UI Symbol'; font-size: 16px; font-style: normal; font-variant-ligatures: normal; font-variant-caps: normal; font-weight: 400;\"><strong><span style=\"color: var(--wd-title-color); font-family: var(--wd-title-font); font-size: 22px; font-style: var(--wd-title-font-style); text-transform: var(--wd-title-transform); text-align: var(--text-align); background-color: var(--wd-main-bgcolor);\">Tehni\u010dne specifikacije:<\/span><\/strong><\/h2><p><strong>Tehni\u010dne zna\u010dilnosti<\/strong><\/p><ul><li><strong>Model: ULM-12-280<\/strong><table><tbody><tr><td width=\"302\"><p><strong>Elektri\u010dna zmogljivost<\/strong><\/p><\/td><td width=\"302\"><p>\u00a0<\/p><\/td><\/tr><tr><td width=\"302\"><p>Nazivna napetost<\/p><\/td><td width=\"302\"><p>12,8V<\/p><\/td><\/tr><tr><td width=\"302\"><p>Nazivna kapaciteta<\/p><\/td><td width=\"302\"><p>280Ah<\/p><\/td><\/tr><tr><td width=\"302\"><p>Kapaciteta @20A<\/p><\/td><td width=\"302\"><p>336 min<\/p><\/td><\/tr><tr><td width=\"302\"><p>Mo\u010d<\/p><\/td><td width=\"302\"><p>3584 Wh<\/p><\/td><\/tr><tr><td width=\"302\"><p>Odpornost<\/p><\/td><td width=\"302\"><p>\u226415m\u03a9 @ 50% SOC<\/p><\/td><\/tr><tr><td width=\"302\"><p>Samopraznenje<\/p><\/td><td width=\"302\"><p>&lt;3% \/ Mesec<\/p><\/td><\/tr><tr><td width=\"302\"><p>Celice<\/p><\/td><td width=\"302\"><p>Prizmati\u010dne celice\u00a0 3,2V280Ah<\/p><\/td><\/tr><\/tbody><\/table><p>\u00a0<\/p><table><tbody><tr><td width=\"302\"><p><strong>Zmogljivost polnjenja<\/strong><\/p><\/td><td width=\"302\"><p>\u00a0<\/p><\/td><\/tr><tr><td width=\"302\"><p>Priporo\u010deni polnilni tok<\/p><\/td><td width=\"302\"><p>50A<\/p><\/td><\/tr><tr><td width=\"302\"><p>Maksimalni tok polnenja<\/p><\/td><td width=\"302\"><p>140A<\/p><\/td><\/tr><tr><td width=\"302\"><p>Priporo\u010dena polnilna napetost<\/p><\/td><td width=\"302\"><p>14,6V<\/p><\/td><\/tr><tr><td width=\"302\"><p>Mejna (kon\u010dna) napetost polnjenja<\/p><\/td><td width=\"302\"><p>14,88 (1000ms)<\/p><\/td><\/tr><tr><td width=\"302\"><p>Napetost ponovne povezave<\/p><\/td><td width=\"302\"><p>14 V<\/p><\/td><\/tr><tr><td width=\"302\"><p>Izravnalna napetost<\/p><\/td><td width=\"302\"><p>&gt;13,6 V<\/p><\/td><\/tr><\/tbody><\/table><p>\u00a0<\/p><table><tbody><tr><td width=\"302\"><p><strong>U\u010dinkovitost praznjenja<\/strong><\/p><\/td><td width=\"302\"><p>\u00a0<\/p><\/td><\/tr><tr><td width=\"302\"><p>Neprekinjen tok praznjenja<\/p><\/td><td width=\"302\"><p>50A<\/p><\/td><\/tr><tr><td width=\"302\"><p>Najve\u010dji neprekinjeni tok praznjenja<\/p><\/td><td width=\"302\"><p>200A<\/p><\/td><\/tr><tr><td width=\"302\"><p>Najvi\u0161ji izklopni tok praznjenja<\/p><\/td><td width=\"302\"><p>220 A (5 ~15 ms) - 620A\u00a0(320 ~1280ms)<\/p><\/td><\/tr><tr><td width=\"302\"><p>Priporo\u010den nizkonapetostni odklop<\/p><\/td><td width=\"302\"><p>10V<\/p><\/td><\/tr><tr><td width=\"302\"><p>Mejna (kon\u010dna) napetost praznjenja<\/p><\/td><td width=\"302\"><p>&gt;9,2 V (3000ms)<\/p><\/td><\/tr><tr><td width=\"302\"><p>Napetost ponovne povezave<\/p><\/td><td width=\"302\"><p>&gt;10,4 V<\/p><\/td><\/tr><tr><td width=\"302\"><p>Za\u0161\u010dita pred kratkim stikom<\/p><\/td><td width=\"302\"><p>1000-2000A \u00b1 400A<br \/>(200 ~ 800 \u03bcs)<\/p><\/td><\/tr><\/tbody><\/table><p>\u00a0<\/p><table><tbody><tr><td width=\"302\"><p><strong>Mehanske zna\u010dilnosti<\/strong><\/p><\/td><td width=\"302\"><p>\u00a0<\/p><\/td><\/tr><tr><td width=\"302\"><p>Te\u017ea<\/p><\/td><td width=\"302\"><p>31 kg<\/p><\/td><\/tr><tr><td width=\"302\"><p>Tip terminala<\/p><\/td><td width=\"302\"><p>M8<\/p><\/td><\/tr><tr><td width=\"302\"><p>Priklju\u010dni moment<\/p><\/td><td width=\"302\"><p>80 ~ 100 in-lbs (9 ~ 11 N-m)<\/p><\/td><\/tr><tr><td width=\"302\"><p>Material ohi\u0161ja<\/p><\/td><td width=\"302\"><p>Kovinski<\/p><\/td><\/tr><tr><td width=\"302\"><p>Za\u0161\u010dita ohi\u0161ja<\/p><\/td><td width=\"302\"><p>IP65<\/p><\/td><\/tr><tr><td width=\"302\"><p>Bluetooth<\/p><\/td><td width=\"302\"><p>Bluetooth 4.0 with smartphone App<\/p><\/td><\/tr><tr><td width=\"302\"><p>DIN standardna dimenzija<\/p><\/td><td width=\"302\"><p>L355*W330*H190mm<\/p><\/td><\/tr><\/tbody><\/table><p>\u00a0<\/p><table><tbody><tr><td width=\"302\"><p><strong>Temperaturna zmogljivost<\/strong><\/p><\/td><td width=\"302\"><p>\u00a0<\/p><\/td><\/tr><tr><td width=\"302\"><p>Temperatura praznjenja<\/p><\/td><td width=\"302\"><p>-20 ~ 65 \u00baC<\/p><\/td><\/tr><tr><td width=\"302\"><p>Temperatura polnjenja<\/p><\/td><td width=\"302\"><p>0 ~ 55 \u00baC<\/p><\/td><\/tr><tr><td width=\"302\"><p>Temperatura skladi\u0161\u010denja<\/p><\/td><td width=\"302\"><p>-5 ~ 35 \u00baC<\/p><\/td><\/tr><tr><td width=\"302\"><p>Izklop pri visoki temperaturi<\/p><\/td><td width=\"302\"><p>65 \u00baC<\/p><\/td><\/tr><tr><td width=\"302\"><p>Temperatura ponovne priklju\u010ditve<\/p><\/td><td width=\"302\"><p>55 \u00baC<\/p><\/td><\/tr><\/tbody><\/table><p>\u00a0<\/p><table><tbody><tr><td width=\"302\"><p><strong>Skladnost<\/strong><\/p><\/td><td width=\"302\"><p>\u00a0<\/p><\/td><\/tr><tr><td width=\"302\"><p>Certifikati<\/p><\/td><td width=\"302\"><p>CE<\/p><p>UN38.3<\/p><p>UL1642 &amp; IEC62133<\/p><\/td><\/tr><\/tbody><\/table><p><strong>Opomba: Lahko se pove\u017ee vzporedno. Serijska povezava ni dovoljena.<br \/><br \/><\/strong><\/p><\/li><\/ul>\n\t\t\t\t\t<\/div>\n\t\t\t\t<\/div>\n\t\t\t\t<\/div>\n\t\t\t\t\t<\/div>\n\t\t\t\t<\/div>\n\t\t\t\t<\/div>\n\t\t","protected":false},"excerpt":{"rendered":"<ul>\n<li style=\"font-weight: 400;\"><strong>Podsede\u017ena baterija z bluetooth-om<\/strong><\/li>\n<li style=\"font-weight: 400;\"><strong>5-letna garancija<\/strong><\/li>\n<li style=\"font-weight: 400;\"><strong>Prizmati\u010dna baterijska celica razreda A<\/strong><\/li>\n<li style=\"font-weight: 400;\"><strong>Aplikacija na voljo na Apple Store in Google Play<\/strong><\/li>\n<li style=\"font-weight: 400;\"><strong>Dimenzije: 355x330x190<\/strong><\/li>\n<\/ul>\n","protected":false},"featured_media":10407,"comment_status":"closed","ping_status":"closed","template":"","meta":[],"product_cat":[83],"product_tag":[119,118,116,123,117],"class_list":{"0":"post-10405","1":"product","2":"type-product","3":"status-publish","4":"has-post-thumbnail","6":"product_cat-lifepo-akumulatorji","7":"product_tag-avtodom","8":"product_tag-energija","9":"product_tag-litijeva-baterija","10":"product_tag-nautika","11":"product_tag-ultimatron","13":"first","14":"onbackorder","15":"taxable","16":"shipping-taxable","17":"purchasable","18":"product-type-simple"},"yoast_head":"<!-- This site is optimized with the Yoast SEO plugin v23.9 - https:\/\/yoast.com\/wordpress\/plugins\/seo\/ -->\n<title>Ultimatron LiFePO4 Litijeva baterija 12.8V, 280Ah - Oprema za kampiranje<\/title>\n<meta name=\"description\" content=\"Ultimatron LiFePO4 litijeva baterija 280Ah vam nudi zanesljivost in dolgotrajnost za vse va\u0161e energetske potrebe. Vrhunska zmogljivost in varnost...\" \/>\n<meta name=\"robots\" content=\"index, follow, max-snippet:-1, max-image-preview:large, max-video-preview:-1\" \/>\n<link rel=\"canonical\" href=\"https:\/\/opremazakampiranje.si\/en\/izdelek\/ultimatron-lifepo4-litijeva-baterija-12-8v-280ah\/\" \/>\n<meta property=\"og:locale\" content=\"en_US\" \/>\n<meta property=\"og:type\" content=\"article\" \/>\n<meta property=\"og:title\" content=\"Ultimatron LiFePO4 Litijeva baterija 12.8V, 280Ah - Oprema za kampiranje\" \/>\n<meta property=\"og:description\" content=\"Ultimatron LiFePO4 litijeva baterija 280Ah vam nudi zanesljivost in dolgotrajnost za vse va\u0161e energetske potrebe. Vrhunska zmogljivost in varnost...\" \/>\n<meta property=\"og:url\" content=\"https:\/\/opremazakampiranje.si\/en\/izdelek\/ultimatron-lifepo4-litijeva-baterija-12-8v-280ah\/\" \/>\n<meta property=\"og:site_name\" content=\"Oprema za kampiranje\" \/>\n<meta property=\"article:modified_time\" content=\"2024-08-29T09:19:57+00:00\" \/>\n<meta property=\"og:image\" content=\"https:\/\/opremazakampiranje.si\/wp-content\/uploads\/2024\/08\/Ultimatron-litijeva-baterija-12.8V-280Ah-LiFePO4-ULM-12-280.jpg\" \/>\n\t<meta property=\"og:image:width\" content=\"800\" \/>\n\t<meta property=\"og:image:height\" content=\"800\" \/>\n\t<meta property=\"og:image:type\" content=\"image\/jpeg\" \/>\n<meta name=\"twitter:card\" content=\"summary_large_image\" \/>\n<meta name=\"twitter:label1\" content=\"Est. reading time\" \/>\n\t<meta name=\"twitter:data1\" content=\"3 minutes\" \/>\n<script type=\"application\/ld+json\" class=\"yoast-schema-graph\">{\"@context\":\"https:\/\/schema.org\",\"@graph\":[{\"@type\":\"WebPage\",\"@id\":\"https:\/\/opremazakampiranje.si\/en\/izdelek\/ultimatron-lifepo4-litijeva-baterija-12-8v-280ah\/\",\"url\":\"https:\/\/opremazakampiranje.si\/en\/izdelek\/ultimatron-lifepo4-litijeva-baterija-12-8v-280ah\/\",\"name\":\"Ultimatron LiFePO4 Litijeva baterija 12.8V, 280Ah - Oprema za kampiranje\",\"isPartOf\":{\"@id\":\"https:\/\/opremazakampiranje.si\/en\/#website\"},\"primaryImageOfPage\":{\"@id\":\"https:\/\/opremazakampiranje.si\/en\/izdelek\/ultimatron-lifepo4-litijeva-baterija-12-8v-280ah\/#primaryimage\"},\"image\":{\"@id\":\"https:\/\/opremazakampiranje.si\/en\/izdelek\/ultimatron-lifepo4-litijeva-baterija-12-8v-280ah\/#primaryimage\"},\"thumbnailUrl\":\"https:\/\/opremazakampiranje.si\/wp-content\/uploads\/2024\/08\/Ultimatron-litijeva-baterija-12.8V-280Ah-LiFePO4-ULM-12-280.jpg\",\"datePublished\":\"2024-08-29T09:09:21+00:00\",\"dateModified\":\"2024-08-29T09:19:57+00:00\",\"description\":\"Ultimatron LiFePO4 litijeva baterija 280Ah vam nudi zanesljivost in dolgotrajnost za vse va\u0161e energetske potrebe. Vrhunska zmogljivost in varnost...\",\"breadcrumb\":{\"@id\":\"https:\/\/opremazakampiranje.si\/en\/izdelek\/ultimatron-lifepo4-litijeva-baterija-12-8v-280ah\/#breadcrumb\"},\"inLanguage\":\"en-US\",\"potentialAction\":[{\"@type\":\"ReadAction\",\"target\":[\"https:\/\/opremazakampiranje.si\/en\/izdelek\/ultimatron-lifepo4-litijeva-baterija-12-8v-280ah\/\"]}]},{\"@type\":\"ImageObject\",\"inLanguage\":\"en-US\",\"@id\":\"https:\/\/opremazakampiranje.si\/en\/izdelek\/ultimatron-lifepo4-litijeva-baterija-12-8v-280ah\/#primaryimage\",\"url\":\"https:\/\/opremazakampiranje.si\/wp-content\/uploads\/2024\/08\/Ultimatron-litijeva-baterija-12.8V-280Ah-LiFePO4-ULM-12-280.jpg\",\"contentUrl\":\"https:\/\/opremazakampiranje.si\/wp-content\/uploads\/2024\/08\/Ultimatron-litijeva-baterija-12.8V-280Ah-LiFePO4-ULM-12-280.jpg\",\"width\":800,\"height\":800,\"caption\":\"litijeva baterija ULM 12.8V z 280Ah za avtodom, navtiko\"},{\"@type\":\"BreadcrumbList\",\"@id\":\"https:\/\/opremazakampiranje.si\/en\/izdelek\/ultimatron-lifepo4-litijeva-baterija-12-8v-280ah\/#breadcrumb\",\"itemListElement\":[{\"@type\":\"ListItem\",\"position\":1,\"name\":\"Home\",\"item\":\"https:\/\/opremazakampiranje.si\/en\/\"},{\"@type\":\"ListItem\",\"position\":2,\"name\":\"Trgovina\",\"item\":\"https:\/\/opremazakampiranje.si\/trgovina\/\"},{\"@type\":\"ListItem\",\"position\":3,\"name\":\"Ultimatron LiFePO4 Litijeva baterija 12.8V, 280Ah\"}]},{\"@type\":\"WebSite\",\"@id\":\"https:\/\/opremazakampiranje.si\/en\/#website\",\"url\":\"https:\/\/opremazakampiranje.si\/en\/\",\"name\":\"Oprema za kampiranje\",\"description\":\"\",\"potentialAction\":[{\"@type\":\"SearchAction\",\"target\":{\"@type\":\"EntryPoint\",\"urlTemplate\":\"https:\/\/opremazakampiranje.si\/en\/?s={search_term_string}\"},\"query-input\":{\"@type\":\"PropertyValueSpecification\",\"valueRequired\":true,\"valueName\":\"search_term_string\"}}],\"inLanguage\":\"en-US\"}]}<\/script>\n<!-- \/ Yoast SEO plugin. -->","yoast_head_json":{"title":"Ultimatron LiFePO4 Litijeva baterija 12.8V, 280Ah - Oprema za kampiranje","description":"Ultimatron LiFePO4 litijeva baterija 280Ah vam nudi zanesljivost in dolgotrajnost za vse va\u0161e energetske potrebe. Vrhunska zmogljivost in varnost...","robots":{"index":"index","follow":"follow","max-snippet":"max-snippet:-1","max-image-preview":"max-image-preview:large","max-video-preview":"max-video-preview:-1"},"canonical":"https:\/\/opremazakampiranje.si\/en\/izdelek\/ultimatron-lifepo4-litijeva-baterija-12-8v-280ah\/","og_locale":"en_US","og_type":"article","og_title":"Ultimatron LiFePO4 Litijeva baterija 12.8V, 280Ah - Oprema za kampiranje","og_description":"Ultimatron LiFePO4 litijeva baterija 280Ah vam nudi zanesljivost in dolgotrajnost za vse va\u0161e energetske potrebe. Vrhunska zmogljivost in varnost...","og_url":"https:\/\/opremazakampiranje.si\/en\/izdelek\/ultimatron-lifepo4-litijeva-baterija-12-8v-280ah\/","og_site_name":"Oprema za kampiranje","article_modified_time":"2024-08-29T09:19:57+00:00","og_image":[{"width":800,"height":800,"url":"https:\/\/opremazakampiranje.si\/wp-content\/uploads\/2024\/08\/Ultimatron-litijeva-baterija-12.8V-280Ah-LiFePO4-ULM-12-280.jpg","type":"image\/jpeg"}],"twitter_card":"summary_large_image","twitter_misc":{"Est. reading time":"3 minutes"},"schema":{"@context":"https:\/\/schema.org","@graph":[{"@type":"WebPage","@id":"https:\/\/opremazakampiranje.si\/en\/izdelek\/ultimatron-lifepo4-litijeva-baterija-12-8v-280ah\/","url":"https:\/\/opremazakampiranje.si\/en\/izdelek\/ultimatron-lifepo4-litijeva-baterija-12-8v-280ah\/","name":"Ultimatron LiFePO4 Litijeva baterija 12.8V, 280Ah - Oprema za kampiranje","isPartOf":{"@id":"https:\/\/opremazakampiranje.si\/en\/#website"},"primaryImageOfPage":{"@id":"https:\/\/opremazakampiranje.si\/en\/izdelek\/ultimatron-lifepo4-litijeva-baterija-12-8v-280ah\/#primaryimage"},"image":{"@id":"https:\/\/opremazakampiranje.si\/en\/izdelek\/ultimatron-lifepo4-litijeva-baterija-12-8v-280ah\/#primaryimage"},"thumbnailUrl":"https:\/\/opremazakampiranje.si\/wp-content\/uploads\/2024\/08\/Ultimatron-litijeva-baterija-12.8V-280Ah-LiFePO4-ULM-12-280.jpg","datePublished":"2024-08-29T09:09:21+00:00","dateModified":"2024-08-29T09:19:57+00:00","description":"Ultimatron LiFePO4 litijeva baterija 280Ah vam nudi zanesljivost in dolgotrajnost za vse va\u0161e energetske potrebe. Vrhunska zmogljivost in varnost...","breadcrumb":{"@id":"https:\/\/opremazakampiranje.si\/en\/izdelek\/ultimatron-lifepo4-litijeva-baterija-12-8v-280ah\/#breadcrumb"},"inLanguage":"en-US","potentialAction":[{"@type":"ReadAction","target":["https:\/\/opremazakampiranje.si\/en\/izdelek\/ultimatron-lifepo4-litijeva-baterija-12-8v-280ah\/"]}]},{"@type":"ImageObject","inLanguage":"en-US","@id":"https:\/\/opremazakampiranje.si\/en\/izdelek\/ultimatron-lifepo4-litijeva-baterija-12-8v-280ah\/#primaryimage","url":"https:\/\/opremazakampiranje.si\/wp-content\/uploads\/2024\/08\/Ultimatron-litijeva-baterija-12.8V-280Ah-LiFePO4-ULM-12-280.jpg","contentUrl":"https:\/\/opremazakampiranje.si\/wp-content\/uploads\/2024\/08\/Ultimatron-litijeva-baterija-12.8V-280Ah-LiFePO4-ULM-12-280.jpg","width":800,"height":800,"caption":"litijeva baterija ULM 12.8V z 280Ah za avtodom, navtiko"},{"@type":"BreadcrumbList","@id":"https:\/\/opremazakampiranje.si\/en\/izdelek\/ultimatron-lifepo4-litijeva-baterija-12-8v-280ah\/#breadcrumb","itemListElement":[{"@type":"ListItem","position":1,"name":"Home","item":"https:\/\/opremazakampiranje.si\/en\/"},{"@type":"ListItem","position":2,"name":"Trgovina","item":"https:\/\/opremazakampiranje.si\/trgovina\/"},{"@type":"ListItem","position":3,"name":"Ultimatron LiFePO4 Litijeva baterija 12.8V, 280Ah"}]},{"@type":"WebSite","@id":"https:\/\/opremazakampiranje.si\/en\/#website","url":"https:\/\/opremazakampiranje.si\/en\/","name":"Oprema za kampiranje","description":"","potentialAction":[{"@type":"SearchAction","target":{"@type":"EntryPoint","urlTemplate":"https:\/\/opremazakampiranje.si\/en\/?s={search_term_string}"},"query-input":{"@type":"PropertyValueSpecification","valueRequired":true,"valueName":"search_term_string"}}],"inLanguage":"en-US"}]}},"_links":{"self":[{"href":"https:\/\/opremazakampiranje.si\/en\/wp-json\/wp\/v2\/product\/10405","targetHints":{"allow":["GET"]}}],"collection":[{"href":"https:\/\/opremazakampiranje.si\/en\/wp-json\/wp\/v2\/product"}],"about":[{"href":"https:\/\/opremazakampiranje.si\/en\/wp-json\/wp\/v2\/types\/product"}],"replies":[{"embeddable":true,"href":"https:\/\/opremazakampiranje.si\/en\/wp-json\/wp\/v2\/comments?post=10405"}],"version-history":[{"count":7,"href":"https:\/\/opremazakampiranje.si\/en\/wp-json\/wp\/v2\/product\/10405\/revisions"}],"predecessor-version":[{"id":10418,"href":"https:\/\/opremazakampiranje.si\/en\/wp-json\/wp\/v2\/product\/10405\/revisions\/10418"}],"wp:featuredmedia":[{"embeddable":true,"href":"https:\/\/opremazakampiranje.si\/en\/wp-json\/wp\/v2\/media\/10407"}],"wp:attachment":[{"href":"https:\/\/opremazakampiranje.si\/en\/wp-json\/wp\/v2\/media?parent=10405"}],"wp:term":[{"taxonomy":"product_cat","embeddable":true,"href":"https:\/\/opremazakampiranje.si\/en\/wp-json\/wp\/v2\/product_cat?post=10405"},{"taxonomy":"product_tag","embeddable":true,"href":"https:\/\/opremazakampiranje.si\/en\/wp-json\/wp\/v2\/product_tag?post=10405"}],"curies":[{"name":"wp","href":"https:\/\/api.w.org\/{rel}","templated":true}]}}