{"id":10330,"date":"2024-08-26T12:10:40","date_gmt":"2024-08-26T11:10:40","guid":{"rendered":"https:\/\/opremazakampiranje.si\/?post_type=product&#038;p=10330"},"modified":"2024-08-26T13:21:05","modified_gmt":"2024-08-26T12:21:05","slug":"ultimatron-lifepo4-litijeva-baterija-12-8v-100ah","status":"publish","type":"product","link":"https:\/\/opremazakampiranje.si\/en\/izdelek\/ultimatron-lifepo4-litijeva-baterija-12-8v-100ah\/","title":{"rendered":"Ultimatron LiFePO4 Litijeva baterija 12.8V, 100Ah"},"content":{"rendered":"\t\t<div data-elementor-type=\"wp-post\" data-elementor-id=\"10330\" class=\"elementor elementor-10330\">\n\t\t\t\t<div class=\"elementor-element elementor-element-4010cbf e-flex e-con-boxed e-con e-parent\" data-id=\"4010cbf\" data-element_type=\"container\">\n\t\t\t\t\t<div class=\"e-con-inner\">\n\t\t\t\t<div class=\"elementor-element elementor-element-790afde elementor-widget elementor-widget-wd_text_block\" data-id=\"790afde\" data-element_type=\"widget\" data-widget_type=\"wd_text_block.default\">\n\t\t\t\t<div class=\"elementor-widget-container\">\n\t\t\t\t\t<div class=\"wd-text-block reset-last-child text-left\">\n\t\t\t\n\t\t\t<div><div><div><h2><strong>Ultimatron LiFePO4 - zanesljivost, varnost in dolga \u017eivljenjska doba<\/strong><\/h2><\/div><\/div><\/div><div><div><div><div dir=\"auto\" data-message-author-role=\"assistant\" data-message-id=\"3e6c505b-c1eb-4442-b134-bb246cb2e513\"><div><div><p>Ultimatron litij-\u017eelezov fosfat (LiFePO4) baterije so odli\u010dna izbira v primerjavi z obi\u010dajnimi baterijami. Njihove glavne prednosti vklju\u010dujejo varnost, dolgo \u017eivljenjsko dobo in zanesljivo delovanje tudi v zahtevnih pogojih. Ultimatron LiFePO4 Litijeva baterija 12.8V 100Ah vam nudi dolgotrajnost in zanesljivost. <\/p><h3><strong>Glavne prednosti:<\/strong><\/h3><ol><li><p>S 5-letno garancijo proizvajalca.<\/p><\/li><li><p>Tehnologija LiFePO4 je izjemno varna za uporabo.<\/p><\/li><li><p>Baterije imajo dolgo \u017eivljenjsko dobo tudi pri velikih obremenitvah. Ni vam treba skrbeti, da bi baterijo napolnili do konca ali jo izpraznili do popolnosti \u2013 vedno ostaja mo\u010dna in stabilna.<\/p><\/li><li><p>Baterije so majhne in lahke, kar olaj\u0161a njihovo prena\u0161anje in uporabo v razli\u010dnih napravah.<\/p><\/li><li><p>Vgrajeni sistem za upravljanje baterij (BMS) deluje kot pametni pomo\u010dnik, ki nadzira delovanje baterije, skrbi za optimalno polnjenje in praznjenje ter prepre\u010duje pregrevanje. To zagotavlja dalj\u0161o \u017eivljenjsko dobo in bolj\u0161e delovanje baterije.<\/p><\/li><li><p><strong>Bluetooth - <\/strong>S funkcijo bluetooth lahko spremljate pomembne podatke o bateriji neposredno na svojem telefonu ali tablici preko posebne aplikacije. Tako imate vedno na voljo aktualne informacije o stanju baterije.<\/p><\/li><\/ol><h3><strong>Zakaj izbrati Ultimatron LiFePO4 baterijo?<\/strong><\/h3><\/div><\/div><\/div><\/div><\/div><\/div><h2 style=\"border-style: solid; border-color: #e3e3e3; --tw-border-spacing-x: 0; --tw-border-spacing-y: 0; --tw-translate-x: 0; --tw-translate-y: 0; --tw-rotate: 0; --tw-skew-x: 0; --tw-skew-y: 0; --tw-scale-x: 1; --tw-scale-y: 1; --tw-scroll-snap-strictness: proximity; --tw-ring-offset-width: 0px; --tw-ring-offset-color: #fff; --tw-ring-color: rgba(69,89,164,.5); --tw-ring-offset-shadow: 0 0 transparent; --tw-ring-shadow: 0 0 transparent; --tw-shadow: 0 0 transparent; --tw-shadow-colored: 0 0 transparent; margin-bottom: 1.25em; color: #0d0d0d; font-family: ui-sans-serif, -apple-system, system-ui, 'Segoe UI', Roboto, Ubuntu, Cantarell, 'Noto Sans', sans-serif, Helvetica, 'Apple Color Emoji', Arial, 'Segoe UI Emoji', 'Segoe UI Symbol'; font-size: 16px; font-style: normal; font-variant-ligatures: normal; font-variant-caps: normal; font-weight: 400;\">Ker zagotavljajo varno, zanesljivo in dolgoro\u010dno re\u0161itev za vse va\u0161e potrebe po energiji, bodisi za mobilne naprave, solarne sisteme, avtiodome, elektri\u010dna vozila ali druge naprave. Z njihovo pomo\u010djo boste imeli energijo tudi takrat, ko jo najbolj potrebujete.<\/h2><h2 style=\"border-style: solid; border-color: #e3e3e3; --tw-border-spacing-x: 0; --tw-border-spacing-y: 0; --tw-translate-x: 0; --tw-translate-y: 0; --tw-rotate: 0; --tw-skew-x: 0; --tw-skew-y: 0; --tw-scale-x: 1; --tw-scale-y: 1; --tw-scroll-snap-strictness: proximity; --tw-ring-offset-width: 0px; --tw-ring-offset-color: #fff; --tw-ring-color: rgba(69,89,164,.5); --tw-ring-offset-shadow: 0 0 transparent; --tw-ring-shadow: 0 0 transparent; --tw-shadow: 0 0 transparent; --tw-shadow-colored: 0 0 transparent; margin-bottom: 1.25em; color: #0d0d0d; font-family: ui-sans-serif, -apple-system, system-ui, 'Segoe UI', Roboto, Ubuntu, Cantarell, 'Noto Sans', sans-serif, Helvetica, 'Apple Color Emoji', Arial, 'Segoe UI Emoji', 'Segoe UI Symbol'; font-size: 16px; font-style: normal; font-variant-ligatures: normal; font-variant-caps: normal; font-weight: 400;\"><strong><span style=\"color: var(--wd-title-color); font-family: var(--wd-title-font); font-size: 22px; font-style: var(--wd-title-font-style); text-transform: var(--wd-title-transform); text-align: var(--text-align); background-color: var(--wd-main-bgcolor);\">Tehni\u010dne specifikacije:<\/span><\/strong><\/h2><ul><li><strong>Model: ULS-12-100<\/strong><\/li><li><u>Elektri\u010dna zmogljivost:<\/u><\/li><li>Nazivna napetost : 12.8 V<\/li><li>Nazivna zmogljivost :100 Ah<\/li><li>Kapaciteta @ 20A: 300min<\/li><li>Energija : 1280 Wh<\/li><li>Upor : \u226425 m\u03a9 @ 50% SOC<\/li><li>Samopraznjenje : &lt;3% \/ mesec<\/li><li>Celice : 32700 celic 3.2V6Ah<\/li><li><u>Polnilna mo\u010d:<\/u><\/li><li>Priporo\u010deni tok polnjenja : 30A<\/li><li>Najve\u010dji tok polnjenja : 50A<\/li><li>Priporo\u010dena napetost polnjenja : 14.6V<\/li><li>Izklopna napetost : &lt;15.2 V (0,5 ~ 1,5 s)<\/li><li>Napetost ponovne povezave : &gt;14.4 V<\/li><li>Izena\u010devanje napetosti : &lt;14 V<\/li><li>Maksimalno \u0161tevilo baterij v seriji: 4<\/li><li><u>Zmogljivost praznenja:<\/u><\/li><li>Trajni tok praznjenja: 50A<\/li><li>Najve\u010dji trajni tok praznjenja: 150A<\/li><li>Najvi\u0161ji izpustni tok: 450 A<\/li><li>Priporo\u010den nizkonapetostni izklop: 10 V<\/li><li>Izklopna napetost praznjenja: &gt;8,4 V (50 ~ 150 ms)<\/li><li>Ponovno priklopna napetost : &gt;10 V<\/li><li>Za\u0161\u010dita kratkega stika : 200 ~ 600 \u03bcs<\/li><li>Mehanski podatki:<\/li><li>Velikost (L x W x H) : 355 x 175 x 188 mm<\/li><li>Te\u017ea : 12,6 kg<\/li><li>Tip terminala : M8<\/li><li>Terminalski navor : 80 ~ 100 in-lbs (9 ~ 11 N-m)<\/li><li>Ohi\u0161je : ABS<\/li><li>Za\u0161\u010dita ohi\u0161ja : IP65<\/li><li>Bluetooth : Bluetooth 4.0 z aplikacijo za pametni telefon<\/li><li>Temperatura:<\/li><li>Temperatura izpusta : -20 ~ 60 \u00baC<\/li><li>Temperatura polnjenja : 0 ~ 45 \u00baC<\/li><li>Temperatura shranjevanja : -5 ~ 35 \u00baC<\/li><li>Visokotemperaturna zaustavitev : 65 \u00baC<\/li><li>Temperatura priklopa : 48 \u00baC<\/li><li>Cartifikati: CE , UN38.3 , UL1642 &amp; IEC62133<\/li><li><strong>Garancija: 5 let<\/strong><\/li><\/ul>\n\t\t\t\t\t<\/div>\n\t\t\t\t<\/div>\n\t\t\t\t<\/div>\n\t\t\t\t\t<\/div>\n\t\t\t\t<\/div>\n\t\t\t\t<\/div>\n\t\t","protected":false},"excerpt":{"rendered":"<ul>\n<li style=\"font-weight: 400;\"><strong>Podsede\u017ena baterija z bluetooth-om<\/strong><\/li>\n<li style=\"font-weight: 400;\"><strong>5-letna garancija<\/strong><\/li>\n<li style=\"font-weight: 400;\"><strong>Prizmati\u010dna baterijska celica razreda A<\/strong><\/li>\n<li style=\"font-weight: 400;\"><strong>Aplikacija na voljo na Apple Store in Google Play<\/strong><\/li>\n<li style=\"font-weight: 400;\"><strong>Dimenzije: 355 x 175 x 188 mm<\/strong><\/li>\n<\/ul>\n","protected":false},"featured_media":10332,"comment_status":"closed","ping_status":"closed","template":"","meta":[],"product_cat":[83],"product_tag":[119,118,116,123,117],"class_list":{"0":"post-10330","1":"product","2":"type-product","3":"status-publish","4":"has-post-thumbnail","6":"product_cat-lifepo-akumulatorji","7":"product_tag-avtodom","8":"product_tag-energija","9":"product_tag-litijeva-baterija","10":"product_tag-nautika","11":"product_tag-ultimatron","13":"first","14":"onbackorder","15":"taxable","16":"shipping-taxable","17":"purchasable","18":"product-type-simple"},"yoast_head":"<!-- This site is optimized with the Yoast SEO plugin v23.9 - https:\/\/yoast.com\/wordpress\/plugins\/seo\/ -->\n<title>Ultimatron LiFePO4 Litijeva baterija 12.8V, 100Ah - Oprema za kampiranje<\/title>\n<meta name=\"description\" content=\"Ultimatron LiFePO4 Litijeva baterija 12.8V 100Ah nudi zanesljivost in dolgotrajnost za vse va\u0161e energetske potrebe. Vrhunska zmogljivost in varnost.\" \/>\n<meta name=\"robots\" content=\"index, follow, max-snippet:-1, max-image-preview:large, max-video-preview:-1\" \/>\n<link rel=\"canonical\" href=\"https:\/\/opremazakampiranje.si\/en\/izdelek\/ultimatron-lifepo4-litijeva-baterija-12-8v-100ah\/\" \/>\n<meta property=\"og:locale\" content=\"en_US\" \/>\n<meta property=\"og:type\" content=\"article\" \/>\n<meta property=\"og:title\" content=\"Ultimatron LiFePO4 Litijeva baterija 12.8V, 100Ah - Oprema za kampiranje\" \/>\n<meta property=\"og:description\" content=\"Ultimatron LiFePO4 Litijeva baterija 12.8V 100Ah nudi zanesljivost in dolgotrajnost za vse va\u0161e energetske potrebe. Vrhunska zmogljivost in varnost.\" \/>\n<meta property=\"og:url\" content=\"https:\/\/opremazakampiranje.si\/en\/izdelek\/ultimatron-lifepo4-litijeva-baterija-12-8v-100ah\/\" \/>\n<meta property=\"og:site_name\" content=\"Oprema za kampiranje\" \/>\n<meta property=\"article:modified_time\" content=\"2024-08-26T12:21:05+00:00\" \/>\n<meta property=\"og:image\" content=\"https:\/\/opremazakampiranje.si\/wp-content\/uploads\/2024\/08\/Ultimatron-litijeva-baterija-12.8V-100Ah-LiFePO4-ULS-12-100.jpg\" \/>\n\t<meta property=\"og:image:width\" content=\"800\" \/>\n\t<meta property=\"og:image:height\" content=\"800\" \/>\n\t<meta property=\"og:image:type\" content=\"image\/jpeg\" \/>\n<meta name=\"twitter:card\" content=\"summary_large_image\" \/>\n<meta name=\"twitter:label1\" content=\"Est. reading time\" \/>\n\t<meta name=\"twitter:data1\" content=\"3 minutes\" \/>\n<script type=\"application\/ld+json\" class=\"yoast-schema-graph\">{\"@context\":\"https:\/\/schema.org\",\"@graph\":[{\"@type\":\"WebPage\",\"@id\":\"https:\/\/opremazakampiranje.si\/en\/izdelek\/ultimatron-lifepo4-litijeva-baterija-12-8v-100ah\/\",\"url\":\"https:\/\/opremazakampiranje.si\/en\/izdelek\/ultimatron-lifepo4-litijeva-baterija-12-8v-100ah\/\",\"name\":\"Ultimatron LiFePO4 Litijeva baterija 12.8V, 100Ah - Oprema za kampiranje\",\"isPartOf\":{\"@id\":\"https:\/\/opremazakampiranje.si\/en\/#website\"},\"primaryImageOfPage\":{\"@id\":\"https:\/\/opremazakampiranje.si\/en\/izdelek\/ultimatron-lifepo4-litijeva-baterija-12-8v-100ah\/#primaryimage\"},\"image\":{\"@id\":\"https:\/\/opremazakampiranje.si\/en\/izdelek\/ultimatron-lifepo4-litijeva-baterija-12-8v-100ah\/#primaryimage\"},\"thumbnailUrl\":\"https:\/\/opremazakampiranje.si\/wp-content\/uploads\/2024\/08\/Ultimatron-litijeva-baterija-12.8V-100Ah-LiFePO4-ULS-12-100.jpg\",\"datePublished\":\"2024-08-26T11:10:40+00:00\",\"dateModified\":\"2024-08-26T12:21:05+00:00\",\"description\":\"Ultimatron LiFePO4 Litijeva baterija 12.8V 100Ah nudi zanesljivost in dolgotrajnost za vse va\u0161e energetske potrebe. Vrhunska zmogljivost in varnost.\",\"breadcrumb\":{\"@id\":\"https:\/\/opremazakampiranje.si\/en\/izdelek\/ultimatron-lifepo4-litijeva-baterija-12-8v-100ah\/#breadcrumb\"},\"inLanguage\":\"en-US\",\"potentialAction\":[{\"@type\":\"ReadAction\",\"target\":[\"https:\/\/opremazakampiranje.si\/en\/izdelek\/ultimatron-lifepo4-litijeva-baterija-12-8v-100ah\/\"]}]},{\"@type\":\"ImageObject\",\"inLanguage\":\"en-US\",\"@id\":\"https:\/\/opremazakampiranje.si\/en\/izdelek\/ultimatron-lifepo4-litijeva-baterija-12-8v-100ah\/#primaryimage\",\"url\":\"https:\/\/opremazakampiranje.si\/wp-content\/uploads\/2024\/08\/Ultimatron-litijeva-baterija-12.8V-100Ah-LiFePO4-ULS-12-100.jpg\",\"contentUrl\":\"https:\/\/opremazakampiranje.si\/wp-content\/uploads\/2024\/08\/Ultimatron-litijeva-baterija-12.8V-100Ah-LiFePO4-ULS-12-100.jpg\",\"width\":800,\"height\":800,\"caption\":\"litijeva baterija ULS-12-100 z bluetooth povezavo Ultimatron\"},{\"@type\":\"BreadcrumbList\",\"@id\":\"https:\/\/opremazakampiranje.si\/en\/izdelek\/ultimatron-lifepo4-litijeva-baterija-12-8v-100ah\/#breadcrumb\",\"itemListElement\":[{\"@type\":\"ListItem\",\"position\":1,\"name\":\"Home\",\"item\":\"https:\/\/opremazakampiranje.si\/en\/\"},{\"@type\":\"ListItem\",\"position\":2,\"name\":\"Trgovina\",\"item\":\"https:\/\/opremazakampiranje.si\/trgovina\/\"},{\"@type\":\"ListItem\",\"position\":3,\"name\":\"Ultimatron LiFePO4 Litijeva baterija 12.8V, 100Ah\"}]},{\"@type\":\"WebSite\",\"@id\":\"https:\/\/opremazakampiranje.si\/en\/#website\",\"url\":\"https:\/\/opremazakampiranje.si\/en\/\",\"name\":\"Oprema za kampiranje\",\"description\":\"\",\"potentialAction\":[{\"@type\":\"SearchAction\",\"target\":{\"@type\":\"EntryPoint\",\"urlTemplate\":\"https:\/\/opremazakampiranje.si\/en\/?s={search_term_string}\"},\"query-input\":{\"@type\":\"PropertyValueSpecification\",\"valueRequired\":true,\"valueName\":\"search_term_string\"}}],\"inLanguage\":\"en-US\"}]}<\/script>\n<!-- \/ Yoast SEO plugin. -->","yoast_head_json":{"title":"Ultimatron LiFePO4 Litijeva baterija 12.8V, 100Ah - Oprema za kampiranje","description":"Ultimatron LiFePO4 Litijeva baterija 12.8V 100Ah nudi zanesljivost in dolgotrajnost za vse va\u0161e energetske potrebe. Vrhunska zmogljivost in varnost.","robots":{"index":"index","follow":"follow","max-snippet":"max-snippet:-1","max-image-preview":"max-image-preview:large","max-video-preview":"max-video-preview:-1"},"canonical":"https:\/\/opremazakampiranje.si\/en\/izdelek\/ultimatron-lifepo4-litijeva-baterija-12-8v-100ah\/","og_locale":"en_US","og_type":"article","og_title":"Ultimatron LiFePO4 Litijeva baterija 12.8V, 100Ah - Oprema za kampiranje","og_description":"Ultimatron LiFePO4 Litijeva baterija 12.8V 100Ah nudi zanesljivost in dolgotrajnost za vse va\u0161e energetske potrebe. Vrhunska zmogljivost in varnost.","og_url":"https:\/\/opremazakampiranje.si\/en\/izdelek\/ultimatron-lifepo4-litijeva-baterija-12-8v-100ah\/","og_site_name":"Oprema za kampiranje","article_modified_time":"2024-08-26T12:21:05+00:00","og_image":[{"width":800,"height":800,"url":"https:\/\/opremazakampiranje.si\/wp-content\/uploads\/2024\/08\/Ultimatron-litijeva-baterija-12.8V-100Ah-LiFePO4-ULS-12-100.jpg","type":"image\/jpeg"}],"twitter_card":"summary_large_image","twitter_misc":{"Est. reading time":"3 minutes"},"schema":{"@context":"https:\/\/schema.org","@graph":[{"@type":"WebPage","@id":"https:\/\/opremazakampiranje.si\/en\/izdelek\/ultimatron-lifepo4-litijeva-baterija-12-8v-100ah\/","url":"https:\/\/opremazakampiranje.si\/en\/izdelek\/ultimatron-lifepo4-litijeva-baterija-12-8v-100ah\/","name":"Ultimatron LiFePO4 Litijeva baterija 12.8V, 100Ah - Oprema za kampiranje","isPartOf":{"@id":"https:\/\/opremazakampiranje.si\/en\/#website"},"primaryImageOfPage":{"@id":"https:\/\/opremazakampiranje.si\/en\/izdelek\/ultimatron-lifepo4-litijeva-baterija-12-8v-100ah\/#primaryimage"},"image":{"@id":"https:\/\/opremazakampiranje.si\/en\/izdelek\/ultimatron-lifepo4-litijeva-baterija-12-8v-100ah\/#primaryimage"},"thumbnailUrl":"https:\/\/opremazakampiranje.si\/wp-content\/uploads\/2024\/08\/Ultimatron-litijeva-baterija-12.8V-100Ah-LiFePO4-ULS-12-100.jpg","datePublished":"2024-08-26T11:10:40+00:00","dateModified":"2024-08-26T12:21:05+00:00","description":"Ultimatron LiFePO4 Litijeva baterija 12.8V 100Ah nudi zanesljivost in dolgotrajnost za vse va\u0161e energetske potrebe. Vrhunska zmogljivost in varnost.","breadcrumb":{"@id":"https:\/\/opremazakampiranje.si\/en\/izdelek\/ultimatron-lifepo4-litijeva-baterija-12-8v-100ah\/#breadcrumb"},"inLanguage":"en-US","potentialAction":[{"@type":"ReadAction","target":["https:\/\/opremazakampiranje.si\/en\/izdelek\/ultimatron-lifepo4-litijeva-baterija-12-8v-100ah\/"]}]},{"@type":"ImageObject","inLanguage":"en-US","@id":"https:\/\/opremazakampiranje.si\/en\/izdelek\/ultimatron-lifepo4-litijeva-baterija-12-8v-100ah\/#primaryimage","url":"https:\/\/opremazakampiranje.si\/wp-content\/uploads\/2024\/08\/Ultimatron-litijeva-baterija-12.8V-100Ah-LiFePO4-ULS-12-100.jpg","contentUrl":"https:\/\/opremazakampiranje.si\/wp-content\/uploads\/2024\/08\/Ultimatron-litijeva-baterija-12.8V-100Ah-LiFePO4-ULS-12-100.jpg","width":800,"height":800,"caption":"litijeva baterija ULS-12-100 z bluetooth povezavo Ultimatron"},{"@type":"BreadcrumbList","@id":"https:\/\/opremazakampiranje.si\/en\/izdelek\/ultimatron-lifepo4-litijeva-baterija-12-8v-100ah\/#breadcrumb","itemListElement":[{"@type":"ListItem","position":1,"name":"Home","item":"https:\/\/opremazakampiranje.si\/en\/"},{"@type":"ListItem","position":2,"name":"Trgovina","item":"https:\/\/opremazakampiranje.si\/trgovina\/"},{"@type":"ListItem","position":3,"name":"Ultimatron LiFePO4 Litijeva baterija 12.8V, 100Ah"}]},{"@type":"WebSite","@id":"https:\/\/opremazakampiranje.si\/en\/#website","url":"https:\/\/opremazakampiranje.si\/en\/","name":"Oprema za kampiranje","description":"","potentialAction":[{"@type":"SearchAction","target":{"@type":"EntryPoint","urlTemplate":"https:\/\/opremazakampiranje.si\/en\/?s={search_term_string}"},"query-input":{"@type":"PropertyValueSpecification","valueRequired":true,"valueName":"search_term_string"}}],"inLanguage":"en-US"}]}},"_links":{"self":[{"href":"https:\/\/opremazakampiranje.si\/en\/wp-json\/wp\/v2\/product\/10330","targetHints":{"allow":["GET"]}}],"collection":[{"href":"https:\/\/opremazakampiranje.si\/en\/wp-json\/wp\/v2\/product"}],"about":[{"href":"https:\/\/opremazakampiranje.si\/en\/wp-json\/wp\/v2\/types\/product"}],"replies":[{"embeddable":true,"href":"https:\/\/opremazakampiranje.si\/en\/wp-json\/wp\/v2\/comments?post=10330"}],"version-history":[{"count":10,"href":"https:\/\/opremazakampiranje.si\/en\/wp-json\/wp\/v2\/product\/10330\/revisions"}],"predecessor-version":[{"id":10377,"href":"https:\/\/opremazakampiranje.si\/en\/wp-json\/wp\/v2\/product\/10330\/revisions\/10377"}],"wp:featuredmedia":[{"embeddable":true,"href":"https:\/\/opremazakampiranje.si\/en\/wp-json\/wp\/v2\/media\/10332"}],"wp:attachment":[{"href":"https:\/\/opremazakampiranje.si\/en\/wp-json\/wp\/v2\/media?parent=10330"}],"wp:term":[{"taxonomy":"product_cat","embeddable":true,"href":"https:\/\/opremazakampiranje.si\/en\/wp-json\/wp\/v2\/product_cat?post=10330"},{"taxonomy":"product_tag","embeddable":true,"href":"https:\/\/opremazakampiranje.si\/en\/wp-json\/wp\/v2\/product_tag?post=10330"}],"curies":[{"name":"wp","href":"https:\/\/api.w.org\/{rel}","templated":true}]}}