{"id":10302,"date":"2024-08-26T10:50:31","date_gmt":"2024-08-26T09:50:31","guid":{"rendered":"https:\/\/opremazakampiranje.si\/?post_type=product&#038;p=10302"},"modified":"2024-08-30T10:15:49","modified_gmt":"2024-08-30T09:15:49","slug":"ultimatron-lifepo4-litijeva-baterija-12-8v-200ah","status":"publish","type":"product","link":"https:\/\/opremazakampiranje.si\/en\/izdelek\/ultimatron-lifepo4-litijeva-baterija-12-8v-200ah\/","title":{"rendered":"Ultimatron LiFePO4 Litijeva baterija 12.8V 200Ah"},"content":{"rendered":"\t\t<div data-elementor-type=\"wp-post\" data-elementor-id=\"10302\" class=\"elementor elementor-10302\">\n\t\t\t\t<div class=\"elementor-element elementor-element-4010cbf e-flex e-con-boxed e-con e-parent\" data-id=\"4010cbf\" data-element_type=\"container\">\n\t\t\t\t\t<div class=\"e-con-inner\">\n\t\t\t\t<div class=\"elementor-element elementor-element-790afde elementor-widget elementor-widget-wd_text_block\" data-id=\"790afde\" data-element_type=\"widget\" data-widget_type=\"wd_text_block.default\">\n\t\t\t\t<div class=\"elementor-widget-container\">\n\t\t\t\t\t<div class=\"wd-text-block reset-last-child text-left\">\n\t\t\t\n\t\t\t<h2 style=\"border-style: solid; border-color: #e3e3e3; --tw-border-spacing-x: 0; --tw-border-spacing-y: 0; --tw-translate-x: 0; --tw-translate-y: 0; --tw-rotate: 0; --tw-skew-x: 0; --tw-skew-y: 0; --tw-scale-x: 1; --tw-scale-y: 1; --tw-scroll-snap-strictness: proximity; --tw-ring-offset-width: 0px; --tw-ring-offset-color: #fff; --tw-ring-color: rgba(69,89,164,.5); --tw-ring-offset-shadow: 0 0 transparent; --tw-ring-shadow: 0 0 transparent; --tw-shadow: 0 0 transparent; --tw-shadow-colored: 0 0 transparent; margin-bottom: 1.25em; color: #0d0d0d; font-family: ui-sans-serif, -apple-system, system-ui, 'Segoe UI', Roboto, Ubuntu, Cantarell, 'Noto Sans', sans-serif, Helvetica, 'Apple Color Emoji', Arial, 'Segoe UI Emoji', 'Segoe UI Symbol'; font-size: 16px; font-style: normal; font-variant-ligatures: normal; font-variant-caps: normal; font-weight: 400;\"><span style=\"border-style: solid; border-color: #e3e3e3; --tw-border-spacing-x: 0; --tw-border-spacing-y: 0; --tw-translate-x: 0; --tw-translate-y: 0; --tw-rotate: 0; --tw-skew-x: 0; --tw-skew-y: 0; --tw-scale-x: 1; --tw-scale-y: 1; --tw-scroll-snap-strictness: proximity; --tw-ring-offset-width: 0px; --tw-ring-offset-color: #fff; --tw-ring-color: rgba(69,89,164,.5); --tw-ring-offset-shadow: 0 0 transparent; --tw-ring-shadow: 0 0 transparent; --tw-shadow: 0 0 transparent; --tw-shadow-colored: 0 0 transparent; font-weight: 600; color: var(--tw-prose-bold);\">Ultimatron LiFePO4 12.8V 200Ah litijeva baterija<\/span><\/h2><p style=\"border-style: solid; border-color: #e3e3e3; --tw-border-spacing-x: 0; --tw-border-spacing-y: 0; --tw-translate-x: 0; --tw-translate-y: 0; --tw-rotate: 0; --tw-skew-x: 0; --tw-skew-y: 0; --tw-scale-x: 1; --tw-scale-y: 1; --tw-scroll-snap-strictness: proximity; --tw-ring-offset-width: 0px; --tw-ring-offset-color: #fff; --tw-ring-color: rgba(69,89,164,.5); --tw-ring-offset-shadow: 0 0 transparent; --tw-ring-shadow: 0 0 transparent; --tw-shadow: 0 0 transparent; --tw-shadow-colored: 0 0 transparent; margin-top: 1.25em; margin-bottom: 1.25em; color: #0d0d0d; font-family: ui-sans-serif, -apple-system, system-ui, 'Segoe UI', Roboto, Ubuntu, Cantarell, 'Noto Sans', sans-serif, Helvetica, 'Apple Color Emoji', Arial, 'Segoe UI Emoji', 'Segoe UI Symbol'; font-size: 16px; font-style: normal; font-variant-ligatures: normal; font-variant-caps: normal; font-weight: 400;\">Ultimatron LiFePO4 12.8V 200Ah litijeva baterija je <strong>popolna izbira za vse, ki potrebujejo zanesljiv in zmogljiv vir energije na poti ali na oddaljenih lokacijah.<\/strong> Ta baterija je idealna za navtiko, avtodome, ko\u010de in obmo\u010dja brez elektri\u010dnega omre\u017eja.<strong> Zahvaljujo\u010d svoji napredni tehnologiji LiFePO4, nudi dolgo \u017eivljenjsko dobo, visoko stabilnost in varnost, z zmanj\u0161anim tveganjem za eksplozije ali po\u017ear.<\/strong><\/p><p style=\"border-style: solid; border-color: #e3e3e3; --tw-border-spacing-x: 0; --tw-border-spacing-y: 0; --tw-translate-x: 0; --tw-translate-y: 0; --tw-rotate: 0; --tw-skew-x: 0; --tw-skew-y: 0; --tw-scale-x: 1; --tw-scale-y: 1; --tw-scroll-snap-strictness: proximity; --tw-ring-offset-width: 0px; --tw-ring-offset-color: #fff; --tw-ring-color: rgba(69,89,164,.5); --tw-ring-offset-shadow: 0 0 transparent; --tw-ring-shadow: 0 0 transparent; --tw-shadow: 0 0 transparent; --tw-shadow-colored: 0 0 transparent; margin-top: 1.25em; margin-bottom: 1.25em; color: #0d0d0d; font-family: ui-sans-serif, -apple-system, system-ui, 'Segoe UI', Roboto, Ubuntu, Cantarell, 'Noto Sans', sans-serif, Helvetica, 'Apple Color Emoji', Arial, 'Segoe UI Emoji', 'Segoe UI Symbol'; font-size: 16px; font-style: normal; font-variant-ligatures: normal; font-variant-caps: normal; font-weight: 400;\">Baterija vklju\u010duje integriran sistem za upravljanje (BMS), ki zagotavlja optimalno delovanje in za\u0161\u010dito pred prezgodnjimi okvarami zaradi okoljskih vplivov ali nepravilne uporabe. S 6.000 cikli pri 80% globini praznjenja in zmanj\u0161ano te\u017eo za ve\u010d kot polovico v primerjavi z AGM\/GEL baterijami, je ta litijeva baterija izjemno u\u010dinkovita in priro\u010dna za vsakodnevno uporabo.<\/p><p style=\"border-style: solid; border-color: #e3e3e3; --tw-border-spacing-x: 0; --tw-border-spacing-y: 0; --tw-translate-x: 0; --tw-translate-y: 0; --tw-rotate: 0; --tw-skew-x: 0; --tw-skew-y: 0; --tw-scale-x: 1; --tw-scale-y: 1; --tw-scroll-snap-strictness: proximity; --tw-ring-offset-width: 0px; --tw-ring-offset-color: #fff; --tw-ring-color: rgba(69,89,164,.5); --tw-ring-offset-shadow: 0 0 transparent; --tw-ring-shadow: 0 0 transparent; --tw-shadow: 0 0 transparent; --tw-shadow-colored: 0 0 transparent; margin-top: 1.25em; margin-bottom: 1.25em; color: #0d0d0d; font-family: ui-sans-serif, -apple-system, system-ui, 'Segoe UI', Roboto, Ubuntu, Cantarell, 'Noto Sans', sans-serif, Helvetica, 'Apple Color Emoji', Arial, 'Segoe UI Emoji', 'Segoe UI Symbol'; font-size: 16px; font-style: normal; font-variant-ligatures: normal; font-variant-caps: normal; font-weight: 400;\">Tehni\u010dne specifikacije vklju\u010dujejo nazivno napetost 12,8V, nazivno kapaciteto 200Ah, energijo 2560Wh, za\u0161\u010ditni razred IP65 in bluetooth spremljanje preko aplikacije za enostavno spremljanje stanja baterije.<\/p><h3><span style=\"color: #0d0d0d; font-family: ui-sans-serif, -apple-system, system-ui, 'Segoe UI', Roboto, Ubuntu, Cantarell, 'Noto Sans', sans-serif, Helvetica, 'Apple Color Emoji', Arial, 'Segoe UI Emoji', 'Segoe UI Symbol'; font-size: 16px; font-style: normal; font-variant-ligatures: normal; font-variant-caps: normal; font-weight: 400; text-align: var(--text-align); background-color: var(--bgcolor-white);\">Izberite Ultimatron LiFePO4 litijevo baterijo za zanesljiv in trajen vir energije, kjerkoli jo potrebujete.<\/span><\/h3><h3>Lastnosti<\/h3><ul><li>Varna tehnologija, z zmanj\u0161anim tveganjem za po\u017ear ali eksplozijo<\/li><li>Dolga \u017eivljenjska doba<\/li><li>Nenehno izbolj\u0161evanje zmogljivosti shranjevanja<\/li><li>Velika stabilnost tudi pod ekstremnimi obremenitvami<\/li><li>Ni potrebno izvajanje popolnih ciklov polnjenja in praznjenja<\/li><li>Visoka zmogljivost tudi v ekstremnih pogojih<\/li><li>Majhne dimenzije in lahek<\/li><li>Vgrajen sistem za upravljanje baterij (BMS)<\/li><\/ul><h3>Dodatni opis<\/h3><p>Omogo\u010da nadzor in polnjenje razli\u010dnih elementov baterije ter jo \u0161\u010diti pred prenapolnjenjem, previsoko<br \/>napetostjo in pregrevanjem.<br \/>Opomba: vzporedna povezava s serijami za uporabo pri 12 V, 24 V, 36 V, 48 V.<\/p><p>Vgrajen bluetooth 4.0 za nadzor<\/p><p>Vse pomembne podatke o bateriji imate vedno na svojem pametnem telefonu ali tabli\u010dnem ra\u010dunalniku.<br \/>Aplikacija prikazuje podatke v realnem \u010dasu.<\/p><p>LiFePO4 baterija Ultimatron 12.8V 200Ah je popolna zamenjava za AGM\/GEL baterijo brez spremembe prvotne strukture. Vklju\u010duje integriran sistem za upravljanje baterije (BMS). Vsaka zgodnja okvara zaradi vplivov okolja ali nepravilne uporabe je prepre\u010dena prezgodaj. Stabilna kemi\u010dna sestava - LiFePO4, brez plinov, brez nevarnosti eksplozije ali po\u017eara.<\/p><h3>Tehni\u010dne specifikacije:<\/h3><ul><li>Model: UBL-12-200-PRO;<\/li><li>Tip baterije: Litij \u017eelezov fosfat (LiFePO4);<\/li><li>Kapaciteta: 200Ah;<\/li><li>Nazivna napetost: 12,8V;<\/li><li>\u0160tevilo ciklov: &gt;6000 s 80% DOD (globina praznjenja);<\/li><li>Nazivna energija: 2.560 Wh;<\/li><li>Kapaciteta @20A: 600 min;<\/li><li>Najvi\u0161ja napetost polnjenja: 14,6V;<\/li><li>Idealni\/maksimalni polnilni tok: 60A\/100A;<\/li><li>Praznilni tok: 150A;<\/li><li>BMS: integriran z Bluetooth 4.0;<\/li><li>Najvi\u0161ji praznilni tok: 450A (200~500ms);<\/li><li>Obmo\u010dje delovanja napetosti: 10,0 - 14,6 V;<\/li><li>Delovna temperatura med praznjenjem: -20~75 \u00b0C;<\/li><li>Delovna temperatura med polnjenjem: 0~50 \u00b0C;<\/li><li>Temperatura shranjevanja: -5~35 \u2103;<\/li><li>Stopnja za\u0161\u010dite: IP65;<\/li><li>Priklju\u010dni terminali: \u0160estkotni vijak M8;<\/li><li>Dimenzije: 502x186xh243 mm;<\/li><li>Te\u017ea: 19,05 kg;<\/li><li>Garancija: 5 let.<\/li><\/ul>\n\t\t\t\t\t<\/div>\n\t\t\t\t<\/div>\n\t\t\t\t<\/div>\n\t\t\t\t\t<\/div>\n\t\t\t\t<\/div>\n\t\t\t\t<\/div>\n\t\t","protected":false},"excerpt":{"rendered":"<ul>\n<li>Popolna zamenjava AGM\/GEL baterije brez spremembe prvotne strukture<\/li>\n<li>\u017divljenjska doba pri 80% globini praznjenja (DoD) \u2265 6000 ciklov<\/li>\n<li>Zmanj\u0161anje te\u017ee za ve\u010d kot polovico v primerjavi z AGM\/GEL baterijo<\/li>\n<li>Visoka stabilnost tudi pod ekstremnimi obremenitvami<\/li>\n<\/ul>\n","protected":false},"featured_media":10588,"comment_status":"closed","ping_status":"closed","template":"","meta":[],"product_cat":[83],"product_tag":[119,118,116,123,117],"class_list":{"0":"post-10302","1":"product","2":"type-product","3":"status-publish","4":"has-post-thumbnail","6":"product_cat-lifepo-akumulatorji","7":"product_tag-avtodom","8":"product_tag-energija","9":"product_tag-litijeva-baterija","10":"product_tag-nautika","11":"product_tag-ultimatron","13":"first","14":"onbackorder","15":"taxable","16":"shipping-taxable","17":"purchasable","18":"product-type-simple"},"yoast_head":"<!-- This site is optimized with the Yoast SEO plugin v23.9 - https:\/\/yoast.com\/wordpress\/plugins\/seo\/ -->\n<title>Ultimatron LiFePO4 Litijeva baterija 12.8V 200Ah - Oprema za kampiranje<\/title>\n<meta name=\"description\" content=\"Ultimatron litijeva baterija nudi vrhunsko zanesljivost in dolgotrajnost za vse va\u0161e energetske potrebe. Vrhunska zmogljivost, varnost in u\u010dinkovitost...\" \/>\n<meta name=\"robots\" content=\"index, follow, max-snippet:-1, max-image-preview:large, max-video-preview:-1\" \/>\n<link rel=\"canonical\" href=\"https:\/\/opremazakampiranje.si\/en\/izdelek\/ultimatron-lifepo4-litijeva-baterija-12-8v-200ah\/\" \/>\n<meta property=\"og:locale\" content=\"en_US\" \/>\n<meta property=\"og:type\" content=\"article\" \/>\n<meta property=\"og:title\" content=\"Ultimatron LiFePO4 Litijeva baterija 12.8V 200Ah - Oprema za kampiranje\" \/>\n<meta property=\"og:description\" content=\"Ultimatron litijeva baterija nudi vrhunsko zanesljivost in dolgotrajnost za vse va\u0161e energetske potrebe. Vrhunska zmogljivost, varnost in u\u010dinkovitost...\" \/>\n<meta property=\"og:url\" content=\"https:\/\/opremazakampiranje.si\/en\/izdelek\/ultimatron-lifepo4-litijeva-baterija-12-8v-200ah\/\" \/>\n<meta property=\"og:site_name\" content=\"Oprema za kampiranje\" \/>\n<meta property=\"article:modified_time\" content=\"2024-08-30T09:15:49+00:00\" \/>\n<meta property=\"og:image\" content=\"https:\/\/opremazakampiranje.si\/wp-content\/uploads\/2024\/08\/Ultimatron-litijeva-baterija-12.8V-200Ah-LiFePO4-UBL-12-200-PRO-1.jpg\" \/>\n\t<meta property=\"og:image:width\" content=\"800\" \/>\n\t<meta property=\"og:image:height\" content=\"800\" \/>\n\t<meta property=\"og:image:type\" content=\"image\/jpeg\" \/>\n<meta name=\"twitter:card\" content=\"summary_large_image\" \/>\n<meta name=\"twitter:label1\" content=\"Est. reading time\" \/>\n\t<meta name=\"twitter:data1\" content=\"3 minutes\" \/>\n<script type=\"application\/ld+json\" class=\"yoast-schema-graph\">{\"@context\":\"https:\/\/schema.org\",\"@graph\":[{\"@type\":\"WebPage\",\"@id\":\"https:\/\/opremazakampiranje.si\/en\/izdelek\/ultimatron-lifepo4-litijeva-baterija-12-8v-200ah\/\",\"url\":\"https:\/\/opremazakampiranje.si\/en\/izdelek\/ultimatron-lifepo4-litijeva-baterija-12-8v-200ah\/\",\"name\":\"Ultimatron LiFePO4 Litijeva baterija 12.8V 200Ah - Oprema za kampiranje\",\"isPartOf\":{\"@id\":\"https:\/\/opremazakampiranje.si\/en\/#website\"},\"primaryImageOfPage\":{\"@id\":\"https:\/\/opremazakampiranje.si\/en\/izdelek\/ultimatron-lifepo4-litijeva-baterija-12-8v-200ah\/#primaryimage\"},\"image\":{\"@id\":\"https:\/\/opremazakampiranje.si\/en\/izdelek\/ultimatron-lifepo4-litijeva-baterija-12-8v-200ah\/#primaryimage\"},\"thumbnailUrl\":\"https:\/\/opremazakampiranje.si\/wp-content\/uploads\/2024\/08\/Ultimatron-litijeva-baterija-12.8V-200Ah-LiFePO4-UBL-12-200-PRO-1.jpg\",\"datePublished\":\"2024-08-26T09:50:31+00:00\",\"dateModified\":\"2024-08-30T09:15:49+00:00\",\"description\":\"Ultimatron litijeva baterija nudi vrhunsko zanesljivost in dolgotrajnost za vse va\u0161e energetske potrebe. Vrhunska zmogljivost, varnost in u\u010dinkovitost...\",\"breadcrumb\":{\"@id\":\"https:\/\/opremazakampiranje.si\/en\/izdelek\/ultimatron-lifepo4-litijeva-baterija-12-8v-200ah\/#breadcrumb\"},\"inLanguage\":\"en-US\",\"potentialAction\":[{\"@type\":\"ReadAction\",\"target\":[\"https:\/\/opremazakampiranje.si\/en\/izdelek\/ultimatron-lifepo4-litijeva-baterija-12-8v-200ah\/\"]}]},{\"@type\":\"ImageObject\",\"inLanguage\":\"en-US\",\"@id\":\"https:\/\/opremazakampiranje.si\/en\/izdelek\/ultimatron-lifepo4-litijeva-baterija-12-8v-200ah\/#primaryimage\",\"url\":\"https:\/\/opremazakampiranje.si\/wp-content\/uploads\/2024\/08\/Ultimatron-litijeva-baterija-12.8V-200Ah-LiFePO4-UBL-12-200-PRO-1.jpg\",\"contentUrl\":\"https:\/\/opremazakampiranje.si\/wp-content\/uploads\/2024\/08\/Ultimatron-litijeva-baterija-12.8V-200Ah-LiFePO4-UBL-12-200-PRO-1.jpg\",\"width\":800,\"height\":800,\"caption\":\"UBL-12-200PRO litijeva baterija 200Ah\"},{\"@type\":\"BreadcrumbList\",\"@id\":\"https:\/\/opremazakampiranje.si\/en\/izdelek\/ultimatron-lifepo4-litijeva-baterija-12-8v-200ah\/#breadcrumb\",\"itemListElement\":[{\"@type\":\"ListItem\",\"position\":1,\"name\":\"Home\",\"item\":\"https:\/\/opremazakampiranje.si\/en\/\"},{\"@type\":\"ListItem\",\"position\":2,\"name\":\"Trgovina\",\"item\":\"https:\/\/opremazakampiranje.si\/trgovina\/\"},{\"@type\":\"ListItem\",\"position\":3,\"name\":\"Ultimatron LiFePO4 Litijeva baterija 12.8V 200Ah\"}]},{\"@type\":\"WebSite\",\"@id\":\"https:\/\/opremazakampiranje.si\/en\/#website\",\"url\":\"https:\/\/opremazakampiranje.si\/en\/\",\"name\":\"Oprema za kampiranje\",\"description\":\"\",\"potentialAction\":[{\"@type\":\"SearchAction\",\"target\":{\"@type\":\"EntryPoint\",\"urlTemplate\":\"https:\/\/opremazakampiranje.si\/en\/?s={search_term_string}\"},\"query-input\":{\"@type\":\"PropertyValueSpecification\",\"valueRequired\":true,\"valueName\":\"search_term_string\"}}],\"inLanguage\":\"en-US\"}]}<\/script>\n<!-- \/ Yoast SEO plugin. -->","yoast_head_json":{"title":"Ultimatron LiFePO4 Litijeva baterija 12.8V 200Ah - Oprema za kampiranje","description":"Ultimatron litijeva baterija nudi vrhunsko zanesljivost in dolgotrajnost za vse va\u0161e energetske potrebe. Vrhunska zmogljivost, varnost in u\u010dinkovitost...","robots":{"index":"index","follow":"follow","max-snippet":"max-snippet:-1","max-image-preview":"max-image-preview:large","max-video-preview":"max-video-preview:-1"},"canonical":"https:\/\/opremazakampiranje.si\/en\/izdelek\/ultimatron-lifepo4-litijeva-baterija-12-8v-200ah\/","og_locale":"en_US","og_type":"article","og_title":"Ultimatron LiFePO4 Litijeva baterija 12.8V 200Ah - Oprema za kampiranje","og_description":"Ultimatron litijeva baterija nudi vrhunsko zanesljivost in dolgotrajnost za vse va\u0161e energetske potrebe. Vrhunska zmogljivost, varnost in u\u010dinkovitost...","og_url":"https:\/\/opremazakampiranje.si\/en\/izdelek\/ultimatron-lifepo4-litijeva-baterija-12-8v-200ah\/","og_site_name":"Oprema za kampiranje","article_modified_time":"2024-08-30T09:15:49+00:00","og_image":[{"width":800,"height":800,"url":"https:\/\/opremazakampiranje.si\/wp-content\/uploads\/2024\/08\/Ultimatron-litijeva-baterija-12.8V-200Ah-LiFePO4-UBL-12-200-PRO-1.jpg","type":"image\/jpeg"}],"twitter_card":"summary_large_image","twitter_misc":{"Est. reading time":"3 minutes"},"schema":{"@context":"https:\/\/schema.org","@graph":[{"@type":"WebPage","@id":"https:\/\/opremazakampiranje.si\/en\/izdelek\/ultimatron-lifepo4-litijeva-baterija-12-8v-200ah\/","url":"https:\/\/opremazakampiranje.si\/en\/izdelek\/ultimatron-lifepo4-litijeva-baterija-12-8v-200ah\/","name":"Ultimatron LiFePO4 Litijeva baterija 12.8V 200Ah - Oprema za kampiranje","isPartOf":{"@id":"https:\/\/opremazakampiranje.si\/en\/#website"},"primaryImageOfPage":{"@id":"https:\/\/opremazakampiranje.si\/en\/izdelek\/ultimatron-lifepo4-litijeva-baterija-12-8v-200ah\/#primaryimage"},"image":{"@id":"https:\/\/opremazakampiranje.si\/en\/izdelek\/ultimatron-lifepo4-litijeva-baterija-12-8v-200ah\/#primaryimage"},"thumbnailUrl":"https:\/\/opremazakampiranje.si\/wp-content\/uploads\/2024\/08\/Ultimatron-litijeva-baterija-12.8V-200Ah-LiFePO4-UBL-12-200-PRO-1.jpg","datePublished":"2024-08-26T09:50:31+00:00","dateModified":"2024-08-30T09:15:49+00:00","description":"Ultimatron litijeva baterija nudi vrhunsko zanesljivost in dolgotrajnost za vse va\u0161e energetske potrebe. Vrhunska zmogljivost, varnost in u\u010dinkovitost...","breadcrumb":{"@id":"https:\/\/opremazakampiranje.si\/en\/izdelek\/ultimatron-lifepo4-litijeva-baterija-12-8v-200ah\/#breadcrumb"},"inLanguage":"en-US","potentialAction":[{"@type":"ReadAction","target":["https:\/\/opremazakampiranje.si\/en\/izdelek\/ultimatron-lifepo4-litijeva-baterija-12-8v-200ah\/"]}]},{"@type":"ImageObject","inLanguage":"en-US","@id":"https:\/\/opremazakampiranje.si\/en\/izdelek\/ultimatron-lifepo4-litijeva-baterija-12-8v-200ah\/#primaryimage","url":"https:\/\/opremazakampiranje.si\/wp-content\/uploads\/2024\/08\/Ultimatron-litijeva-baterija-12.8V-200Ah-LiFePO4-UBL-12-200-PRO-1.jpg","contentUrl":"https:\/\/opremazakampiranje.si\/wp-content\/uploads\/2024\/08\/Ultimatron-litijeva-baterija-12.8V-200Ah-LiFePO4-UBL-12-200-PRO-1.jpg","width":800,"height":800,"caption":"UBL-12-200PRO litijeva baterija 200Ah"},{"@type":"BreadcrumbList","@id":"https:\/\/opremazakampiranje.si\/en\/izdelek\/ultimatron-lifepo4-litijeva-baterija-12-8v-200ah\/#breadcrumb","itemListElement":[{"@type":"ListItem","position":1,"name":"Home","item":"https:\/\/opremazakampiranje.si\/en\/"},{"@type":"ListItem","position":2,"name":"Trgovina","item":"https:\/\/opremazakampiranje.si\/trgovina\/"},{"@type":"ListItem","position":3,"name":"Ultimatron LiFePO4 Litijeva baterija 12.8V 200Ah"}]},{"@type":"WebSite","@id":"https:\/\/opremazakampiranje.si\/en\/#website","url":"https:\/\/opremazakampiranje.si\/en\/","name":"Oprema za kampiranje","description":"","potentialAction":[{"@type":"SearchAction","target":{"@type":"EntryPoint","urlTemplate":"https:\/\/opremazakampiranje.si\/en\/?s={search_term_string}"},"query-input":{"@type":"PropertyValueSpecification","valueRequired":true,"valueName":"search_term_string"}}],"inLanguage":"en-US"}]}},"_links":{"self":[{"href":"https:\/\/opremazakampiranje.si\/en\/wp-json\/wp\/v2\/product\/10302","targetHints":{"allow":["GET"]}}],"collection":[{"href":"https:\/\/opremazakampiranje.si\/en\/wp-json\/wp\/v2\/product"}],"about":[{"href":"https:\/\/opremazakampiranje.si\/en\/wp-json\/wp\/v2\/types\/product"}],"replies":[{"embeddable":true,"href":"https:\/\/opremazakampiranje.si\/en\/wp-json\/wp\/v2\/comments?post=10302"}],"version-history":[{"count":8,"href":"https:\/\/opremazakampiranje.si\/en\/wp-json\/wp\/v2\/product\/10302\/revisions"}],"predecessor-version":[{"id":10316,"href":"https:\/\/opremazakampiranje.si\/en\/wp-json\/wp\/v2\/product\/10302\/revisions\/10316"}],"wp:featuredmedia":[{"embeddable":true,"href":"https:\/\/opremazakampiranje.si\/en\/wp-json\/wp\/v2\/media\/10588"}],"wp:attachment":[{"href":"https:\/\/opremazakampiranje.si\/en\/wp-json\/wp\/v2\/media?parent=10302"}],"wp:term":[{"taxonomy":"product_cat","embeddable":true,"href":"https:\/\/opremazakampiranje.si\/en\/wp-json\/wp\/v2\/product_cat?post=10302"},{"taxonomy":"product_tag","embeddable":true,"href":"https:\/\/opremazakampiranje.si\/en\/wp-json\/wp\/v2\/product_tag?post=10302"}],"curies":[{"name":"wp","href":"https:\/\/api.w.org\/{rel}","templated":true}]}}